{"id":332273,"date":"2026-04-01T10:29:46","date_gmt":"2026-04-01T08:29:46","guid":{"rendered":"https:\/\/digalco.com\/tienda\/lenovo-t24d-10-24-led-1610-ricondizionato-1290x1200-it-5035\/"},"modified":"2026-04-01T10:30:11","modified_gmt":"2026-04-01T08:30:11","slug":"lenovo-t24d-10-24-led-1610-ricondizionato-1290x1200-it-5035","status":"publish","type":"product","link":"https:\/\/digalco.com\/it\/tienda\/lenovo-t24d-10-24-led-1610-ricondizionato-1290x1200-it-5035\/","title":{"rendered":"Lenovo T24d-10 24&#8221; Led 16:10 | Ricondizionato | 1290&#215;1200"},"content":{"rendered":"<p><strong>Schermo<\/strong><br \/>Led 24 &#8221; FullHD 16:10 \u00b7 Risoluzione 1290&#215;1200<br \/>Risposta 4 ms<br \/>Contrasto 1000:1<br \/>Luminosit\u00e0 300 cd\/m2<br \/>Angolo visione 178\u00b0v\/178\u00b0h<br \/><strong>Porte video<\/strong><br \/>VGA<br \/>HDMI<br \/>Display Port<br \/><strong>Schermo specifico<\/strong><br \/>Supporto VESA<br \/>Peana<br \/>Regolabile in altezza<br \/><strong>Dimensioni<\/strong><br \/>53.5x40x25 cm.<br \/><strong>Peso<\/strong><br \/>5.70 Kg.<br \/><strong>Specifiche aggiuntive<\/strong><br \/>Il Lenovo T24d-10 \u00e8 progettato per chi ha bisogno di qualcosa in pi\u00f9 rispetto a un monitor standard. Il suo formato 16:10 fa la differenza fin dal primo momento, offrendo maggiore altezza dello schermo e un ambiente di lavoro pi\u00f9 comodo ed efficiente. \u00c8 la scelta ideale per professionisti che gestiscono documenti, fogli di calcolo o pi\u00f9 finestre, cos\u00ec come per chi desidera ottimizzare il proprio spazio di lavoro con una visualizzazione pi\u00f9 completa.Il suo schermo LED da 24 pollici con risoluzione WUXGA 1920&#215;1200 offre un\u2019immagine nitida e dettagliata, superiore al classico Full HD, consentendo di visualizzare pi\u00f9 contenuti senza la necessit\u00e0 di scorrimenti continui. Con un tempo di risposta di 4 ms, luminosit\u00e0 di 300 cd\/m\u00b2 e un contrasto di 1000:1, offre prestazioni equilibrate sia nelle attivit\u00e0 d\u2019ufficio che nei contenuti multimediali. Gli ampi angoli di visione di 178\u00b0 garantiscono coerenza dei colori da qualsiasi posizione, mentre la connettivit\u00e0 completa con VGA, HDMI, DisplayPort e 4 porte USB 3.0 lo rendono un vero centro di lavoro.Il Lenovo T24d-10 non solo migliora la qualit\u00e0 dell\u2019immagine, ma aumenta anche la produttivit\u00e0 reale nella vita quotidiana. Pi\u00f9 spazio verticale, maggiore comfort visivo e una connettivit\u00e0 pensata per ambienti esigenti lo rendono un investimento intelligente. Un monitor professionale, versatile ed efficiente che si adatta a qualsiasi ritmo di lavoro e migliora l\u2019esperienza davanti allo schermo.Buon aspetto esterno. Pu\u00f2 presentare lievi segni di utilizzo sulla scocca. Se hai dubbi chiamaci o usa la nostra chat per ottenere ulteriori informazioni o richiedere pi\u00f9 dettagli.<br \/><strong>Commenti<\/strong><br \/><u>4x USB 3.0 &#8211; Cavo di alimentazione e VGA inclusi<\/u><\/p>\n","protected":false},"excerpt":{"rendered":"<p>Led 24 &#8221; FullHD 16:10 \u00b7 Risposta 4 ms \u00b7 Contrasto 1000:1 \u00b7 Luminosit\u00e0 300 cd\/m2 \u00b7 VGA \u00b7 HDMI \u00b7 Display Port \u00b7<br \/>\n<u>4x USB 3.0 &#8211; Cavo di alimentazione e VGA inclusi<\/u> [&#8230;]<\/p>\n<p><a class=\"btn btn-secondary understrap-read-more-link\" href=\"https:\/\/digalco.com\/it\/tienda\/lenovo-t24d-10-24-led-1610-ricondizionato-1290x1200-it-5035\/\">Leggi di pi\u00f9&#8230;<span class=\"screen-reader-text\"> from Lenovo T24d-10 24&#8221; Led 16:10 | Ricondizionato | 1290&#215;1200<\/span><\/a><\/p>\n","protected":false},"featured_media":332153,"template":"","meta":[],"product_brand":[3856],"product_cat":[3324,3215],"product_tag":[],"class_list":{"0":"post-332273","1":"product","2":"type-product","3":"status-publish","4":"has-post-thumbnail","6":"product_brand-lenovo","7":"product_cat-monitor-24-it","8":"product_cat-monitor-it","10":"first","11":"instock","12":"taxable","13":"shipping-taxable","14":"purchasable","15":"product-type-simple"},"bundled_by":[],"bundle_stock_status":"instock","bundle_stock_quantity":4,"bundle_virtual":false,"bundle_layout":"","bundle_add_to_cart_form_location":"","bundle_editable_in_cart":false,"bundle_sold_individually_context":"","bundle_item_grouping":"","bundle_min_size":"","bundle_max_size":"","bundle_price":[],"bundled_items":[],"bundle_sell_ids":[],"exclude_global_add_ons":true,"addons":{"webcam-upgrades":{"name":"Estensione Webcam","type":"multiple_choice","position":0,"required":false,"title_format":"heading","default":"","description_enable":false,"description":"","placeholder_enable":false,"placeholder":"","display":"radiobutton","restrictions_type":"any_text","adjust_price":false,"price":"","price_type":"quantity_based","restrictions":false,"min":"0","max":"0","options":[{"label":"Conceptronic AMDIS FullHD [AMP00085]","price":"29.0000","price_type":"quantity_based","image":0,"visibility":true}]},"hdmi-upgrades":{"name":"Estensione cavo","type":"multiple_choice","position":0,"required":false,"title_format":"heading","default":"","description_enable":false,"description":"","placeholder_enable":false,"placeholder":"","display":"radiobutton","restrictions_type":"any_text","adjust_price":false,"price":"","price_type":"quantity_based","restrictions":false,"min":"0","max":"0","options":[{"label":"HDMI cable 2 mts. [AMP00104]","price":"6.0000","price_type":"quantity_based","image":0,"visibility":true},{"label":"DisplayPort to DisplayPort cable 1,8 mts. [AMP00103]","price":"8.0000","price_type":"quantity_based","image":0,"visibility":true}]}},"df_price":90,"df_sale_price":"","df_regular_price":90,"df_image_link":"https:\/\/digalco.com\/wp-content\/uploads\/images\/product\/5035\/leno00445_01-300x225.jpg","_links":{"self":[{"href":"https:\/\/digalco.com\/it\/wp-json\/wp\/v2\/product\/332273","targetHints":{"allow":["GET"]}}],"collection":[{"href":"https:\/\/digalco.com\/it\/wp-json\/wp\/v2\/product"}],"about":[{"href":"https:\/\/digalco.com\/it\/wp-json\/wp\/v2\/types\/product"}],"wp:featuredmedia":[{"embeddable":true,"href":"https:\/\/digalco.com\/it\/wp-json\/wp\/v2\/media\/332153"}],"wp:attachment":[{"href":"https:\/\/digalco.com\/it\/wp-json\/wp\/v2\/media?parent=332273"}],"wp:term":[{"taxonomy":"product_brand","embeddable":true,"href":"https:\/\/digalco.com\/it\/wp-json\/wp\/v2\/product_brand?post=332273"},{"taxonomy":"product_cat","embeddable":true,"href":"https:\/\/digalco.com\/it\/wp-json\/wp\/v2\/product_cat?post=332273"},{"taxonomy":"product_tag","embeddable":true,"href":"https:\/\/digalco.com\/it\/wp-json\/wp\/v2\/product_tag?post=332273"}],"curies":[{"name":"wp","href":"https:\/\/api.w.org\/{rel}","templated":true}]}}