{"id":334105,"date":"2026-04-03T19:07:36","date_gmt":"2026-04-03T17:07:36","guid":{"rendered":"https:\/\/digalco.com\/tienda\/dell-p2422h-24-ips-169-ricondizionato-1920x1200-it-14817\/"},"modified":"2026-04-03T19:08:00","modified_gmt":"2026-04-03T17:08:00","slug":"dell-p2422h-24-ips-169-ricondizionato-1920x1200-it-14817","status":"publish","type":"product","link":"https:\/\/digalco.com\/it\/tienda\/dell-p2422h-24-ips-169-ricondizionato-1920x1200-it-14817\/","title":{"rendered":"Dell P2422H 24&#8221; IPS 16:9 | Ricondizionato | 1920&#215;1200"},"content":{"rendered":"<p><strong>Schermo<\/strong><br \/>IPS 24 &#8221; FullHD 16:9  \u00b7 Risoluzione 1920&#215;1200<br \/>Punto passo 0.27 mm<br \/>Risposta 5 ms<br \/>Contrasto 1000:1<br \/>Luminosit\u00e0 250 cd\/m2<br \/>Angolo visione 178\u00b0v\/178\u00b0h<br \/><strong>Porte video<\/strong><br \/>VGA<br \/>HDMI<br \/>Display Port<br \/><strong>Schermo specifico<\/strong><br \/>Supporto VESA<br \/>Peana<br \/>Regolabile in altezza<br \/><strong>Altri<\/strong><br \/>Imballaggio hR<br \/><strong>Dimensioni<\/strong><br \/>53x41x17 cm.<br \/><strong>Peso<\/strong><br \/>5.50 Kg.<br \/><strong>Specifiche aggiuntive<\/strong><br \/>Il Dell P2422H \u00e8 la scelta perfetta per chi cerca un monitor che faccia davvero la differenza in termini di produttivit\u00e0 e comfort visivo. Il suo formato 16:10 offre quello spazio extra sullo schermo che si nota fin dal primo utilizzo, ideale per lavorare con documenti lunghi, fogli di calcolo o pi\u00f9 applicazioni aperte senza perdere visibilit\u00e0 n\u00e9 fluidit\u00e0.<br \/>Dotato di un pannello IPS da 24 pollici con risoluzione WUXGA 1920&#215;1200, offre una qualit\u00e0 dell\u2019immagine superiore allo standard Full HD, con una maggiore area utile e una resa cromatica uniforme da qualsiasi angolazione grazie ai suoi 178\u00b0 di angoli di visione. Il suo tempo di risposta di 5 ms, il contrasto di 1000:1 e la luminosit\u00e0 di 250 cd\/m\u00b2 garantiscono prestazioni equilibrate e confortevoli durante tutta la giornata. Inoltre, la sua connettivit\u00e0 versatile con VGA, HDMI e DisplayPort consente di integrarlo facilmente in qualsiasi ambiente di lavoro, adattandosi sia ai sistemi pi\u00f9 moderni che alle configurazioni pi\u00f9 tradizionali.<br \/>Il Dell P2422H non migliora solo ci\u00f2 che vedi, ma anche come lavori. Pi\u00f9 spazio, migliore organizzazione e un\u2019esperienza visiva pi\u00f9 rilassata si traducono in maggiore efficienza e meno affaticamento. Un monitor IPS professionale, affidabile e ben equilibrato che offre un valore reale in qualsiasi ambiente dove produttivit\u00e0 e chiarezza sono fondamentali.<br \/>Buon aspetto esteriore. Potrebbe presentare lievi segni di utilizzo sulla scocca. Se hai dubbi chiamaci o usa la nostra chat per ottenere ulteriori informazioni o per richiedere pi\u00f9 dettagli.<br \/><strong>Commenti<\/strong><br \/><u>Cavo di alimentazione e VGA inclusi<\/u><\/p>\n","protected":false},"excerpt":{"rendered":"<p>IPS 24 &#8221; FullHD 16:9 \u00b7 Punto passo 0.27 mm \u00b7 Risposta 5 ms \u00b7 Contrasto 1000:1 \u00b7 Luminosit\u00e0 250 cd\/m2 \u00b7 VGA \u00b7 HDMI \u00b7 Display Port \u00b7<br \/>\n<u>Cavo di alimentazione e VGA inclusi<\/u> [&#8230;]<\/p>\n<p><a class=\"btn btn-secondary understrap-read-more-link\" href=\"https:\/\/digalco.com\/it\/tienda\/dell-p2422h-24-ips-169-ricondizionato-1920x1200-it-14817\/\">Leggi di pi\u00f9&#8230;<span class=\"screen-reader-text\"> from Dell P2422H 24&#8221; IPS 16:9 | Ricondizionato | 1920&#215;1200<\/span><\/a><\/p>\n","protected":false},"featured_media":333965,"template":"","meta":[],"product_brand":[3852],"product_cat":[3324,3215],"product_tag":[],"class_list":{"0":"post-334105","1":"product","2":"type-product","3":"status-publish","4":"has-post-thumbnail","6":"product_brand-dell","7":"product_cat-monitor-24-it","8":"product_cat-monitor-it","10":"first","11":"instock","12":"taxable","13":"shipping-taxable","14":"purchasable","15":"product-type-simple"},"bundled_by":[],"bundle_stock_status":"instock","bundle_stock_quantity":137,"bundle_virtual":false,"bundle_layout":"","bundle_add_to_cart_form_location":"","bundle_editable_in_cart":false,"bundle_sold_individually_context":"","bundle_item_grouping":"","bundle_min_size":"","bundle_max_size":"","bundle_price":[],"bundled_items":[],"bundle_sell_ids":[],"exclude_global_add_ons":true,"addons":{"hdmi-upgrades":{"name":"Estensione cavo","type":"multiple_choice","position":0,"required":false,"title_format":"heading","default":"","description_enable":false,"description":"","placeholder_enable":false,"placeholder":"","display":"radiobutton","restrictions_type":"any_text","adjust_price":false,"price":"","price_type":"quantity_based","restrictions":false,"min":"0","max":"0","options":[{"label":"HDMI cable 2 mts. [AMP00104]","price":"6.0000","price_type":"quantity_based","image":0,"visibility":true},{"label":"DisplayPort to DisplayPort cable 1,8 mts. [AMP00103]","price":"8.0000","price_type":"quantity_based","image":0,"visibility":true}]}},"df_price":94,"df_sale_price":"","df_regular_price":94,"df_image_link":"https:\/\/digalco.com\/wp-content\/uploads\/images\/product\/14817\/dell01665_01-300x225.jpg","_links":{"self":[{"href":"https:\/\/digalco.com\/it\/wp-json\/wp\/v2\/product\/334105","targetHints":{"allow":["GET"]}}],"collection":[{"href":"https:\/\/digalco.com\/it\/wp-json\/wp\/v2\/product"}],"about":[{"href":"https:\/\/digalco.com\/it\/wp-json\/wp\/v2\/types\/product"}],"wp:featuredmedia":[{"embeddable":true,"href":"https:\/\/digalco.com\/it\/wp-json\/wp\/v2\/media\/333965"}],"wp:attachment":[{"href":"https:\/\/digalco.com\/it\/wp-json\/wp\/v2\/media?parent=334105"}],"wp:term":[{"taxonomy":"product_brand","embeddable":true,"href":"https:\/\/digalco.com\/it\/wp-json\/wp\/v2\/product_brand?post=334105"},{"taxonomy":"product_cat","embeddable":true,"href":"https:\/\/digalco.com\/it\/wp-json\/wp\/v2\/product_cat?post=334105"},{"taxonomy":"product_tag","embeddable":true,"href":"https:\/\/digalco.com\/it\/wp-json\/wp\/v2\/product_tag?post=334105"}],"curies":[{"name":"wp","href":"https:\/\/api.w.org\/{rel}","templated":true}]}}