{"id":334465,"date":"2026-04-03T19:26:17","date_gmt":"2026-04-03T17:26:17","guid":{"rendered":"https:\/\/digalco.com\/tienda\/hp-z24i-238-ips-169-ricondizionato-1920x1080-it-14937\/"},"modified":"2026-04-03T19:26:46","modified_gmt":"2026-04-03T17:26:46","slug":"hp-z24i-238-ips-169-ricondizionato-1920x1080-it-14937","status":"publish","type":"product","link":"https:\/\/digalco.com\/it\/tienda\/hp-z24i-238-ips-169-ricondizionato-1920x1080-it-14937\/","title":{"rendered":"HP Z24I 23.8&#8221; IPS 16:9 | Ricondizionato | 1920&#215;1080"},"content":{"rendered":"<p><strong>Schermo<\/strong><br \/>IPS 23.8 &#8221; FullHD 16:9 \u00b7 Risoluzione 1920&#215;1080<br \/>Punto passo 0.265 mm<br \/>Risposta 5 ms<br \/>Contrasto 10,000,000:1 dynamic<br \/>Luminosit\u00e0 300 cd\/m2<br \/>Angolo visione 178\u00b0v\/178\u00b0h<br \/><strong>Porte video<\/strong><br \/>VGA<br \/>HDMI<br \/>Display Port<br \/><strong>Schermo specifico<\/strong><br \/>Supporto VESA<br \/>Peana<br \/>Regolabile in altezza<br \/><strong>Altri<\/strong><br \/>Imballaggio hR<br \/><strong>Dimensioni<\/strong><br \/>54&#215;20.5&#215;50 cm.<br \/><strong>Peso<\/strong><br \/>6.00 Kg.<br \/><strong>Specifiche aggiuntive<\/strong><br \/>L\u2019HP Z24i \u00e8 un monitor progettato per chi valorizza la qualit\u00e0 dell\u2019immagine e l\u2019affidabilit\u00e0 in ogni dettaglio. Pensato per ambienti professionali e utenti esigenti, offre un\u2019esperienza visiva precisa e confortevole che si adatta sia alle attivit\u00e0 d\u2019ufficio sia ai lavori in cui colore e nitidezza fanno la differenza.Il suo pannello IPS da 23,8 pollici con risoluzione Full HD 1920&#215;1080 garantisce una riproduzione dei colori uniforme e realistica da qualsiasi angolo di visione di 178\u00b0. Con un tempo di risposta di 5 ms, luminosit\u00e0 di 300 cd\/m\u00b2 e un contrasto dinamico di 10.000.000:1, offre immagini vivide, con buona profondit\u00e0 ed eccellente definizione in tutti i tipi di contenuti. Inoltre, la sua connettivit\u00e0 completa con VGA, HDMI, DisplayPort e 4 porte USB consente di integrare facilmente pi\u00f9 dispositivi e periferiche, creando un ambiente di lavoro pi\u00f9 pulito e funzionale.L\u2019HP Z24i non offre solo un\u2019immagine di qualit\u00e0, ma migliora anche il modo in cui lavori. Il suo equilibrio tra prestazioni, comfort visivo e versatilit\u00e0 lo rende una soluzione affidabile e duratura per qualsiasi spazio professionale o domestico. Un monitor IPS Full HD che apporta valore reale fin dal primo giorno, ottimizzando la produttivit\u00e0 e migliorando l\u2019esperienza davanti allo schermo.Buon aspetto esteriore. Potrebbe presentare lievi segni di utilizzo sulla scocca. Se hai dubbi chiamaci o usa la nostra chat per ottenere ulteriori informazioni o per richiedere pi\u00f9 dettagli.<br \/><strong>Commenti<\/strong><br \/><u>4xUSB 2.0 &#8211; Cavo di alimentazione e VGA inclusi<\/u><\/p>\n","protected":false},"excerpt":{"rendered":"<p>IPS 23.8 &#8221; FullHD 16:9 \u00b7 Dot pitch 0.265 mm \u00b7 R\u00e9ponse 5 ms \u00b7 Contraste 10,000,000:1 dynamic \u00b7 Luminosit\u00e9 300 cd\/m2 \u00b7 VGA \u00b7 HDMI \u00b7 Display Port \u00b7<br \/>\n<u>4xUSB 2.0 &#8211; C\u00e2ble d&#8217;alimentation et VGA inclus<\/u> [&#8230;]<\/p>\n<p><a class=\"btn btn-secondary understrap-read-more-link\" href=\"https:\/\/digalco.com\/it\/tienda\/hp-z24i-238-ips-169-ricondizionato-1920x1080-it-14937\/\">Leggi di pi\u00f9&#8230;<span class=\"screen-reader-text\"> from HP Z24I 23.8&#8221; IPS 16:9 | Ricondizionato | 1920&#215;1080<\/span><\/a><\/p>\n","protected":false},"featured_media":334325,"template":"","meta":[],"product_brand":[3854],"product_cat":[3324,3215],"product_tag":[],"class_list":{"0":"post-334465","1":"product","2":"type-product","3":"status-publish","4":"has-post-thumbnail","6":"product_brand-hp","7":"product_cat-monitor-24-it","8":"product_cat-monitor-it","10":"first","11":"outofstock","12":"taxable","13":"shipping-taxable","14":"purchasable","15":"product-type-simple"},"bundled_by":[],"bundle_stock_status":"outofstock","bundle_stock_quantity":0,"bundle_virtual":false,"bundle_layout":"","bundle_add_to_cart_form_location":"","bundle_editable_in_cart":false,"bundle_sold_individually_context":"","bundle_item_grouping":"","bundle_min_size":"","bundle_max_size":"","bundle_price":[],"bundled_items":[],"bundle_sell_ids":[],"exclude_global_add_ons":true,"addons":{"hdmi-upgrades":{"name":"Estensione cavo","type":"multiple_choice","position":0,"required":false,"title_format":"heading","default":"","description_enable":false,"description":"","placeholder_enable":false,"placeholder":"","display":"radiobutton","restrictions_type":"any_text","adjust_price":false,"price":"","price_type":"quantity_based","restrictions":false,"min":"0","max":"0","options":[{"label":"HDMI cable 2 mts. [AMP00104]","price":"6.0000","price_type":"quantity_based","image":0,"visibility":true},{"label":"DisplayPort to DisplayPort cable 1,8 mts. [AMP00103]","price":"8.0000","price_type":"quantity_based","image":0,"visibility":true}]}},"df_price":94,"df_sale_price":"","df_regular_price":94,"df_image_link":"https:\/\/digalco.com\/wp-content\/uploads\/images\/product\/14937\/hp03338_01-300x225.jpg","_links":{"self":[{"href":"https:\/\/digalco.com\/it\/wp-json\/wp\/v2\/product\/334465","targetHints":{"allow":["GET"]}}],"collection":[{"href":"https:\/\/digalco.com\/it\/wp-json\/wp\/v2\/product"}],"about":[{"href":"https:\/\/digalco.com\/it\/wp-json\/wp\/v2\/types\/product"}],"wp:featuredmedia":[{"embeddable":true,"href":"https:\/\/digalco.com\/it\/wp-json\/wp\/v2\/media\/334325"}],"wp:attachment":[{"href":"https:\/\/digalco.com\/it\/wp-json\/wp\/v2\/media?parent=334465"}],"wp:term":[{"taxonomy":"product_brand","embeddable":true,"href":"https:\/\/digalco.com\/it\/wp-json\/wp\/v2\/product_brand?post=334465"},{"taxonomy":"product_cat","embeddable":true,"href":"https:\/\/digalco.com\/it\/wp-json\/wp\/v2\/product_cat?post=334465"},{"taxonomy":"product_tag","embeddable":true,"href":"https:\/\/digalco.com\/it\/wp-json\/wp\/v2\/product_tag?post=334465"}],"curies":[{"name":"wp","href":"https:\/\/api.w.org\/{rel}","templated":true}]}}