{"id":337474,"date":"2026-04-09T09:27:39","date_gmt":"2026-04-09T07:27:39","guid":{"rendered":"https:\/\/digalco.com\/tienda\/hp-elite-x2-g8-13-ricondizionato-core-i5-26ghz-16-gb-ram-512-gb-ssd-m2-3000x2000-it-14793\/"},"modified":"2026-04-09T09:28:08","modified_gmt":"2026-04-09T07:28:08","slug":"hp-elite-x2-g8-13-ricondizionato-core-i5-26ghz-16-gb-ram-512-gb-ssd-m2-3000x2000-it-14793","status":"publish","type":"product","link":"https:\/\/digalco.com\/it\/tienda\/hp-elite-x2-g8-13-ricondizionato-core-i5-26ghz-16-gb-ram-512-gb-ssd-m2-3000x2000-it-14793\/","title":{"rendered":"HP Elite X2 G8 13&#8221; | Ricondizionato | Core i5 2.6GHz | 16 GB RAM | 512 GB SSD M2 3000&#215;2000"},"content":{"rendered":"<p><strong>Processore<\/strong><br \/>Intel Core i5 i5-1145G7 2.6 GHz.<br \/><strong>Memoria RAM<\/strong><br \/>16 Gb. SO-DDR4 RAM<br \/><strong>Disco duro<\/strong><br \/>512 Gb. SSD M2<br \/><strong>Carte<\/strong><br \/>Grafica: Intel Irix Xe Graphics<br \/>Suono: Audio Bang &amp; Olufsen<br \/>Rete: &#8211;<br \/><strong>Sistema operativo<\/strong><br \/>Windows 11 Pro<br \/><strong>Porte<\/strong><br \/>3x USB-C<br \/><strong>Schermo<\/strong><br \/>Tattile 13 &#8221; 2K 16:10  \u00b7 Risoluzione 3000&#215;2000<br \/><strong>Multimedia<\/strong><br \/>Lettore impronte<br \/>Webcam posteriore<br \/>Webcam frontale<br \/><strong>Connettivit\u00e0<\/strong><br \/>WIFI<br \/>Bluetooth<br \/>4G<br \/><strong>Altri<\/strong><br \/>Imballaggio hR<br \/><strong>Dimensioni<\/strong><br \/>29&#215;22.5&#215;2 cm.<br \/><strong>Peso<\/strong><br \/>1.15 Kg.<br \/><strong>Specifiche aggiuntive<\/strong><br \/>L\u2019HP Elite X2 G8 \u00e8 un tablet professionale di fascia alta progettato per chi cerca le massime prestazioni senza rinunciare alla mobilit\u00e0. Il suo design elegante, ultraleggero e robusto lo rende uno strumento ideale per ambienti esigenti, lavoro ibrido e utenti che necessitano di un dispositivo affidabile e potente in qualsiasi situazione.<br \/>Dotato di processore Intel Core i5 di 11\u00aa generazione, 16 GB di memoria RAM e un SSD M.2 da 512 GB, offre prestazioni eccezionali anche in multitasking intensivo e applicazioni professionali. Il suo impressionante schermo touch da 13 pollici con risoluzione 2K (3000&#215;2000) e formato 16:10 garantisce una qualit\u00e0 d\u2019immagine straordinaria, con pi\u00f9 spazio verticale per lavorare in modo pi\u00f9 comodo e produttivo. Con Windows 11 Pro, potrai usufruire di un sistema moderno, sicuro e ottimizzato per i nuovi ambienti di lavoro.<br \/>L\u2019Elite X2 G8 si distingue per la sua totale versatilit\u00e0: utilizzala come tablet per la massima mobilit\u00e0 o come laptop per una produttivit\u00e0 completa. La sua combinazione di potenza, design premium ed esperienza utente la rende un punto di riferimento nel segmento professionale. Un investimento sicuro per chi cerca prestazioni, stile ed efficienza senza compromessi.<br \/>Buon aspetto esteriore. Guarda in \u201c+ Foto\u201d e se hai dubbi chiamaci o usa la nostra chat per ottenere ulteriori informazioni o per richiedere pi\u00f9 dettagli.<\/p>\n","protected":false},"excerpt":{"rendered":"<p>Intel Core i5 i5-1145G7 2.6 GHz. \u00b7 16 Gb. SO-DDR4 RAM \u00b7 512 Gb. SSD M2 \u00b7 <strong>Windows 11 Pro<\/strong> \u00b7 Tattile 13 &#8221; 2K 16:10 \u00b7<u>Tastiera internazionale<\/u> [&#8230;]<\/p>\n<p><a class=\"btn btn-secondary understrap-read-more-link\" href=\"https:\/\/digalco.com\/it\/tienda\/hp-elite-x2-g8-13-ricondizionato-core-i5-26ghz-16-gb-ram-512-gb-ssd-m2-3000x2000-it-14793\/\">Leggi di pi\u00f9&#8230;<span class=\"screen-reader-text\"> from HP Elite X2 G8 13&#8221; | Ricondizionato | Core i5 2.6GHz | 16 GB RAM | 512 GB SSD M2 3000&#215;2000<\/span><\/a><\/p>\n","protected":false},"featured_media":337334,"template":"","meta":[],"product_brand":[3854],"product_cat":[3343,3237],"product_tag":[],"class_list":{"0":"post-337474","1":"product","2":"type-product","3":"status-publish","4":"has-post-thumbnail","6":"product_brand-hp","7":"product_cat-tablets-tablets-it","8":"product_cat-tablets-it","10":"first","11":"instock","12":"taxable","13":"shipping-taxable","14":"purchasable","15":"product-type-simple"},"bundled_by":[],"bundle_stock_status":"instock","bundle_stock_quantity":23,"bundle_virtual":false,"bundle_layout":"","bundle_add_to_cart_form_location":"","bundle_editable_in_cart":false,"bundle_sold_individually_context":"","bundle_item_grouping":"","bundle_min_size":"","bundle_max_size":"","bundle_price":[],"bundled_items":[],"bundle_sell_ids":[],"exclude_global_add_ons":true,"addons":{"keyboard-iso-upgrades":{"name":"Seleziona lingua della tastiera","type":"multiple_choice","position":0,"required":false,"title_format":"heading","default":"","description_enable":false,"description":"","placeholder_enable":false,"placeholder":"","display":"radiobutton","restrictions_type":"any_text","adjust_price":false,"price":"","price_type":"quantity_based","restrictions":false,"min":"0","max":"0","options":[{"label":"Spanish Stickers [AMP00082]","price":"0.0000","price_type":"quantity_based","image":0,"visibility":true},{"label":"French Stickers [AMP00084]","price":"0.0000","price_type":"quantity_based","image":0,"visibility":true},{"label":"Portuguese Stickers [AMP00083]","price":"0.0000","price_type":"quantity_based","image":0,"visibility":true}]},"docking-station-upgrades":{"name":"Estensione Docking Station","type":"multiple_choice","position":0,"required":false,"title_format":"heading","default":"","description_enable":false,"description":"","placeholder_enable":false,"placeholder":"","display":"radiobutton","restrictions_type":"any_text","adjust_price":false,"price":"","price_type":"quantity_based","restrictions":false,"min":"0","max":"0","options":[{"label":"HP USB-C Docking Station [AMP00091]","price":"55.0000","price_type":"quantity_based","image":0,"visibility":true}]},"pencil-upgrades":{"name":"Estensione Matita","type":"multiple_choice","position":0,"required":false,"title_format":"heading","default":"","description_enable":false,"description":"","placeholder_enable":false,"placeholder":"","display":"radiobutton","restrictions_type":"any_text","adjust_price":false,"price":"","price_type":"quantity_based","restrictions":false,"min":"0","max":"0","options":[{"label":"Active Stylus HP Elite X2 [AMP00092]","price":"35.0000","price_type":"quantity_based","image":0,"visibility":true},{"label":"Active Stylus HP Elite X2 Batteria [AMP00168]","price":"49.0000","price_type":"quantity_based","image":0,"visibility":true}]},"os-upgrades":{"name":"Estensione SO","type":"multiple_choice","position":0,"required":false,"title_format":"heading","default":"","description_enable":false,"description":"","placeholder_enable":false,"placeholder":"","display":"radiobutton","restrictions_type":"any_text","adjust_price":false,"price":"","price_type":"quantity_based","restrictions":false,"min":"0","max":"0","options":[{"label":"Change language to French [AMP00125]","price":"0.0000","price_type":"quantity_based","image":0,"visibility":true},{"label":"Change language to English [AMP00008]","price":"0.0000","price_type":"quantity_based","image":0,"visibility":true},{"label":"Change language to Portuguese [AMP00009]","price":"0.0000","price_type":"quantity_based","image":0,"visibility":true}]}},"df_price":442,"df_sale_price":"","df_regular_price":442,"df_image_link":"https:\/\/digalco.com\/wp-content\/uploads\/images\/product\/14793\/hp03286_01-300x225.jpg","_links":{"self":[{"href":"https:\/\/digalco.com\/it\/wp-json\/wp\/v2\/product\/337474","targetHints":{"allow":["GET"]}}],"collection":[{"href":"https:\/\/digalco.com\/it\/wp-json\/wp\/v2\/product"}],"about":[{"href":"https:\/\/digalco.com\/it\/wp-json\/wp\/v2\/types\/product"}],"wp:featuredmedia":[{"embeddable":true,"href":"https:\/\/digalco.com\/it\/wp-json\/wp\/v2\/media\/337334"}],"wp:attachment":[{"href":"https:\/\/digalco.com\/it\/wp-json\/wp\/v2\/media?parent=337474"}],"wp:term":[{"taxonomy":"product_brand","embeddable":true,"href":"https:\/\/digalco.com\/it\/wp-json\/wp\/v2\/product_brand?post=337474"},{"taxonomy":"product_cat","embeddable":true,"href":"https:\/\/digalco.com\/it\/wp-json\/wp\/v2\/product_cat?post=337474"},{"taxonomy":"product_tag","embeddable":true,"href":"https:\/\/digalco.com\/it\/wp-json\/wp\/v2\/product_tag?post=337474"}],"curies":[{"name":"wp","href":"https:\/\/api.w.org\/{rel}","templated":true}]}}