{"id":341177,"date":"2026-04-15T11:49:02","date_gmt":"2026-04-15T09:49:02","guid":{"rendered":"https:\/\/digalco.com\/tienda\/dell-ultrasharp-u2421e-24-ips-169-ricondizionato-1920x1200-it-13127\/"},"modified":"2026-04-15T11:49:40","modified_gmt":"2026-04-15T09:49:40","slug":"dell-ultrasharp-u2421e-24-ips-169-ricondizionato-1920x1200-it-13127","status":"publish","type":"product","link":"https:\/\/digalco.com\/it\/tienda\/dell-ultrasharp-u2421e-24-ips-169-ricondizionato-1920x1200-it-13127\/","title":{"rendered":"Dell UltraSharp U2421E 24&#8221; IPS 16:9 | Ricondizionato | 1920&#215;1200"},"content":{"rendered":"<p><strong>Schermo<\/strong><br \/>IPS 24 &#8221; FullHD 16:9  \u00b7 Risoluzione 1920&#215;1200<br \/>Punto passo 0.27 mm<br \/>Risposta 8 ms<br \/>Contrasto 1000:1<br \/>Luminosit\u00e0 300 cd\/m2<br \/>Angolo visione 178\u00b0v\/178\u00b0h<br \/><strong>Porte video<\/strong><br \/>HDMI<br \/>2x Display Port<br \/><strong>Schermo specifico<\/strong><br \/>Supporto VESA<br \/>Peana<br \/>Regolabile in altezza<br \/><strong>Altri<\/strong><br \/>Imballaggio hR<br \/><strong>Dimensioni<\/strong><br \/>55.6&#215;36.1&#215;18 cm.<br \/><strong>Peso<\/strong><br \/>5.60 Kg.<br \/><strong>Specifiche aggiuntive<\/strong><br \/>Il Dell UltraSharp U2421E \u00e8 un monitor da 24 pollici progettato per ambienti professionali in cui connettivit\u00e0, qualit\u00e0 dell\u2019immagine e produttivit\u00e0 fanno la differenza. Pensato per utenti esigenti che lavorano con pi\u00f9 dispositivi o necessitano di uno spazio di lavoro ordinato ed efficiente, questo modello si distingue come una soluzione versatile sia per ufficio che per configurazioni pi\u00f9 avanzate di smart working o design.<br \/>Il pannello IPS con risoluzione 1920&#215;1200 offre maggiore spazio verticale rispetto al Full HD standard, traducendosi in pi\u00f9 area utile sullo schermo per lavorare con documenti, fogli di calcolo o applicazioni professionali. Con una luminosit\u00e0 di 300 cd\/m\u00b2, contrasto 1000:1 e angoli di visione di 178\u00b0, garantisce un\u2019immagine chiara, uniforme e confortevole anche durante lunghe sessioni di lavoro. In termini di connettivit\u00e0, include HDMI, doppia DisplayPort, diverse porte USB 3.0 e soprattutto USB-C, consentendo trasmissione video, dati e alimentazione tramite un unico cavo, semplificando al massimo qualsiasi postazione di lavoro moderna.<br \/>Il Dell UltraSharp U2421E non solo migliora l\u2019esperienza visiva, ma ottimizza anche il flusso di lavoro grazie alla sua attenzione alla connettivit\u00e0 e all\u2019organizzazione dello spazio. \u00c8 una scelta ideale per chi cerca un monitor professionale affidabile, elegante e pronto per ambienti dinamici, offrendo efficienza, ordine e un miglioramento significativo a qualsiasi scrivania.<br \/>Buone condizioni estetiche. Se hai dubbi, chiamaci o utilizza la nostra chat per ricevere maggiori informazioni o richiedere ulteriori dettagli.<br \/><strong>Commenti<\/strong><br \/><u>3xUSB 3.0 \/ 1x USB-C &#8211; Cavo di alimentazione e DisplayPort inclusi<\/u><\/p>\n","protected":false},"excerpt":{"rendered":"<p>IPS 24 &#8221; FullHD 16:9 \u00b7 Punto passo 0.27 mm \u00b7 Risposta 8 ms \u00b7 Contrasto 1000:1 \u00b7 Luminosit\u00e0 300 cd\/m2 \u00b7 HDMI \u00b7 2x Display Port \u00b7<br \/>\n<u>3xUSB 3.0 \/ 1x USB-C &#8211; Cavo di alimentazione e DisplayPort inclusi<\/u> [&#8230;]<\/p>\n<p><a class=\"btn btn-secondary understrap-read-more-link\" href=\"https:\/\/digalco.com\/it\/tienda\/dell-ultrasharp-u2421e-24-ips-169-ricondizionato-1920x1200-it-13127\/\">Leggi di pi\u00f9&#8230;<span class=\"screen-reader-text\"> from Dell UltraSharp U2421E 24&#8221; IPS 16:9 | Ricondizionato | 1920&#215;1200<\/span><\/a><\/p>\n","protected":false},"featured_media":341057,"template":"","meta":[],"product_brand":[3852],"product_cat":[3324,3215],"product_tag":[],"class_list":{"0":"post-341177","1":"product","2":"type-product","3":"status-publish","4":"has-post-thumbnail","6":"product_brand-dell","7":"product_cat-monitor-24-it","8":"product_cat-monitor-it","10":"first","11":"instock","12":"taxable","13":"shipping-taxable","14":"purchasable","15":"product-type-simple"},"bundled_by":[],"bundle_stock_status":"instock","bundle_stock_quantity":47,"bundle_virtual":false,"bundle_layout":"","bundle_add_to_cart_form_location":"","bundle_editable_in_cart":false,"bundle_sold_individually_context":"","bundle_item_grouping":"","bundle_min_size":"","bundle_max_size":"","bundle_price":[],"bundled_items":[],"bundle_sell_ids":[],"exclude_global_add_ons":true,"addons":{"hdmi-upgrades":{"name":"Estensione cavo","type":"multiple_choice","position":0,"required":false,"title_format":"heading","default":"","description_enable":false,"description":"","placeholder_enable":false,"placeholder":"","display":"radiobutton","restrictions_type":"any_text","adjust_price":false,"price":"","price_type":"quantity_based","restrictions":false,"min":"0","max":"0","options":[{"label":"HDMI cable 2 mts. [AMP00104]","price":"6.0000","price_type":"quantity_based","image":0,"visibility":true}]}},"df_price":132,"df_sale_price":"","df_regular_price":132,"df_image_link":"https:\/\/digalco.com\/wp-content\/uploads\/images\/product\/13127\/dell01397_01-300x225.jpg","_links":{"self":[{"href":"https:\/\/digalco.com\/it\/wp-json\/wp\/v2\/product\/341177","targetHints":{"allow":["GET"]}}],"collection":[{"href":"https:\/\/digalco.com\/it\/wp-json\/wp\/v2\/product"}],"about":[{"href":"https:\/\/digalco.com\/it\/wp-json\/wp\/v2\/types\/product"}],"wp:featuredmedia":[{"embeddable":true,"href":"https:\/\/digalco.com\/it\/wp-json\/wp\/v2\/media\/341057"}],"wp:attachment":[{"href":"https:\/\/digalco.com\/it\/wp-json\/wp\/v2\/media?parent=341177"}],"wp:term":[{"taxonomy":"product_brand","embeddable":true,"href":"https:\/\/digalco.com\/it\/wp-json\/wp\/v2\/product_brand?post=341177"},{"taxonomy":"product_cat","embeddable":true,"href":"https:\/\/digalco.com\/it\/wp-json\/wp\/v2\/product_cat?post=341177"},{"taxonomy":"product_tag","embeddable":true,"href":"https:\/\/digalco.com\/it\/wp-json\/wp\/v2\/product_tag?post=341177"}],"curies":[{"name":"wp","href":"https:\/\/api.w.org\/{rel}","templated":true}]}}