{"id":343987,"date":"2026-04-20T15:32:04","date_gmt":"2026-04-20T13:32:04","guid":{"rendered":"https:\/\/digalco.com\/tienda\/dell-optiplex-3060m-mini-ricondizionato-core-i5-21ghz-16-gb-ram-256-gb-ssd-it-14822\/"},"modified":"2026-04-20T15:32:40","modified_gmt":"2026-04-20T13:32:40","slug":"dell-optiplex-3060m-mini-ricondizionato-core-i5-21ghz-16-gb-ram-256-gb-ssd-it-14822","status":"publish","type":"product","link":"https:\/\/digalco.com\/it\/tienda\/dell-optiplex-3060m-mini-ricondizionato-core-i5-21ghz-16-gb-ram-256-gb-ssd-it-14822\/","title":{"rendered":"Dell OptiPlex 3060M Mini | Ricondizionato | Core i5 2.1GHz | 16 GB RAM | 256 GB SSD"},"content":{"rendered":"<p><strong>Processore<\/strong><br \/>Intel Core i5 8500T 2.1 GHz.<br \/><strong>Formato<\/strong><br \/>Mini<br \/><strong>Memoria RAM<\/strong><br \/>16 Gb. SO-DDR4 RAM<br \/><strong>Disco duro<\/strong><br \/>256 Gb. SSD<br \/><strong>Carte<\/strong><br \/>Grafica: Intel HD Graphics 630<br \/>Suono: Realtek Audio<br \/>Rete: Realtek PCIe GBe family<br \/><strong>Sistema operativo<\/strong><br \/>Windows 11 Pro<br \/><strong>Porte<\/strong><br \/>2x USB 2.0<br \/>4x USB 3.0<br \/><strong>Porte video<\/strong><br \/>VGA<br \/>HDMI<br \/>Display Port<br \/><strong>Connettivit\u00e0<\/strong><br \/>RJ-45<br \/><strong>Altri<\/strong><br \/>Imballaggio hR<br \/><strong>Dimensioni<\/strong><br \/>18.5x19x4 cm.<br \/><strong>Peso<\/strong><br \/>1.20 Kg.<br \/><strong>Specifiche aggiuntive<\/strong><br \/>Piccolo nelle dimensioni, serio nelle prestazioni. Il DELL OptiPlex 3060M Mini \u00e8 la scelta ideale quando lo spazio \u00e8 un fattore critico ma non si pu\u00f2 sacrificare la stabilit\u00e0 della postazione di lavoro. Il suo processore Intel Core i5-8500T a basso voltaggio, progettato specificamente per funzionare in modo silenzioso ed efficiente per ore, si combina con 16 GB di RAM SO-DDR4 per gestire senza problemi l&#8217;informatica da ufficio, la navigazione intensiva e gli strumenti di gestione aziendale quotidiana. L&#8217;SSD da 256 GB apporta la velocit\u00e0 che ci si aspetta da un&#8217;apparecchiatura moderna \u2014 avvio rapido, applicazioni istantanee \u2014 e lo slot M.2 2280 disponibile permette di raddoppiare la capacit\u00e0 di archiviazione in qualsiasi momento senza complicazioni. Con Windows 11 Pro preinstallato, questo computer desktop professionale \u00e8 pronto per integrarsi nelle reti aziendali fin dal primo avvio. Un PC desktop compatto per aziende che sta in qualsiasi angolo ma non passa inosservato: basso consumo, praticamente silenzioso e costruito con l&#8217;affidabilit\u00e0 che caratterizza la linea OptiPlex di Dell. L&#8217;apparecchiatura affidabile per ufficio che occupa il minimo e rende al massimo. Buon aspetto esteriore. Guarda &#8220;+ Foto&#8221; e se hai qualche dubbio chiamaci o usa la nostra chat per avere maggiori informazioni o per richiedere ulteriori dettagli.<br \/><strong>Commenti<\/strong><br \/><u>1xM.2 2280 per archiviazione disponibile<\/u><\/p>\n","protected":false},"excerpt":{"rendered":"<p>Intel Core i5 8500T 2.1 GHz. \u00b7 16 Gb. SO-DDR4 RAM \u00b7 256 Gb. SSD \u00b7 <strong>Windows 11 Pro<\/strong> \u00b7<br \/>\n<u>1xM.2 2280 per archiviazione disponibile<\/u> [&#8230;]<\/p>\n<p><a class=\"btn btn-secondary understrap-read-more-link\" href=\"https:\/\/digalco.com\/it\/tienda\/dell-optiplex-3060m-mini-ricondizionato-core-i5-21ghz-16-gb-ram-256-gb-ssd-it-14822\/\">Leggi di pi\u00f9&#8230;<span class=\"screen-reader-text\"> from Dell OptiPlex 3060M Mini | Ricondizionato | Core i5 2.1GHz | 16 GB RAM | 256 GB SSD<\/span><\/a><\/p>\n","protected":false},"featured_media":343847,"template":"","meta":[],"product_brand":[3852],"product_cat":[3209,3212],"product_tag":[],"class_list":{"0":"post-343987","1":"product","2":"type-product","3":"status-publish","4":"has-post-thumbnail","6":"product_brand-dell","7":"product_cat-computer-it","8":"product_cat-computer-mini-it","10":"first","11":"instock","12":"taxable","13":"shipping-taxable","14":"purchasable","15":"product-type-simple"},"bundled_by":[],"bundle_stock_status":"instock","bundle_stock_quantity":20,"bundle_virtual":false,"bundle_layout":"","bundle_add_to_cart_form_location":"","bundle_editable_in_cart":false,"bundle_sold_individually_context":"","bundle_item_grouping":"","bundle_min_size":"","bundle_max_size":"","bundle_price":[],"bundled_items":[],"bundle_sell_ids":[],"exclude_global_add_ons":true,"addons":{"webcam-upgrades":{"name":"Estensione Webcam","type":"multiple_choice","position":0,"required":false,"title_format":"heading","default":"","description_enable":false,"description":"","placeholder_enable":false,"placeholder":"","display":"radiobutton","restrictions_type":"any_text","adjust_price":false,"price":"","price_type":"quantity_based","restrictions":false,"min":"0","max":"0","options":[{"label":"Conceptronic AMDIS FullHD [AMP00085]","price":"29.0000","price_type":"quantity_based","image":0,"visibility":true}]},"ram-memory-upgrades":{"name":"Espansione RAM","type":"multiple_choice","position":0,"required":false,"title_format":"heading","default":"","description_enable":false,"description":"","placeholder_enable":false,"placeholder":"","display":"radiobutton","restrictions_type":"any_text","adjust_price":false,"price":"","price_type":"quantity_based","restrictions":false,"min":"0","max":"0","options":[{"label":"32 Gb SODIM RAM extension [AMP00098]","price":"150.0000","price_type":"quantity_based","image":0,"visibility":true}]},"hdd-upgrades":{"name":"Estensione HDD","type":"multiple_choice","position":0,"required":false,"title_format":"heading","default":"","description_enable":false,"description":"","placeholder_enable":false,"placeholder":"","display":"radiobutton","restrictions_type":"any_text","adjust_price":false,"price":"","price_type":"quantity_based","restrictions":false,"min":"0","max":"0","options":[{"label":"SSD 480 Gb. Upgrade [AMP00014]","price":"59.0000","price_type":"quantity_based","image":0,"visibility":true},{"label":"SSD 1 Tb. Upgrade [AMP00071]","price":"95.0000","price_type":"quantity_based","image":0,"visibility":true},{"label":"SSD 500 Gb. M.2 2280 PCIe Upgrade [AMP00106]","price":"110.0000","price_type":"quantity_based","image":0,"visibility":true},{"label":"SSD 1 Tb. M.2 2280 PCIe Upgrade [AMP00107]","price":"165.0000","price_type":"quantity_based","image":0,"visibility":true},{"label":"Additional SSD 500 Gb. M.2 2280 PCIe [AMP00108]","price":"115.0000","price_type":"quantity_based","image":0,"visibility":true},{"label":"1 Tb SSD disk. M.2 2280 PCIe Additional [AMP00109]","price":"170.0000","price_type":"quantity_based","image":0,"visibility":true}]},"network-card-upgrades":{"name":"Estensione WIFI","type":"multiple_choice","position":0,"required":false,"title_format":"heading","default":"","description_enable":false,"description":"","placeholder_enable":false,"placeholder":"","display":"radiobutton","restrictions_type":"any_text","adjust_price":false,"price":"","price_type":"quantity_based","restrictions":false,"min":"0","max":"0","options":[{"label":"Wireless nano USB Upgrade [AMP00018]","price":"12.0000","price_type":"quantity_based","image":0,"visibility":true}]},"os-upgrades":{"name":"Estensione SO","type":"multiple_choice","position":0,"required":false,"title_format":"heading","default":"","description_enable":false,"description":"","placeholder_enable":false,"placeholder":"","display":"radiobutton","restrictions_type":"any_text","adjust_price":false,"price":"","price_type":"quantity_based","restrictions":false,"min":"0","max":"0","options":[{"label":"Change language to French [AMP00125]","price":"0.0000","price_type":"quantity_based","image":0,"visibility":true},{"label":"Change language to English [AMP00008]","price":"0.0000","price_type":"quantity_based","image":0,"visibility":true},{"label":"Change language to Portuguese [AMP00009]","price":"0.0000","price_type":"quantity_based","image":0,"visibility":true}]},"keyboard-upgrades":{"name":"Estensione tastiera","type":"multiple_choice","position":0,"required":false,"title_format":"heading","default":"","description_enable":false,"description":"","placeholder_enable":false,"placeholder":"","display":"radiobutton","restrictions_type":"any_text","adjust_price":false,"price":"","price_type":"quantity_based","restrictions":false,"min":"0","max":"0","options":[{"label":"Keyboard and Mouse [AMP00020]","price":"8.0000","price_type":"quantity_based","image":0,"visibility":true},{"label":"Portuguese New Keyboard and Mouse [AMP00088]","price":"15.0000","price_type":"quantity_based","image":0,"visibility":true},{"label":"Spanish USB Keyboard and Mouse (New) [AMP00068]","price":"12.0000","price_type":"quantity_based","image":0,"visibility":true}]}},"df_price":287,"df_sale_price":"","df_regular_price":287,"df_image_link":"https:\/\/digalco.com\/wp-content\/uploads\/images\/product\/14822\/dell01667_01-300x225.jpg","_links":{"self":[{"href":"https:\/\/digalco.com\/it\/wp-json\/wp\/v2\/product\/343987","targetHints":{"allow":["GET"]}}],"collection":[{"href":"https:\/\/digalco.com\/it\/wp-json\/wp\/v2\/product"}],"about":[{"href":"https:\/\/digalco.com\/it\/wp-json\/wp\/v2\/types\/product"}],"wp:featuredmedia":[{"embeddable":true,"href":"https:\/\/digalco.com\/it\/wp-json\/wp\/v2\/media\/343847"}],"wp:attachment":[{"href":"https:\/\/digalco.com\/it\/wp-json\/wp\/v2\/media?parent=343987"}],"wp:term":[{"taxonomy":"product_brand","embeddable":true,"href":"https:\/\/digalco.com\/it\/wp-json\/wp\/v2\/product_brand?post=343987"},{"taxonomy":"product_cat","embeddable":true,"href":"https:\/\/digalco.com\/it\/wp-json\/wp\/v2\/product_cat?post=343987"},{"taxonomy":"product_tag","embeddable":true,"href":"https:\/\/digalco.com\/it\/wp-json\/wp\/v2\/product_tag?post=343987"}],"curies":[{"name":"wp","href":"https:\/\/api.w.org\/{rel}","templated":true}]}}