{"id":345986,"date":"2026-04-21T16:52:32","date_gmt":"2026-04-21T14:52:32","guid":{"rendered":"https:\/\/digalco.com\/tienda\/dell-latitude-5310-2-in-1-133-ricondizionato-core-i5-17ghz-16-gb-ram-256-gb-ssd-m2-1920x1280-it-14453\/"},"modified":"2026-04-21T16:53:20","modified_gmt":"2026-04-21T14:53:20","slug":"dell-latitude-5310-2-in-1-133-ricondizionato-core-i5-17ghz-16-gb-ram-256-gb-ssd-m2-1920x1280-it-14453","status":"publish","type":"product","link":"https:\/\/digalco.com\/it\/tienda\/dell-latitude-5310-2-in-1-133-ricondizionato-core-i5-17ghz-16-gb-ram-256-gb-ssd-m2-1920x1280-it-14453\/","title":{"rendered":"Dell Latitude 5310 2-in-1 13.3&#8221; | Ricondizionato | Core i5 1.7GHz | 16 GB RAM | 256 GB SSD M2 1920&#215;1280"},"content":{"rendered":"<p><strong>Processore<\/strong><br \/>Intel Core i5 10310U 1.7 GHz.<br \/><strong>Memoria RAM<\/strong><br \/>16 Gb. SO-DDR4 RAM<br \/><strong>Disco duro<\/strong><br \/>256 Gb. SSD M2<br \/><strong>Carte<\/strong><br \/>Grafica: Intel UHD Graphics<br \/>Suono: Realtek HDA<br \/><strong>Sistema operativo<\/strong><br \/>Windows 11 Pro<br \/><strong>Porte<\/strong><br \/>USB-C<br \/>2x USB 3.1<br \/><strong>Schermo<\/strong><br \/>Tattile 13.3 &#8221; FullHD 16:9 \u00b7 Risoluzione 1920&#215;1280<br \/><strong>Porte video<\/strong><br \/>HDMI<br \/><strong>Multimedia<\/strong><br \/>Webcam<br \/>Lettore SD<br \/><strong>Connettivit\u00e0<\/strong><br \/>WIFI<br \/>Bluetooth<br \/><strong>Specifico portatile<\/strong><br \/>Lingua tastiera Internazionale (adesivi spagnoli)<br \/><strong>Altri<\/strong><br \/>Imballaggio hR<br \/><strong>Dimensioni<\/strong><br \/>21x31x2 cm.<br \/><strong>Peso<\/strong><br \/>1.45 Kg.<br \/><strong>Specifiche aggiuntive<\/strong><br \/>Il Dell Latitude 5310 2-In-1 \u00e8 un laptop professionale convertibile che combina prestazioni, mobilit\u00e0 e versatilit\u00e0, ideale per ambienti di lavoro dinamici. Grazie al suo processore Intel Core i5 di 10\u00aa generazione, offre prestazioni affidabili per attivit\u00e0 quotidiane, gestione aziendale e lavoro in mobilit\u00e0, adattandosi facilmente a diversi scenari professionali.Il suo design 2 in 1 con display touchscreen Full HD da 13,3 pollici consente di utilizzarlo come laptop o tablet, facilitando presentazioni, riunioni e lavoro collaborativo in modo pi\u00f9 intuitivo. La leggerezza e il formato compatto lo rendono un alleato perfetto per i professionisti che necessitano di produttivit\u00e0 ovunque.Dotato di 8 GB di RAM DDR4 e SSD M.2 da 256 GB, garantisce un funzionamento fluido, avvii rapidi e accesso efficiente ai dati. Inoltre, la possibilit\u00e0 di espandere lo storage con un M.2 2280 aggiuntivo offre flessibilit\u00e0 per adattarsi a esigenze future.Con Windows 11 Pro, webcam integrata e lettore di schede SD, questo Latitude offre connettivit\u00e0, funzionalit\u00e0 ed efficienza nell\u2019uso quotidiano. La sua costruzione robusta e la qualit\u00e0 della gamma Latitude garantiscono un laptop aziendale durevole e pronto per un uso intensivo.Questo dispositivo ricondizionato premium si distingue per il suo equilibrio tra mobilit\u00e0, prestazioni e versatilit\u00e0, rendendolo una soluzione ideale per professionisti che cercano un laptop flessibile, moderno e con valore a lungo termine.Dispositivi provenienti da ambienti aziendali che p<strong>resentano segni visibili di utilizzo su bordi e angoli e segni sul coperchio<\/strong> derivati da precedenti etichette di inventario. Guarda in \u201c+ Foto\u201d e se hai qualche dubbio chiamaci o usa la nostra chat per ampliare le informazioni o per richiedere maggiori dettagli.<br \/><strong>Commenti<\/strong><br \/><u>1xM.2 2280 per archiviazione disponibile<\/u><\/p>\n","protected":false},"excerpt":{"rendered":"<p>Intel Core i5 10310U 1.7 GHz. \u00b7 16 Gb. SO-DDR4 RAM \u00b7 256 Gb. SSD M2 \u00b7 <strong>Windows 11 Pro \u00b7 Tattile 13.3 &#8221; FullHD<\/strong> 16:9 \u00b7 Webcam \u00b7<br \/>\n<u>1xM.2 2280 per archiviazione disponibile \u00b7Tastiera internazionale<\/u> [&#8230;]<\/p>\n<p><a class=\"btn btn-secondary understrap-read-more-link\" href=\"https:\/\/digalco.com\/it\/tienda\/dell-latitude-5310-2-in-1-133-ricondizionato-core-i5-17ghz-16-gb-ram-256-gb-ssd-m2-1920x1280-it-14453\/\">Leggi di pi\u00f9&#8230;<span class=\"screen-reader-text\"> from Dell Latitude 5310 2-in-1 13.3&#8221; | Ricondizionato | Core i5 1.7GHz | 16 GB RAM | 256 GB SSD M2 1920&#215;1280<\/span><\/a><\/p>\n","protected":false},"featured_media":345726,"template":"","meta":[],"product_brand":[3852],"product_cat":[3221,3237,3343,3225],"product_tag":[],"class_list":{"0":"post-345986","1":"product","2":"type-product","3":"status-publish","4":"has-post-thumbnail","6":"product_brand-dell","7":"product_cat-portatili-it","8":"product_cat-tablets-it","9":"product_cat-tablets-tablets-it","10":"product_cat-portatili-tattili-it","12":"first","13":"instock","14":"taxable","15":"shipping-taxable","16":"purchasable","17":"product-type-simple"},"bundled_by":[],"bundle_stock_status":"instock","bundle_stock_quantity":11,"bundle_virtual":false,"bundle_layout":"","bundle_add_to_cart_form_location":"","bundle_editable_in_cart":false,"bundle_sold_individually_context":"","bundle_item_grouping":"","bundle_min_size":"","bundle_max_size":"","bundle_price":[],"bundled_items":[],"bundle_sell_ids":[],"exclude_global_add_ons":true,"addons":{"keyboard-iso-upgrades":{"name":"Seleziona lingua della tastiera","type":"multiple_choice","position":0,"required":false,"title_format":"heading","default":"","description_enable":false,"description":"","placeholder_enable":false,"placeholder":"","display":"radiobutton","restrictions_type":"any_text","adjust_price":false,"price":"","price_type":"quantity_based","restrictions":false,"min":"0","max":"0","options":[{"label":"Spanish Stickers [AMP00082]","price":"0.0000","price_type":"quantity_based","image":0,"visibility":true},{"label":"French Stickers [AMP00084]","price":"0.0000","price_type":"quantity_based","image":0,"visibility":true},{"label":"Portuguese Stickers [AMP00083]","price":"0.0000","price_type":"quantity_based","image":0,"visibility":true}]},"ram-memory-upgrades":{"name":"Espansione RAM","type":"multiple_choice","position":0,"required":false,"title_format":"heading","default":"","description_enable":false,"description":"","placeholder_enable":false,"placeholder":"","display":"radiobutton","restrictions_type":"any_text","adjust_price":false,"price":"","price_type":"quantity_based","restrictions":false,"min":"0","max":"0","options":[{"label":"32 Gb SODIM RAM extension [AMP00098]","price":"150.0000","price_type":"quantity_based","image":0,"visibility":true}]},"hdd-upgrades":{"name":"Estensione HDD","type":"multiple_choice","position":0,"required":false,"title_format":"heading","default":"","description_enable":false,"description":"","placeholder_enable":false,"placeholder":"","display":"radiobutton","restrictions_type":"any_text","adjust_price":false,"price":"","price_type":"quantity_based","restrictions":false,"min":"0","max":"0","options":[{"label":"SSD 500 Gb. M.2 2280 PCIe Upgrade [AMP00106]","price":"110.0000","price_type":"quantity_based","image":0,"visibility":true},{"label":"SSD 1 Tb. M.2 2280 PCIe Upgrade [AMP00107]","price":"165.0000","price_type":"quantity_based","image":0,"visibility":true},{"label":"Additional SSD 500 Gb. M.2 2280 PCIe [AMP00108]","price":"115.0000","price_type":"quantity_based","image":0,"visibility":true},{"label":"1 Tb SSD disk. M.2 2280 PCIe Additional [AMP00109]","price":"170.0000","price_type":"quantity_based","image":0,"visibility":true}]},"os-upgrades":{"name":"Estensione SO","type":"multiple_choice","position":0,"required":false,"title_format":"heading","default":"","description_enable":false,"description":"","placeholder_enable":false,"placeholder":"","display":"radiobutton","restrictions_type":"any_text","adjust_price":false,"price":"","price_type":"quantity_based","restrictions":false,"min":"0","max":"0","options":[{"label":"Change language to French [AMP00125]","price":"0.0000","price_type":"quantity_based","image":0,"visibility":true},{"label":"Change language to English [AMP00008]","price":"0.0000","price_type":"quantity_based","image":0,"visibility":true},{"label":"Change language to Portuguese [AMP00009]","price":"0.0000","price_type":"quantity_based","image":0,"visibility":true}]},"briefcase-upgrades":{"name":"Valigetta","type":"multiple_choice","position":0,"required":false,"title_format":"heading","default":"","description_enable":false,"description":"","placeholder_enable":false,"placeholder":"","display":"radiobutton","restrictions_type":"any_text","adjust_price":false,"price":"","price_type":"quantity_based","restrictions":false,"min":"0","max":"0","options":[{"label":"Laptop Briefcase [AMP00041]","price":"5.0000","price_type":"quantity_based","image":0,"visibility":true}]}},"df_price":287,"df_sale_price":"","df_regular_price":287,"df_image_link":"https:\/\/digalco.com\/wp-content\/uploads\/images\/product\/14453\/dell01579_01-300x225.jpg","_links":{"self":[{"href":"https:\/\/digalco.com\/it\/wp-json\/wp\/v2\/product\/345986","targetHints":{"allow":["GET"]}}],"collection":[{"href":"https:\/\/digalco.com\/it\/wp-json\/wp\/v2\/product"}],"about":[{"href":"https:\/\/digalco.com\/it\/wp-json\/wp\/v2\/types\/product"}],"wp:featuredmedia":[{"embeddable":true,"href":"https:\/\/digalco.com\/it\/wp-json\/wp\/v2\/media\/345726"}],"wp:attachment":[{"href":"https:\/\/digalco.com\/it\/wp-json\/wp\/v2\/media?parent=345986"}],"wp:term":[{"taxonomy":"product_brand","embeddable":true,"href":"https:\/\/digalco.com\/it\/wp-json\/wp\/v2\/product_brand?post=345986"},{"taxonomy":"product_cat","embeddable":true,"href":"https:\/\/digalco.com\/it\/wp-json\/wp\/v2\/product_cat?post=345986"},{"taxonomy":"product_tag","embeddable":true,"href":"https:\/\/digalco.com\/it\/wp-json\/wp\/v2\/product_tag?post=345986"}],"curies":[{"name":"wp","href":"https:\/\/api.w.org\/{rel}","templated":true}]}}