{"id":346098,"date":"2026-04-21T17:44:55","date_gmt":"2026-04-21T15:44:55","guid":{"rendered":"https:\/\/digalco.com\/tienda\/dell-poweredge-r640-rack-ricondizionato-xeon-2ghz-64-gb-ram-480-gb-ssd-it-13098\/"},"modified":"2026-04-21T17:45:11","modified_gmt":"2026-04-21T15:45:11","slug":"dell-poweredge-r640-rack-ricondizionato-xeon-2ghz-64-gb-ram-480-gb-ssd-it-13098","status":"publish","type":"product","link":"https:\/\/digalco.com\/it\/tienda\/dell-poweredge-r640-rack-ricondizionato-xeon-2ghz-64-gb-ram-480-gb-ssd-it-13098\/","title":{"rendered":"Dell PowerEdge R640 Rack | Ricondizionato | Xeon 2GHz | 64 GB RAM | 480 GB SSD"},"content":{"rendered":"<p><strong>Processore<\/strong><br \/>2x Intel Xeon 20 core Gold 6138 2 GHz.<br \/><strong>Formato<\/strong><br \/>Rack  (1U)<br \/><strong>Memoria RAM<\/strong><br \/>64 Gb. DDR4 ECC RAM<br \/>24 baies (22 vuoti )<br \/><strong>Disco duro<\/strong><br \/>2x 480 Gb. SSD 2.5&#8221;<br \/>8 baies (6 vuoti )<br \/><strong>Carte<\/strong><br \/>Rete: Gigabit Ethernet Quad Port<br \/><strong>Sistema operativo<\/strong><br \/>&#8211; Nessun sistema operativo &#8211;<br \/><strong>Porte<\/strong><br \/>Serie<br \/>2x USB 2.0<br \/>2x USB 3.0<br \/>USB-C<br \/><strong>Connettivit\u00e0<\/strong><br \/>4x RJ-45<br \/><strong>Alimentazione<\/strong><br \/>2x Alimentatori (Hotplug)<br \/><strong>Altri<\/strong><br \/>Imballaggio hR<br \/><strong>Dimensioni<\/strong><br \/>74.5&#215;48.5&#215;4.5 cm.<br \/><strong>Peso<\/strong><br \/>13.60 Kg.<br \/><strong>Specifiche aggiuntive<\/strong><br \/>Quando lo spazio nel rack \u00e8 un asset tanto prezioso quanto le prestazioni, il Dell PowerEdge R640 dimostra che non \u00e8 necessario scegliere tra l&#8217;uno e l&#8217;altro. In soli 1U di altezza, questo server concentra una straordinaria capacit\u00e0 di calcolo grazie ai suoi due processori Intel Xeon Gold 6138, con 20 core ciascuno e un&#8217;architettura progettata per gestire carichi di lavoro intensivi senza perdere stabilit\u00e0 n\u00e9 efficienza. I 64 GB di memoria DDR4 ECC garantiscono operazioni prive di errori, un requisito non negoziabile in ambienti dove l&#8217;integrit\u00e0 del dato \u00e8 tutto. E con 24 bay di archiviazione disponibili \u2014 delle quali 22 rimangono libere \u2014, questa apparecchiatura arriva con ampio margine per crescere man mano che lo fa il business. I due SSD da 480 GB gi\u00e0 installati offrono una solida base di avvio su cui costruire. Il controller RAID H730P completa una proposta tecnica molto ben equilibrata, apportando protezione reale dei dati e prestazioni consistenti nelle operazioni di lettura\/scrittura. Un server che non solo rende oggi, ma che \u00e8 preparato per ci\u00f2 che verr\u00e0 domani. Ideale per virtualizzazione, database, consolidamento di server o come nodo di calcolo in infrastrutture pi\u00f9 ampie. Buon aspetto esteriore. Se hai qualche dubbio, chiamaci o usa la nostra chat per avere maggiori informazioni o per richiedere ulteriori dettagli.<br \/><strong>Commenti<\/strong><br \/><u>1 controller raid H730P<\/u><\/p>\n","protected":false},"excerpt":{"rendered":"<p>2x Intel Xeon 20 core Gold 6138 2 GHz. \u00b7 64 Gb. DDR4 ECC RAM \u00b7 24 baies (22 vuoti ) \u00b7 2x 480 Gb. SSD 2.5&#8221; \u00b7 8 baies (6 vuoti ) \u00b7<br \/>\n<u>1 controller raid H730P<\/u> [&#8230;]<\/p>\n<p><a class=\"btn btn-secondary understrap-read-more-link\" href=\"https:\/\/digalco.com\/it\/tienda\/dell-poweredge-r640-rack-ricondizionato-xeon-2ghz-64-gb-ram-480-gb-ssd-it-13098\/\">Leggi di pi\u00f9&#8230;<span class=\"screen-reader-text\"> from Dell PowerEdge R640 Rack | Ricondizionato | Xeon 2GHz | 64 GB RAM | 480 GB SSD<\/span><\/a><\/p>\n","protected":false},"featured_media":346058,"template":"","meta":[],"product_brand":[3852],"product_cat":[3252,3250],"product_tag":[],"class_list":{"0":"post-346098","1":"product","2":"type-product","3":"status-publish","4":"has-post-thumbnail","6":"product_brand-dell","7":"product_cat-servers-rack-it","8":"product_cat-servers-it","10":"first","11":"instock","12":"taxable","13":"shipping-taxable","14":"purchasable","15":"product-type-simple"},"bundled_by":[],"bundle_stock_status":"instock","bundle_stock_quantity":4,"bundle_virtual":false,"bundle_layout":"","bundle_add_to_cart_form_location":"","bundle_editable_in_cart":false,"bundle_sold_individually_context":"","bundle_item_grouping":"","bundle_min_size":"","bundle_max_size":"","bundle_price":[],"bundled_items":[],"bundle_sell_ids":[],"exclude_global_add_ons":true,"addons":{"hdd-upgrades":{"name":"Estensione HDD","type":"multiple_choice","position":0,"required":false,"title_format":"heading","default":"","description_enable":false,"description":"","placeholder_enable":false,"placeholder":"","display":"radiobutton","restrictions_type":"any_text","adjust_price":false,"price":"","price_type":"quantity_based","restrictions":false,"min":"0","max":"0","options":[{"label":"2x SSD 240 Gb. [AMP00058]","price":"100.0000","price_type":"quantity_based","image":0,"visibility":true},{"label":"2x SSD 480 Gb. [AMP00059]","price":"200.0000","price_type":"quantity_based","image":0,"visibility":true}]}},"df_price":1096,"df_sale_price":"","df_regular_price":1096,"df_image_link":"https:\/\/digalco.com\/wp-content\/uploads\/images\/product\/13098\/dell01394_01-300x225.jpg","_links":{"self":[{"href":"https:\/\/digalco.com\/it\/wp-json\/wp\/v2\/product\/346098","targetHints":{"allow":["GET"]}}],"collection":[{"href":"https:\/\/digalco.com\/it\/wp-json\/wp\/v2\/product"}],"about":[{"href":"https:\/\/digalco.com\/it\/wp-json\/wp\/v2\/types\/product"}],"wp:featuredmedia":[{"embeddable":true,"href":"https:\/\/digalco.com\/it\/wp-json\/wp\/v2\/media\/346058"}],"wp:attachment":[{"href":"https:\/\/digalco.com\/it\/wp-json\/wp\/v2\/media?parent=346098"}],"wp:term":[{"taxonomy":"product_brand","embeddable":true,"href":"https:\/\/digalco.com\/it\/wp-json\/wp\/v2\/product_brand?post=346098"},{"taxonomy":"product_cat","embeddable":true,"href":"https:\/\/digalco.com\/it\/wp-json\/wp\/v2\/product_cat?post=346098"},{"taxonomy":"product_tag","embeddable":true,"href":"https:\/\/digalco.com\/it\/wp-json\/wp\/v2\/product_tag?post=346098"}],"curies":[{"name":"wp","href":"https:\/\/api.w.org\/{rel}","templated":true}]}}