{"id":354648,"date":"2026-05-04T16:36:12","date_gmt":"2026-05-04T14:36:12","guid":{"rendered":"https:\/\/digalco.com\/tienda\/dell-7450-aio-238-tactil-238-aio-difetto-core-i5-32ghz-8-gb-ram-256-gb-ssd-m2-it-13624\/"},"modified":"2026-05-04T16:36:41","modified_gmt":"2026-05-04T14:36:41","slug":"dell-7450-aio-238-tactil-238-aio-difetto-core-i5-32ghz-8-gb-ram-256-gb-ssd-m2-it-13624","status":"publish","type":"product","link":"https:\/\/digalco.com\/it\/tienda\/dell-7450-aio-238-tactil-238-aio-difetto-core-i5-32ghz-8-gb-ram-256-gb-ssd-m2-it-13624\/","title":{"rendered":"Dell 7450 AIO 23,8&#8243; T\u00e1ctil 23.8&#8221; AIO | Difetto | Core i5 3.2GHz | 8 GB RAM | 256 GB SSD M2"},"content":{"rendered":"<p><strong>Processore<\/strong><br \/>Intel Core i5 7500 3.2 GHz.<br \/><strong>Formato<\/strong><br \/>AIO<br \/><strong>Memoria RAM<\/strong><br \/>8 Gb. SO-DDR4 RAM<br \/><strong>Disco duro<\/strong><br \/>256 Gb. SSD M2<br \/><strong>Unit\u00e0 ottica<\/strong><br \/>DVD-RW<br \/><strong>Carte<\/strong><br \/>Grafica: Intel HD Graphics 630 \/AMD Radeon R9 M360  4GB GDDR5<br \/>Suono: High Definition Audio<br \/>Rete: Intel Ethernet Connection I219-LM<br \/><strong>Sistema operativo<\/strong><br \/>Windows 10 Pro<br \/><strong>Porte<\/strong><br \/>2x USB 2.0<br \/>5x USB 3.0<br \/>USB-C<br \/><strong>Schermo<\/strong><br \/>Tattile 23.8 &#8221; 4K con Altoparlanti \u00b7  16:9  \u00b7 Risoluzione 3840&#215;2160<br \/><strong>Porte video<\/strong><br \/>HDMI<br \/>Display Port<br \/><strong>Multimedia<\/strong><br \/>Webcam<br \/>Lettore SD<br \/><strong>Schermo specifico<\/strong><br \/>Supporto VESA<br \/><strong>Connettivit\u00e0<\/strong><br \/>RJ-45<br \/><strong>Altri<\/strong><br \/>Imballaggio hR<br \/><strong>Dimensioni<\/strong><br \/>45x57x22 cm.<br \/><strong>Peso<\/strong><br \/>9.50 Kg.<br \/><strong>Commenti<\/strong><br \/><u>C&#8217;\u00e8 una crepa sullo schermo. Si tratta di una crepa nell&#8217;angolo in alto a destra. \u00c8 una crepa nella pellicola protettiva, non nello schermo stesso. \u00c8 appena percettibile se vista frontalmente. \u00c8 pi\u00f9 evidente se vista di lato. Tutte le altre funzioni del computer funzionano perfettamente. Sicuramente un&#8217;ottima opportunit\u00e0. Dai un&#8217;occhiata alla sezione &#8220;+ Foto&#8221; e, se hai domande, chiamaci o usa la nostra chat per ulteriori informazioni o per richiedere maggiori dettagli.<\/u><\/p>\n","protected":false},"excerpt":{"rendered":"<p>Intel Core i5 7500 3.2 GHz. \u00b7 8 Gb. SO-DDR4 RAM \u00b7<u>Vetro dello schermo incrinato (vedi &#8220;+ Foto&#8221;)<\/u> [&#8230;]<\/p>\n<p><a class=\"btn btn-secondary understrap-read-more-link\" href=\"https:\/\/digalco.com\/it\/tienda\/dell-7450-aio-238-tactil-238-aio-difetto-core-i5-32ghz-8-gb-ram-256-gb-ssd-m2-it-13624\/\">Leggi di pi\u00f9&#8230;<span class=\"screen-reader-text\"> from Dell 7450 AIO 23,8&#8243; T\u00e1ctil 23.8&#8221; AIO | Difetto | Core i5 3.2GHz | 8 GB RAM | 256 GB SSD M2<\/span><\/a><\/p>\n","protected":false},"featured_media":354528,"template":"","meta":[],"product_brand":[3852],"product_cat":[3209,3214,3211],"product_tag":[],"class_list":{"0":"post-354648","1":"product","2":"type-product","3":"status-publish","4":"has-post-thumbnail","6":"product_brand-dell","7":"product_cat-computer-it","8":"product_cat-computer-con-difetti-it","9":"product_cat-computer-tutto-in-uno-it","11":"first","12":"instock","13":"taxable","14":"shipping-taxable","15":"purchasable","16":"product-type-simple"},"bundled_by":[],"bundle_stock_status":"instock","bundle_stock_quantity":8,"bundle_virtual":false,"bundle_layout":"","bundle_add_to_cart_form_location":"","bundle_editable_in_cart":false,"bundle_sold_individually_context":"","bundle_item_grouping":"","bundle_min_size":"","bundle_max_size":"","bundle_price":[],"bundled_items":[],"bundle_sell_ids":[],"exclude_global_add_ons":true,"addons":{"ram-memory-upgrades":{"name":"Espansione RAM","type":"multiple_choice","position":0,"required":false,"title_format":"heading","default":"","description_enable":false,"description":"","placeholder_enable":false,"placeholder":"","display":"radiobutton","restrictions_type":"any_text","adjust_price":false,"price":"","price_type":"quantity_based","restrictions":false,"min":"0","max":"0","options":[{"label":"DDR4 16 Gb SO-DIMM RAM extension [AMP00081]","price":"60.0000","price_type":"quantity_based","image":0,"visibility":true}]},"hdd-upgrades":{"name":"Estensione HDD","type":"multiple_choice","position":0,"required":false,"title_format":"heading","default":"","description_enable":false,"description":"","placeholder_enable":false,"placeholder":"","display":"radiobutton","restrictions_type":"any_text","adjust_price":false,"price":"","price_type":"quantity_based","restrictions":false,"min":"0","max":"0","options":[{"label":"SSD 500 Gb. M.2 2280 PCIe Upgrade [AMP00106]","price":"110.0000","price_type":"quantity_based","image":0,"visibility":true},{"label":"SSD 1 Tb. M.2 2280 PCIe Upgrade [AMP00107]","price":"165.0000","price_type":"quantity_based","image":0,"visibility":true}]},"network-card-upgrades":{"name":"Estensione WIFI","type":"multiple_choice","position":0,"required":false,"title_format":"heading","default":"","description_enable":false,"description":"","placeholder_enable":false,"placeholder":"","display":"radiobutton","restrictions_type":"any_text","adjust_price":false,"price":"","price_type":"quantity_based","restrictions":false,"min":"0","max":"0","options":[{"label":"Wireless nano USB Upgrade [AMP00018]","price":"15.0000","price_type":"quantity_based","image":0,"visibility":true}]},"os-upgrades":{"name":"Estensione SO","type":"multiple_choice","position":0,"required":false,"title_format":"heading","default":"","description_enable":false,"description":"","placeholder_enable":false,"placeholder":"","display":"radiobutton","restrictions_type":"any_text","adjust_price":false,"price":"","price_type":"quantity_based","restrictions":false,"min":"0","max":"0","options":[{"label":"Change language to French [AMP00125]","price":"0.0000","price_type":"quantity_based","image":0,"visibility":true},{"label":"Change language to English [AMP00008]","price":"0.0000","price_type":"quantity_based","image":0,"visibility":true},{"label":"Change language to Portuguese [AMP00009]","price":"0.0000","price_type":"quantity_based","image":0,"visibility":true}]}},"df_price":211,"df_sale_price":"","df_regular_price":211,"df_image_link":"https:\/\/digalco.com\/wp-content\/uploads\/images\/product\/13624\/dell01425tr01_01-300x225.jpg","_links":{"self":[{"href":"https:\/\/digalco.com\/it\/wp-json\/wp\/v2\/product\/354648","targetHints":{"allow":["GET"]}}],"collection":[{"href":"https:\/\/digalco.com\/it\/wp-json\/wp\/v2\/product"}],"about":[{"href":"https:\/\/digalco.com\/it\/wp-json\/wp\/v2\/types\/product"}],"wp:featuredmedia":[{"embeddable":true,"href":"https:\/\/digalco.com\/it\/wp-json\/wp\/v2\/media\/354528"}],"wp:attachment":[{"href":"https:\/\/digalco.com\/it\/wp-json\/wp\/v2\/media?parent=354648"}],"wp:term":[{"taxonomy":"product_brand","embeddable":true,"href":"https:\/\/digalco.com\/it\/wp-json\/wp\/v2\/product_brand?post=354648"},{"taxonomy":"product_cat","embeddable":true,"href":"https:\/\/digalco.com\/it\/wp-json\/wp\/v2\/product_cat?post=354648"},{"taxonomy":"product_tag","embeddable":true,"href":"https:\/\/digalco.com\/it\/wp-json\/wp\/v2\/product_tag?post=354648"}],"curies":[{"name":"wp","href":"https:\/\/api.w.org\/{rel}","templated":true}]}}