{"id":358015,"date":"2026-05-08T09:49:12","date_gmt":"2026-05-08T07:49:12","guid":{"rendered":"https:\/\/digalco.com\/tienda\/hp-zbook-fury-15-g8-impecable-156-ricondizionato-core-i7-25ghz-32-gb-ram-512-gb-ssd-m2-1920x1080-it-15103\/"},"modified":"2026-05-08T10:37:50","modified_gmt":"2026-05-08T08:37:50","slug":"hp-zbook-fury-15-g8-impecable-156-ricondizionato-core-i7-25ghz-32-gb-ram-512-gb-ssd-m2-1920x1080-it-15103","status":"publish","type":"product","link":"https:\/\/digalco.com\/it\/tienda\/hp-zbook-fury-15-g8-impecable-156-ricondizionato-core-i7-25ghz-32-gb-ram-512-gb-ssd-m2-1920x1080-it-15103\/","title":{"rendered":"HP ZBook Fury 15 G8-Impecable 15.6&#8221; | Ricondizionato | Core i7 2.5GHz | 32 GB RAM | 512 GB SSD M2 1920&#215;1080"},"content":{"rendered":"<p><strong>Processore<\/strong><br \/>Intel Core i7 11850H 2.5 GHz.<br \/><strong>Memoria RAM<\/strong><br \/>32 Gb. SO-DDR4 RAM<br \/><strong>Disco duro<\/strong><br \/>512 Gb. SSD M2<br \/><strong>Carte<\/strong><br \/>Grafica: Nvidia RTX A2000 4GB<br \/>Suono: Bang &amp; Olufsen audio<br \/>Rete: Intel Connection L219-LM<br \/><strong>Sistema operativo<\/strong><br \/>Windows 11 Pro<br \/><strong>Porte<\/strong><br \/>2x USB-C<br \/>2x USB 3.1<br \/><strong>Schermo<\/strong><br \/>IPS 15.6 &#8221; FullHD 16:9 \u00b7 Risoluzione 1920&#215;1080<br \/><strong>Porte video<\/strong><br \/>HDMI<br \/>Mini Display Port<br \/><strong>Multimedia<\/strong><br \/>Webcam<br \/>Lettore SD<br \/>Lettore impronte<br \/>Lettore DNI<br \/><strong>Connettivit\u00e0<\/strong><br \/>RJ-45<br \/>WIFI<br \/>Bluetooth<br \/><strong>Specifico portatile<\/strong><br \/>Lingua tastiera Spagnolo<br \/>Tastierino numerico<br \/><strong>Altri<\/strong><br \/>Imballaggio hR<br \/><strong>Dimensioni<\/strong><br \/>36x24x2.5 cm.<br \/><strong>Peso<\/strong><br \/>2.42 Kg.<br \/><strong>Specifiche aggiuntive<\/strong><br \/>L&#8217;HP ZBook Fury 15 G8 \u00e8 una workstation mobile di massima gamma progettata da HP per i professionisti pi\u00f9 esigenti dei mondi creativo, tecnico e dell&#8217;ingegneria, combinando in uno chassis da 15,6 pollici una potenza di calcolo e una capacit\u00e0 di espansione che di solito si trovano solo nelle workstation desktop ad alto costo. All&#8217;interno della gamma ZBook Fury, la generazione G8 rappresenta il picco di prestazioni della piattaforma Intel di undicesima generazione in formato laptop professionale, e la configurazione con processore i7, 32 GB di RAM e GPU professionale RTX A2000 la colloca nella parte pi\u00f9 alta di ci\u00f2 che una workstation mobile pu\u00f2 offrire nella sua categoria. Il suo processore Intel Core i7-11850H a 2,5 GHz, chip Tiger Lake-H di undicesima generazione con otto core e sedici thread progettato specificamente per carichi di lavoro di workstation intensivi e sostenuti, rappresenta un salto qualitativo significativo rispetto ai chip a sei core offrendo parallelismo reale a otto core per compilazione, simulazione, rendering e analisi dei dati con una capacit\u00e0 di elaborazione che nessun i5 pu\u00f2 eguagliare in scenari di carico multi-thread sostenuto. I 32 GB di RAM SO-DDR4 configurano una base di lavoro eccezionale per le applicazioni pi\u00f9 esigenti del mercato, consentendo di gestire con piena fluidit\u00e0 progetti di grande scala in CAD, DCC, analisi dei dati, virtualizzazione e flussi di lavoro multistrato senza limitazioni di memoria. L&#8217;archiviazione principale \u00e8 affidata a un SSD M.2 da 512 GB ad alta velocit\u00e0, e il sistema si distingue per disporre di tre slot M.2 2280 aggiuntivi liberi, una capacit\u00e0 di espansione dello storage nativa davvero eccezionale per una workstation mobile che consente di scalare fino a configurazioni di archiviazione di diversi terabyte senza modificare l&#8217;unit\u00e0 principale n\u00e9 ricorrere a soluzioni esterne. La scheda grafica dedicata nVidia RTX A2000 con 4 GB di memoria GDDR6 \u00e8 una GPU di categoria professionale certificata per software specializzato di progettazione CAD, visualizzazione scientifica, rendering, simulazione e produzione di contenuti che offre stabilit\u00e0 del driver, precisione di calcolo e affidabilit\u00e0 nelle applicazioni professionali pi\u00f9 critiche del mercato. Il display IPS da 15,6 pollici con risoluzione FullHD 1920&#215;1080 e rapporto d&#8217;aspetto 16:9 offre riproduzione cromatica accurata e ampi angoli di visione per lavoro creativo e tecnico. Il sistema integra webcam, lettore di schede SD, lettore di impronte digitali e lettore di carta d&#8217;identit\u00e0 per autenticazione biometrica e con certificato digitale di livello aziendale. Il sistema operativo installato \u00e8 Windows 11 Pro, pronto per ambienti aziendali, accesso remoto e gestione centralizzata fin dal primo avvio. Un HP ZBook Fury 15 G8 ricondizionato in stato impeccabile che rappresenta la workstation mobile pi\u00f9 completa, potente e scalabile disponibile nel mercato ricondizionato.<strong>Aspetto Esteriore Impeccabile<\/strong>. Se hai qualche dubbio chiamaci o usa la nostra chat per avere maggiori informazioni o per richiedere ulteriori dettagli.<br \/><strong>Commenti<\/strong><br \/><u>nVidia RTX A2000 4Gb GDDR6 &#8211; 3xM.2 2280 per spazio di archiviazione disponibile<\/u><\/p>\n","protected":false},"excerpt":{"rendered":"<p>Intel Core i7 11850H 2.5 GHz. \u00b7 32 Gb. SO-DDR4 RAM \u00b7 512 Gb. SSD M2 \u00b7 <strong>Windows 11 Pro<\/strong> \u00b7 IPS 15.6 &#8221; FullHD 16:9 \u00b7 Webcam \u00b7<br \/>\n<strong>nVidia RTX A2000 4Gb GDDR6<\/strong> &#8211; <u>3xM.2 2280 per spazio di archiviazione disponibile<\/u> [&#8230;]<\/p>\n<p><a class=\"btn btn-secondary understrap-read-more-link\" href=\"https:\/\/digalco.com\/it\/tienda\/hp-zbook-fury-15-g8-impecable-156-ricondizionato-core-i7-25ghz-32-gb-ram-512-gb-ssd-m2-1920x1080-it-15103\/\">Leggi di pi\u00f9&#8230;<span class=\"screen-reader-text\"> from HP ZBook Fury 15 G8-Impecable 15.6&#8221; | Ricondizionato | Core i7 2.5GHz | 32 GB RAM | 512 GB SSD M2 1920&#215;1080<\/span><\/a><\/p>\n","protected":false},"featured_media":357915,"template":"","meta":[],"product_brand":[3854],"product_cat":[3336,3221,3223],"product_tag":[],"class_list":{"0":"post-358015","1":"product","2":"type-product","3":"status-publish","4":"has-post-thumbnail","6":"product_brand-hp","7":"product_cat-portatili-15-16-it","8":"product_cat-portatili-it","9":"product_cat-portatili-workstations-it","11":"first","12":"instock","13":"taxable","14":"shipping-taxable","15":"purchasable","16":"product-type-simple"},"bundled_by":[],"bundle_stock_status":"instock","bundle_stock_quantity":10,"bundle_virtual":false,"bundle_layout":"","bundle_add_to_cart_form_location":"","bundle_editable_in_cart":false,"bundle_sold_individually_context":"","bundle_item_grouping":"","bundle_min_size":"","bundle_max_size":"","bundle_price":[],"bundled_items":[],"bundle_sell_ids":[],"exclude_global_add_ons":true,"addons":{"keyboard-iso-upgrades":{"name":"Seleziona lingua della tastiera","type":"multiple_choice","position":0,"required":false,"title_format":"heading","default":"","description_enable":false,"description":"","placeholder_enable":false,"placeholder":"","display":"radiobutton","restrictions_type":"any_text","adjust_price":false,"price":"","price_type":"quantity_based","restrictions":false,"min":"0","max":"0","options":[{"label":"French Stickers [AMP00084]","price":"0.0000","price_type":"quantity_based","image":0,"visibility":true},{"label":"Portuguese Stickers [AMP00083]","price":"0.0000","price_type":"quantity_based","image":0,"visibility":true}]},"hdd-upgrades":{"name":"Estensione HDD","type":"multiple_choice","position":0,"required":false,"title_format":"heading","default":"","description_enable":false,"description":"","placeholder_enable":false,"placeholder":"","display":"radiobutton","restrictions_type":"any_text","adjust_price":false,"price":"","price_type":"quantity_based","restrictions":false,"min":"0","max":"0","options":[{"label":"SSD 1 Tb. M.2 2280 PCIe Upgrade [AMP00107]","price":"165.0000","price_type":"quantity_based","image":0,"visibility":true},{"label":"Additional SSD 500 Gb. M.2 2280 PCIe [AMP00108]","price":"115.0000","price_type":"quantity_based","image":0,"visibility":true},{"label":"1 Tb SSD disk. M.2 2280 PCIe Additional [AMP00109]","price":"170.0000","price_type":"quantity_based","image":0,"visibility":true}]},"os-upgrades":{"name":"Estensione SO","type":"multiple_choice","position":0,"required":false,"title_format":"heading","default":"","description_enable":false,"description":"","placeholder_enable":false,"placeholder":"","display":"radiobutton","restrictions_type":"any_text","adjust_price":false,"price":"","price_type":"quantity_based","restrictions":false,"min":"0","max":"0","options":[{"label":"Change language to French [AMP00125]","price":"0.0000","price_type":"quantity_based","image":0,"visibility":true},{"label":"Change language to English [AMP00008]","price":"0.0000","price_type":"quantity_based","image":0,"visibility":true},{"label":"Change language to Portuguese [AMP00009]","price":"0.0000","price_type":"quantity_based","image":0,"visibility":true}]},"briefcase-upgrades":{"name":"Valigetta","type":"multiple_choice","position":0,"required":false,"title_format":"heading","default":"","description_enable":false,"description":"","placeholder_enable":false,"placeholder":"","display":"radiobutton","restrictions_type":"any_text","adjust_price":false,"price":"","price_type":"quantity_based","restrictions":false,"min":"0","max":"0","options":[{"label":"Laptop Briefcase [AMP00041]","price":"5.0000","price_type":"quantity_based","image":0,"visibility":true}]}},"df_price":977,"df_sale_price":"","df_regular_price":977,"df_image_link":"https:\/\/digalco.com\/wp-content\/uploads\/images\/product\/15103\/hp03379_01-300x225.jpg","_links":{"self":[{"href":"https:\/\/digalco.com\/it\/wp-json\/wp\/v2\/product\/358015","targetHints":{"allow":["GET"]}}],"collection":[{"href":"https:\/\/digalco.com\/it\/wp-json\/wp\/v2\/product"}],"about":[{"href":"https:\/\/digalco.com\/it\/wp-json\/wp\/v2\/types\/product"}],"wp:featuredmedia":[{"embeddable":true,"href":"https:\/\/digalco.com\/it\/wp-json\/wp\/v2\/media\/357915"}],"wp:attachment":[{"href":"https:\/\/digalco.com\/it\/wp-json\/wp\/v2\/media?parent=358015"}],"wp:term":[{"taxonomy":"product_brand","embeddable":true,"href":"https:\/\/digalco.com\/it\/wp-json\/wp\/v2\/product_brand?post=358015"},{"taxonomy":"product_cat","embeddable":true,"href":"https:\/\/digalco.com\/it\/wp-json\/wp\/v2\/product_cat?post=358015"},{"taxonomy":"product_tag","embeddable":true,"href":"https:\/\/digalco.com\/it\/wp-json\/wp\/v2\/product_tag?post=358015"}],"curies":[{"name":"wp","href":"https:\/\/api.w.org\/{rel}","templated":true}]}}