{"id":358337,"date":"2026-05-08T12:51:31","date_gmt":"2026-05-08T10:51:31","guid":{"rendered":"https:\/\/digalco.com\/tienda\/elo-et1525c-4swe-3-crt-15-crt-43-ricondizionato-1024x768-it-15157\/"},"modified":"2026-05-08T12:52:05","modified_gmt":"2026-05-08T10:52:05","slug":"elo-et1525c-4swe-3-crt-15-crt-43-ricondizionato-1024x768-it-15157","status":"publish","type":"product","link":"https:\/\/digalco.com\/it\/tienda\/elo-et1525c-4swe-3-crt-15-crt-43-ricondizionato-1024x768-it-15157\/","title":{"rendered":"ELO ET1525C-4SWE-3 CRT 15&#8221; CRT 4:3 | Ricondizionato | 1024&#215;768"},"content":{"rendered":"<p><strong>Schermo<\/strong><br \/>CRT 15 &#8221; HD 4:3 \u00b7 Risoluzione 1024&#215;768<br \/><strong>Porte video<\/strong><br \/>VGA<br \/><strong>Schermo specifico<\/strong><br \/>Supporto VESA<br \/>Peana<br \/><strong>Altri<\/strong><br \/>Imballaggio hR<br \/><strong>Dimensioni<\/strong><br \/>36x37x39 cm.<br \/><strong>Peso<\/strong><br \/>14.00 Kg.<br \/><strong>Specifiche aggiuntive<\/strong><br \/>L\u2019ELO ET1525C-4SWE-3 CRT 15\u201d \u00e8 un monitor CRT da 15 pollici in formato 4:3, pensato per ambienti in cui \u00e8 necessaria compatibilit\u00e0 con apparecchiature datate, sistemi tecnici, applicazioni legacy, retroinformatica, banchi di prova o configurazioni che richiedono ancora connessione VGA e tecnologia a tubo. Il suo schermo CRT HD da 15 pollici offre una risoluzione di 1024&#215;768, adatta ad applicazioni classiche, terminali, sistemi industriali, software datati e apparecchiature che lavorano con formati d\u2019immagine tradizionali. Il formato 4:3 consente di mantenere una visualizzazione coerente con interfacce non panoramiche e ambienti in cui i moderni monitor widescreen non sono l\u2019opzione pi\u00f9 adatta. La connessione VGA facilita l\u2019integrazione con computer, workstation, sistemi tecnici o apparecchiature che mantengono uscita analogica. Inoltre, include cavo di alimentazione e cavo VGA, permettendo un\u2019installazione semplice con l\u2019apparecchiatura compatibile corrispondente. \u00c8 una soluzione pratica per aziende, laboratori, utenti tecnici, restauratori di apparecchiature classiche, ambienti industriali o configurazioni professionali in cui \u00e8 ancora necessario un monitor CRT funzionale, compatto e pronto per usi specifici.Buon aspetto esterno. Consulta \u201c+ Foto\u201d e, se hai dubbi, chiamaci o usa la nostra chat per ricevere maggiori informazioni o ulteriori dettagli.<br \/><strong>Commenti<\/strong><br \/><u>Cavo di alimentazione e VGA inclusi<\/u><\/p>\n","protected":false},"excerpt":{"rendered":"<p>CRT 15 &#8221; HD 4:3 \u00b7 Risoluzione 1024&#215;768 \u00b7 VGA \u00b7<br \/>\n<u>Cavo di alimentazione e VGA inclusi<\/u> [&#8230;]<\/p>\n<p><a class=\"btn btn-secondary understrap-read-more-link\" href=\"https:\/\/digalco.com\/it\/tienda\/elo-et1525c-4swe-3-crt-15-crt-43-ricondizionato-1024x768-it-15157\/\">Leggi di pi\u00f9&#8230;<span class=\"screen-reader-text\"> from ELO ET1525C-4SWE-3 CRT 15&#8221; CRT 4:3 | Ricondizionato | 1024&#215;768<\/span><\/a><\/p>\n","protected":false},"featured_media":358217,"template":"","meta":[],"product_brand":[3874],"product_cat":[3318,3218,3296,3215],"product_tag":[],"class_list":{"0":"post-358337","1":"product","2":"type-product","3":"status-publish","4":"has-post-thumbnail","6":"product_brand-elo","7":"product_cat-monitor-15-it","8":"product_cat-monitor-altri-it","9":"product_cat-industriale-obsoleto-it","10":"product_cat-monitor-it","12":"first","13":"instock","14":"taxable","15":"shipping-taxable","16":"purchasable","17":"product-type-simple"},"bundled_by":[],"bundle_stock_status":"instock","bundle_stock_quantity":1,"bundle_virtual":false,"bundle_layout":"","bundle_add_to_cart_form_location":"","bundle_editable_in_cart":false,"bundle_sold_individually_context":"","bundle_item_grouping":"","bundle_min_size":"","bundle_max_size":"","bundle_price":[],"bundled_items":[],"bundle_sell_ids":[],"exclude_global_add_ons":[],"addons":[],"df_price":199,"df_sale_price":"","df_regular_price":199,"df_image_link":"https:\/\/digalco.com\/wp-content\/uploads\/images\/product\/15157\/elo00018_01-300x225.jpg","_links":{"self":[{"href":"https:\/\/digalco.com\/it\/wp-json\/wp\/v2\/product\/358337","targetHints":{"allow":["GET"]}}],"collection":[{"href":"https:\/\/digalco.com\/it\/wp-json\/wp\/v2\/product"}],"about":[{"href":"https:\/\/digalco.com\/it\/wp-json\/wp\/v2\/types\/product"}],"wp:featuredmedia":[{"embeddable":true,"href":"https:\/\/digalco.com\/it\/wp-json\/wp\/v2\/media\/358217"}],"wp:attachment":[{"href":"https:\/\/digalco.com\/it\/wp-json\/wp\/v2\/media?parent=358337"}],"wp:term":[{"taxonomy":"product_brand","embeddable":true,"href":"https:\/\/digalco.com\/it\/wp-json\/wp\/v2\/product_brand?post=358337"},{"taxonomy":"product_cat","embeddable":true,"href":"https:\/\/digalco.com\/it\/wp-json\/wp\/v2\/product_cat?post=358337"},{"taxonomy":"product_tag","embeddable":true,"href":"https:\/\/digalco.com\/it\/wp-json\/wp\/v2\/product_tag?post=358337"}],"curies":[{"name":"wp","href":"https:\/\/api.w.org\/{rel}","templated":true}]}}