{"id":159815,"date":"2024-02-06T11:11:24","date_gmt":"2024-02-06T10:11:24","guid":{"rendered":"https:\/\/digalco.com\/tienda\/opcao-portatil-for-apple-white-spanish-keyboard-novo-pt-6104\/"},"modified":"2024-11-07T20:17:44","modified_gmt":"2024-11-07T19:17:44","slug":"opcao-portatil-for-apple-white-spanish-keyboard-novo-pt-6104","status":"publish","type":"product","link":"https:\/\/digalco.com\/pt-pt\/produto\/opcao-portatil-for-apple-white-spanish-keyboard-novo-pt-6104\/","title":{"rendered":"Op\u00e7\u00e3o port\u00e1til  For APPLE White Spanish Keyboard Novo"},"content":{"rendered":"<p><strong>Caracteristicas:<\/strong><br \/>Adesivos universais para convers&atilde;o de teclado internacional para espanhol. Design de etiqueta espec\u00edfico para a maioria dos teclados de laptop APPLE. Veja em &#8221;+ Imagens&#8221;.<br \/><strong>As especifica&ccedil;&otilde;es t\u00e9cnicas:<\/strong><br \/>48 chaves<br \/>Tamanho da chave: 13 x 13 mm.<br \/>Letras pretas em fundo branco<br \/>Alta resist&ecirc;ncia e durabilidade.<br \/>Marca: Hardware Refurbished<\/p>\n","protected":false},"excerpt":{"rendered":"<p>Adesivos universais para convers&atilde;o de teclado internacional para espanhol. Design de etiqueta espec\u00edfico para a maioria dos teclados de laptop APPLE. Veja em &#8221;+ Imagens&#8221;. [&#8230;]<\/p>\n<p><a class=\"btn btn-secondary understrap-read-more-link\" href=\"https:\/\/digalco.com\/pt-pt\/produto\/opcao-portatil-for-apple-white-spanish-keyboard-novo-pt-6104\/\">Continuar a ler&#8230;<span class=\"screen-reader-text\"> from Op\u00e7\u00e3o port\u00e1til  For APPLE White Spanish Keyboard Novo<\/span><\/a><\/p>\n","protected":false},"featured_media":159812,"template":"","meta":[],"product_brand":[3864],"product_cat":[1515,3045,3069],"product_tag":[],"class_list":{"0":"post-159815","1":"product","2":"type-product","3":"status-publish","4":"has-post-thumbnail","6":"product_brand-generic","7":"product_cat-laptops-pt","8":"product_cat-laptops-opcaos-pt","9":"product_cat-laptops-opcaos-adesivos-teclado-pt","11":"first","12":"instock","13":"taxable","14":"shipping-taxable","15":"purchasable","16":"product-type-simple"},"bundled_by":[],"bundle_stock_status":"instock","bundle_stock_quantity":188,"bundle_virtual":false,"bundle_layout":"","bundle_add_to_cart_form_location":"","bundle_editable_in_cart":false,"bundle_sold_individually_context":"","bundle_item_grouping":"","bundle_min_size":"","bundle_max_size":"","bundle_price":[],"bundled_items":[],"bundle_sell_ids":[],"exclude_global_add_ons":[],"addons":[],"df_price":6,"df_sale_price":"","df_regular_price":6,"df_image_link":"https:\/\/digalco.com\/wp-content\/uploads\/images\/product\/6104\/gene00236_01-300x225.jpg","_links":{"self":[{"href":"https:\/\/digalco.com\/pt-pt\/wp-json\/wp\/v2\/product\/159815","targetHints":{"allow":["GET"]}}],"collection":[{"href":"https:\/\/digalco.com\/pt-pt\/wp-json\/wp\/v2\/product"}],"about":[{"href":"https:\/\/digalco.com\/pt-pt\/wp-json\/wp\/v2\/types\/product"}],"wp:featuredmedia":[{"embeddable":true,"href":"https:\/\/digalco.com\/pt-pt\/wp-json\/wp\/v2\/media\/159812"}],"wp:attachment":[{"href":"https:\/\/digalco.com\/pt-pt\/wp-json\/wp\/v2\/media?parent=159815"}],"wp:term":[{"taxonomy":"product_brand","embeddable":true,"href":"https:\/\/digalco.com\/pt-pt\/wp-json\/wp\/v2\/product_brand?post=159815"},{"taxonomy":"product_cat","embeddable":true,"href":"https:\/\/digalco.com\/pt-pt\/wp-json\/wp\/v2\/product_cat?post=159815"},{"taxonomy":"product_tag","embeddable":true,"href":"https:\/\/digalco.com\/pt-pt\/wp-json\/wp\/v2\/product_tag?post=159815"}],"curies":[{"name":"wp","href":"https:\/\/api.w.org\/{rel}","templated":true}]}}