{"id":159846,"date":"2024-02-06T11:11:26","date_gmt":"2024-02-06T10:11:26","guid":{"rendered":"https:\/\/digalco.com\/tienda\/opcao-portatil-lenovo-thinkpad-onelink-pro-dock-recondicionado-pt-6021\/"},"modified":"2024-11-07T20:21:30","modified_gmt":"2024-11-07T19:21:30","slug":"opcao-portatil-lenovo-thinkpad-onelink-pro-dock-recondicionado-pt-6021","status":"publish","type":"product","link":"https:\/\/digalco.com\/pt-pt\/produto\/opcao-portatil-lenovo-thinkpad-onelink-pro-dock-recondicionado-pt-6021\/","title":{"rendered":"Op\u00e7\u00e3o port\u00e1til Lenovo ThinkPad OneLink Pro Dock Recondicionado"},"content":{"rendered":"<p><strong>Puertos:<\/strong><br \/>4xUSB 3.0, 2xUSB 2.0, 1xUSB 3.0, 1xDVI-D, 1xDisplayPort, 1xEthernet, 2xAudio<br \/><strong>Compatibilidad:<\/strong><br \/>ThinkPad E455, E450, E550, E550c, E555, E540, E440, E455, E531, E431<br \/>ThinkPad S440, S431, S540, S531<br \/>ThinkPad Yoga, Yoga 12, Yoga 14 (Type 20DM, 20DN), Yoga 15<br \/>ThinkPad X1 Carbon 20BS, 20BT, 20A7, 20A8<br \/><strong>Otros:<\/strong><br \/><u>Adaptador de corriente no incluido<\/u><\/p>\n","protected":false},"excerpt":{"rendered":"<p><u>Adaptador de corriente no incluido <\/u>&#8211; Compatible con: ThinkPad E455, E450, E550, E550c, E555, E540, E440, E455, E531, E431, ThinkPad S440, S431, S540, S531, ThinkPad Yoga, Yoga 12, Yoga 14 (Type 20DM, 20DN), Yoga 15, ThinkPad X1 Carbon 20BS, 20BT, 20A7, 20A8 [&#8230;]<\/p>\n<p><a class=\"btn btn-secondary understrap-read-more-link\" href=\"https:\/\/digalco.com\/pt-pt\/produto\/opcao-portatil-lenovo-thinkpad-onelink-pro-dock-recondicionado-pt-6021\/\">Continuar a ler&#8230;<span class=\"screen-reader-text\"> from Op\u00e7\u00e3o port\u00e1til Lenovo ThinkPad OneLink Pro Dock Recondicionado<\/span><\/a><\/p>\n","protected":false},"featured_media":159820,"template":"","meta":[],"product_brand":[3856],"product_cat":[1515,3045,3057],"product_tag":[],"class_list":{"0":"post-159846","1":"product","2":"type-product","3":"status-publish","4":"has-post-thumbnail","6":"product_brand-lenovo","7":"product_cat-laptops-pt","8":"product_cat-laptops-opcaos-pt","9":"product_cat-laptops-opcaos-docking-station-pt","11":"first","12":"instock","13":"taxable","14":"shipping-taxable","15":"purchasable","16":"product-type-simple"},"bundled_by":[],"bundle_stock_status":"instock","bundle_stock_quantity":11,"bundle_virtual":false,"bundle_layout":"","bundle_add_to_cart_form_location":"","bundle_editable_in_cart":false,"bundle_sold_individually_context":"","bundle_item_grouping":"","bundle_min_size":"","bundle_max_size":"","bundle_price":[],"bundled_items":[],"bundle_sell_ids":[],"exclude_global_add_ons":[],"addons":[],"df_price":45,"df_sale_price":"","df_regular_price":45,"df_image_link":"https:\/\/digalco.com\/wp-content\/uploads\/images\/product\/6021\/leno00531_01-300x225.jpg","_links":{"self":[{"href":"https:\/\/digalco.com\/pt-pt\/wp-json\/wp\/v2\/product\/159846","targetHints":{"allow":["GET"]}}],"collection":[{"href":"https:\/\/digalco.com\/pt-pt\/wp-json\/wp\/v2\/product"}],"about":[{"href":"https:\/\/digalco.com\/pt-pt\/wp-json\/wp\/v2\/types\/product"}],"wp:featuredmedia":[{"embeddable":true,"href":"https:\/\/digalco.com\/pt-pt\/wp-json\/wp\/v2\/media\/159820"}],"wp:attachment":[{"href":"https:\/\/digalco.com\/pt-pt\/wp-json\/wp\/v2\/media?parent=159846"}],"wp:term":[{"taxonomy":"product_brand","embeddable":true,"href":"https:\/\/digalco.com\/pt-pt\/wp-json\/wp\/v2\/product_brand?post=159846"},{"taxonomy":"product_cat","embeddable":true,"href":"https:\/\/digalco.com\/pt-pt\/wp-json\/wp\/v2\/product_cat?post=159846"},{"taxonomy":"product_tag","embeddable":true,"href":"https:\/\/digalco.com\/pt-pt\/wp-json\/wp\/v2\/product_tag?post=159846"}],"curies":[{"name":"wp","href":"https:\/\/api.w.org\/{rel}","templated":true}]}}