{"id":160070,"date":"2024-02-06T11:12:01","date_gmt":"2024-02-06T10:12:01","guid":{"rendered":"https:\/\/digalco.com\/tienda\/opcao-portatil-hardware-refurbished-docking-station-microsoft-surface-pro-34-1664-ocasion-recondicionado-pt-7321\/"},"modified":"2024-02-21T15:50:02","modified_gmt":"2024-02-21T14:50:02","slug":"opcao-portatil-hardware-refurbished-docking-station-microsoft-surface-pro-34-1664-ocasion-recondicionado-pt-7321","status":"publish","type":"product","link":"https:\/\/digalco.com\/pt-pt\/produto\/opcao-portatil-hardware-refurbished-docking-station-microsoft-surface-pro-34-1664-ocasion-recondicionado-pt-7321\/","title":{"rendered":"Op\u00e7\u00e3o port\u00e1til Hardware | Refurbished Docking Station MICROSOFT Surface Pro 3\/4 1664 Ocasi\u00f3n | Recondicionado"},"content":{"rendered":"<p><b>Portas<\/b><br \/>3xUSB 3.0, 2xUSB 2.0, 1xMini DisplayPort, 1xEthernet, 1xLine-In, 1xLine-Out<br \/><b>Outras<\/b><br \/>Adaptador de energia inclu\u00eddo<\/p>\n","protected":false},"excerpt":{"rendered":"<p>3xUSB 3.0, 2xUSB 2.0, 1xMini DisplayPort, 1xEthernet, 1xLine-In, 1xLine-Out &#8211; Adaptador de alimenta\u00e7\u00e3o inclu\u00eddo [&#8230;]<\/p>\n<p><a class=\"btn btn-secondary understrap-read-more-link\" href=\"https:\/\/digalco.com\/pt-pt\/produto\/opcao-portatil-hardware-refurbished-docking-station-microsoft-surface-pro-34-1664-ocasion-recondicionado-pt-7321\/\">Continuar a ler&#8230;<span class=\"screen-reader-text\"> from Op\u00e7\u00e3o port\u00e1til Hardware | Refurbished Docking Station MICROSOFT Surface Pro 3\/4 1664 Ocasi\u00f3n | Recondicionado<\/span><\/a><\/p>\n","protected":false},"featured_media":160051,"template":"","meta":[],"product_brand":[3953],"product_cat":[1583,1579],"product_tag":[],"class_list":{"0":"post-160070","1":"product","2":"type-product","3":"status-publish","4":"has-post-thumbnail","6":"product_brand-prostcomputer","7":"product_cat-tablets-opcaos-pt","8":"product_cat-tablets-pt","10":"first","11":"instock","12":"taxable","13":"shipping-taxable","14":"purchasable","15":"product-type-simple"},"bundled_by":[],"bundle_stock_status":"instock","bundle_stock_quantity":6,"bundle_virtual":false,"bundle_layout":"","bundle_add_to_cart_form_location":"","bundle_editable_in_cart":false,"bundle_sold_individually_context":"","bundle_item_grouping":"","bundle_min_size":"","bundle_max_size":"","bundle_price":[],"bundled_items":[],"bundle_sell_ids":[],"exclude_global_add_ons":[],"addons":[],"df_price":90,"df_sale_price":"","df_regular_price":90,"df_image_link":"https:\/\/digalco.com\/wp-content\/uploads\/images\/product\/7321\/docksurfp4_01-300x225.jpg","_links":{"self":[{"href":"https:\/\/digalco.com\/pt-pt\/wp-json\/wp\/v2\/product\/160070","targetHints":{"allow":["GET"]}}],"collection":[{"href":"https:\/\/digalco.com\/pt-pt\/wp-json\/wp\/v2\/product"}],"about":[{"href":"https:\/\/digalco.com\/pt-pt\/wp-json\/wp\/v2\/types\/product"}],"wp:featuredmedia":[{"embeddable":true,"href":"https:\/\/digalco.com\/pt-pt\/wp-json\/wp\/v2\/media\/160051"}],"wp:attachment":[{"href":"https:\/\/digalco.com\/pt-pt\/wp-json\/wp\/v2\/media?parent=160070"}],"wp:term":[{"taxonomy":"product_brand","embeddable":true,"href":"https:\/\/digalco.com\/pt-pt\/wp-json\/wp\/v2\/product_brand?post=160070"},{"taxonomy":"product_cat","embeddable":true,"href":"https:\/\/digalco.com\/pt-pt\/wp-json\/wp\/v2\/product_cat?post=160070"},{"taxonomy":"product_tag","embeddable":true,"href":"https:\/\/digalco.com\/pt-pt\/wp-json\/wp\/v2\/product_tag?post=160070"}],"curies":[{"name":"wp","href":"https:\/\/api.w.org\/{rel}","templated":true}]}}