{"id":160202,"date":"2024-02-06T11:12:29","date_gmt":"2024-02-06T10:12:29","guid":{"rendered":"https:\/\/digalco.com\/tienda\/grande-quantidade-samsung-syncmaster-204bm-pack-10-recondicionado-pt-10154\/"},"modified":"2024-11-07T19:50:26","modified_gmt":"2024-11-07T18:50:26","slug":"grande-quantidade-samsung-syncmaster-204bm-pack-10-recondicionado-pt-10154","status":"publish","type":"product","link":"https:\/\/digalco.com\/pt-pt\/produto\/grande-quantidade-samsung-syncmaster-204bm-pack-10-recondicionado-pt-10154\/","title":{"rendered":"Grande quantidade Samsung SyncMaster 204BM Pack 10 Recondicionado"},"content":{"rendered":"<p><strong>Tela<\/strong><br \/>TFT 20 &#8221; HD  4:3  \u00b7 Resolu\u00e7\u00e3o 1600&#215;900<br \/>Dot pitch 0.294 mm<br \/>Resposta 5 ms<br \/>Contraste 1000:1<br \/>Brilho 300 cd\/m2<br \/>\u00c2ngulo vis\u00e3o 170\u00b0v\/160\u00b0h<br \/><strong>Portas de v\u00eddeo<\/strong><br \/>1x VGA<br \/>1x DVI<br \/><strong>Caixa<\/strong><br \/>Color cinza<br \/><strong>Espec\u00edfico tela<\/strong><br \/>Apoio VESA<br \/>Pedestal<br \/>Regul\u00e1vel em altura<br \/><strong>Outros<\/strong><br \/>hR embalagens<br \/><strong>Dimens\u00f5es<\/strong><br \/>44.1&#215;40.7&#215;20 cm.<br \/><strong>Peso<\/strong><br \/>7.50 Kg.<br \/><strong>Especifica\u00e7\u00f5es adicionais<\/strong><br \/>Muito bom aspecto exterior. Se tiver alguma d\u00favida, ligue para n\u00f3s ou use o nosso chat para mais informa\u00e7\u00f5es ou para solicitar mais detalhes.<br \/><strong>Coment\u00e1rios<\/strong><br \/><u>Cabo de alimenta\u00e7\u00e3o e VGA inclu\u00eddo<\/u><\/p>\n","protected":false},"excerpt":{"rendered":"<p><u>Pacote de 10 unidades: <\/u>TFT 20 &#8221; HD  4:3  \u00b7 Resolu\u00e7\u00e3o 1600&#215;900 \u00b7 Dot pitch 0.294 mm \u00b7 Resposta 5<br \/>\n ms \u00b7 Contraste 1000:1 \u00b7 Brilho 300 cd\/m2 \u00b7 \u00c2ngulo vis\u00e3o 170\u00b0v\/160\u00b0h \u00b7<br \/>\n1x VGA \u00b7 1x DVI \u00b7 <u>Cabo de alimenta\u00e7\u00e3o e VGA inclu\u00eddo<\/u> [&#8230;]<\/p>\n<p><a class=\"btn btn-secondary understrap-read-more-link\" href=\"https:\/\/digalco.com\/pt-pt\/produto\/grande-quantidade-samsung-syncmaster-204bm-pack-10-recondicionado-pt-10154\/\">Continuar a ler&#8230;<span class=\"screen-reader-text\"> from Grande quantidade Samsung SyncMaster 204BM Pack 10 Recondicionado<\/span><\/a><\/p>\n","protected":false},"featured_media":160193,"template":"","meta":[],"product_brand":[3868],"product_cat":[1819,1839],"product_tag":[],"class_list":{"0":"post-160202","1":"product","2":"type-product","3":"status-publish","4":"has-post-thumbnail","6":"product_brand-samsung","7":"product_cat-lotes-pt","8":"product_cat-lotes-outros-pt","10":"first","11":"instock","12":"taxable","13":"shipping-taxable","14":"purchasable","15":"product-type-simple"},"bundled_by":[],"bundle_stock_status":"instock","bundle_stock_quantity":13,"bundle_virtual":false,"bundle_layout":"","bundle_add_to_cart_form_location":"","bundle_editable_in_cart":false,"bundle_sold_individually_context":"","bundle_item_grouping":"","bundle_min_size":"","bundle_max_size":"","bundle_price":[],"bundled_items":[],"bundle_sell_ids":[],"exclude_global_add_ons":[],"addons":[],"df_price":370,"df_sale_price":"","df_regular_price":370,"df_image_link":"https:\/\/digalco.com\/wp-content\/uploads\/images\/product\/10154\/sam00102_01-300x225.jpg","_links":{"self":[{"href":"https:\/\/digalco.com\/pt-pt\/wp-json\/wp\/v2\/product\/160202","targetHints":{"allow":["GET"]}}],"collection":[{"href":"https:\/\/digalco.com\/pt-pt\/wp-json\/wp\/v2\/product"}],"about":[{"href":"https:\/\/digalco.com\/pt-pt\/wp-json\/wp\/v2\/types\/product"}],"wp:featuredmedia":[{"embeddable":true,"href":"https:\/\/digalco.com\/pt-pt\/wp-json\/wp\/v2\/media\/160193"}],"wp:attachment":[{"href":"https:\/\/digalco.com\/pt-pt\/wp-json\/wp\/v2\/media?parent=160202"}],"wp:term":[{"taxonomy":"product_brand","embeddable":true,"href":"https:\/\/digalco.com\/pt-pt\/wp-json\/wp\/v2\/product_brand?post=160202"},{"taxonomy":"product_cat","embeddable":true,"href":"https:\/\/digalco.com\/pt-pt\/wp-json\/wp\/v2\/product_cat?post=160202"},{"taxonomy":"product_tag","embeddable":true,"href":"https:\/\/digalco.com\/pt-pt\/wp-json\/wp\/v2\/product_tag?post=160202"}],"curies":[{"name":"wp","href":"https:\/\/api.w.org\/{rel}","templated":true}]}}