{"id":160598,"date":"2024-02-06T11:14:24","date_gmt":"2024-02-06T10:14:24","guid":{"rendered":"https:\/\/digalco.com\/tienda\/impressora-matricial-epson-dfx-8000-recondicionado-pt-5960\/"},"modified":"2024-11-07T20:13:49","modified_gmt":"2024-11-07T19:13:49","slug":"impressora-matricial-epson-dfx-8000-recondicionado-pt-5960","status":"publish","type":"product","link":"https:\/\/digalco.com\/pt-pt\/produto\/impressora-matricial-epson-dfx-8000-recondicionado-pt-5960\/","title":{"rendered":"Impressora Matricial Epson DFX-8000 | Recondicionado"},"content":{"rendered":"<p><strong>Tecnologia:<\/strong><br \/>\n\tMatriz 9 agulhas<br \/>\n\t<strong>Velocidade:<\/strong><br \/>\n\tAt\u00e9 1000 fps<br \/>\n\t<strong>Colunas:<\/strong><br \/>\n\t186 colunas<br \/>\n\t<strong>Mem\u00f3ria:<\/strong><br \/>\n\t3 KB<br \/>\n\t<strong>C\u00f3pias: <\/strong><br \/>\n\tOriginal + 5 c\u00f3pias<br \/>\n\t<strong>Conectividade: <\/strong><br \/>\n\t1xParalelo, 1xSerial<br \/>\n\t<strong>Medidas:<\/strong><br \/>\n\t369 x 700 x 382 mm<br \/>\n\t<strong>Peso:<\/strong><br \/>\n\t29 kg.<br \/>\n\t<strong>Outros:<\/strong><br \/>\n\t<u>Falta o compartimento de sa\u00edda de papel (<\/u>n\u00e3o afeta a opera\u00e7\u00e3o<u>)<\/u><br \/>\n\t<strong>Experi\u00eancia:<\/strong><br \/>\n\tImpressora em perfeito funcionamento. Est\u00e1 faltando a bandeja de sa\u00edda de papel localizada na parte traseira da m\u00e1quina. Esta bandeja de sa\u00edda normalmente \u00e9 retirada da impressora para n\u00e3o atrapalhar a sa\u00edda do papel.<br \/><b>Controles de qualidade\/testes laboratoriais: <\/b><u>Inspe\u00e7\u00e3o f\u00edsica:<\/u> Inspe\u00e7\u00e3o do chassi, limpeza e verificando se h\u00e1 danos. <u>Conectividade:<\/u> Verifica\u00e7\u00e3o de portas e conex\u00f5es (USB, Ethernet, etc.). <u>Teste de impress\u00e3o:<\/u> Teste de qualidade e velocidade, verifica\u00e7\u00e3o de alinhamento e legibilidade. <u>Gerenciamento de papel:<\/u> Revis\u00e3o do sistema de alimenta\u00e7\u00e3o e detec\u00e7\u00e3o de atolamentos. <u>Teste de carga:<\/u> Teste de confiabilidade em uso cont\u00ednuo.<br \/><u>Inspe\u00e7\u00e3o interna:<\/u> Verifica\u00e7\u00e3o e limpeza de componentes internos.<br \/>Boa apar\u00eancia externa. Procure em &#8220;+ Fotos\u201d e caso tenha alguma d\u00favida, ligue ou utilize nosso chat para mais informa\u00e7\u00f5es ou para solicitar mais detalhes.<\/p>\n","protected":false},"excerpt":{"rendered":"<p>Matricial 9 agujas &#8211; 186 columnas &#8211; Hasta 1000 cps -3 KB &#8211; Original + 5 copias &#8211; 1xParalelo, 1xSerie [&#8230;]<\/p>\n<p><a class=\"btn btn-secondary understrap-read-more-link\" href=\"https:\/\/digalco.com\/pt-pt\/produto\/impressora-matricial-epson-dfx-8000-recondicionado-pt-5960\/\">Continuar a ler&#8230;<span class=\"screen-reader-text\"> from Impressora Matricial Epson DFX-8000 | Recondicionado<\/span><\/a><\/p>\n","protected":false},"featured_media":160579,"template":"","meta":[],"product_brand":[3863],"product_cat":[1671,1699],"product_tag":[],"class_list":{"0":"post-160598","1":"product","2":"type-product","3":"status-publish","4":"has-post-thumbnail","6":"product_brand-epson","7":"product_cat-impressoras-pt","8":"product_cat-impressoras-matricial-pt","10":"first","11":"instock","12":"taxable","13":"shipping-taxable","14":"purchasable","15":"product-type-simple"},"bundled_by":[],"bundle_stock_status":"instock","bundle_stock_quantity":1,"bundle_virtual":false,"bundle_layout":"","bundle_add_to_cart_form_location":"","bundle_editable_in_cart":false,"bundle_sold_individually_context":"","bundle_item_grouping":"","bundle_min_size":"","bundle_max_size":"","bundle_price":[],"bundled_items":[],"bundle_sell_ids":[],"exclude_global_add_ons":[],"addons":[],"df_price":490,"df_sale_price":"","df_regular_price":490,"df_image_link":"https:\/\/digalco.com\/wp-content\/uploads\/images\/product\/5960\/epso00028_01-300x225.jpg","_links":{"self":[{"href":"https:\/\/digalco.com\/pt-pt\/wp-json\/wp\/v2\/product\/160598","targetHints":{"allow":["GET"]}}],"collection":[{"href":"https:\/\/digalco.com\/pt-pt\/wp-json\/wp\/v2\/product"}],"about":[{"href":"https:\/\/digalco.com\/pt-pt\/wp-json\/wp\/v2\/types\/product"}],"wp:featuredmedia":[{"embeddable":true,"href":"https:\/\/digalco.com\/pt-pt\/wp-json\/wp\/v2\/media\/160579"}],"wp:attachment":[{"href":"https:\/\/digalco.com\/pt-pt\/wp-json\/wp\/v2\/media?parent=160598"}],"wp:term":[{"taxonomy":"product_brand","embeddable":true,"href":"https:\/\/digalco.com\/pt-pt\/wp-json\/wp\/v2\/product_brand?post=160598"},{"taxonomy":"product_cat","embeddable":true,"href":"https:\/\/digalco.com\/pt-pt\/wp-json\/wp\/v2\/product_cat?post=160598"},{"taxonomy":"product_tag","embeddable":true,"href":"https:\/\/digalco.com\/pt-pt\/wp-json\/wp\/v2\/product_tag?post=160598"}],"curies":[{"name":"wp","href":"https:\/\/api.w.org\/{rel}","templated":true}]}}