{"id":160886,"date":"2024-02-06T11:15:43","date_gmt":"2024-02-06T10:15:43","guid":{"rendered":"https:\/\/digalco.com\/tienda\/opcao-tablet-hp-active-stylus-elite-x2-recondicionado-pt-6085\/"},"modified":"2025-11-18T12:22:43","modified_gmt":"2025-11-18T11:22:43","slug":"opcao-tablet-hp-active-stylus-elite-x2-recondicionado-pt-6085","status":"publish","type":"product","link":"https:\/\/digalco.com\/pt-pt\/produto\/opcao-tablet-hp-active-stylus-elite-x2-recondicionado-pt-6085\/","title":{"rendered":"Op\u00e7\u00e3o tablet HP Active Stylus Elite X2 | Recondicionado"},"content":{"rendered":"<p>L\u00e1piz activo para HP Elite X2<\/p>\n","protected":false},"excerpt":{"rendered":"<p>L\u00e1piz activo para HP Elite X2 [&#8230;]<\/p>\n<p><a class=\"btn btn-secondary understrap-read-more-link\" href=\"https:\/\/digalco.com\/pt-pt\/produto\/opcao-tablet-hp-active-stylus-elite-x2-recondicionado-pt-6085\/\">Continuar a ler&#8230;<span class=\"screen-reader-text\"> from Op\u00e7\u00e3o tablet HP Active Stylus Elite X2 | Recondicionado<\/span><\/a><\/p>\n","protected":false},"featured_media":160879,"template":"","meta":[],"product_brand":[3854],"product_cat":[3093,1583,1579],"product_tag":[],"class_list":{"0":"post-160886","1":"product","2":"type-product","3":"status-publish","4":"has-post-thumbnail","6":"product_brand-hp","7":"product_cat-tablets-tablets-pt","8":"product_cat-tablets-opcaos-pt","9":"product_cat-tablets-pt","11":"first","12":"instock","13":"taxable","14":"shipping-taxable","15":"purchasable","16":"product-type-simple"},"bundled_by":[],"bundle_stock_status":"instock","bundle_stock_quantity":55,"bundle_virtual":false,"bundle_layout":"","bundle_add_to_cart_form_location":"","bundle_editable_in_cart":false,"bundle_sold_individually_context":"","bundle_item_grouping":"","bundle_min_size":"","bundle_max_size":"","bundle_price":[],"bundled_items":[],"bundle_sell_ids":[],"exclude_global_add_ons":[],"addons":[],"df_price":39,"df_sale_price":"","df_regular_price":39,"df_image_link":"https:\/\/digalco.com\/wp-content\/uploads\/images\/product\/6085\/hp01309_01-300x225.jpg","_links":{"self":[{"href":"https:\/\/digalco.com\/pt-pt\/wp-json\/wp\/v2\/product\/160886","targetHints":{"allow":["GET"]}}],"collection":[{"href":"https:\/\/digalco.com\/pt-pt\/wp-json\/wp\/v2\/product"}],"about":[{"href":"https:\/\/digalco.com\/pt-pt\/wp-json\/wp\/v2\/types\/product"}],"wp:featuredmedia":[{"embeddable":true,"href":"https:\/\/digalco.com\/pt-pt\/wp-json\/wp\/v2\/media\/160879"}],"wp:attachment":[{"href":"https:\/\/digalco.com\/pt-pt\/wp-json\/wp\/v2\/media?parent=160886"}],"wp:term":[{"taxonomy":"product_brand","embeddable":true,"href":"https:\/\/digalco.com\/pt-pt\/wp-json\/wp\/v2\/product_brand?post=160886"},{"taxonomy":"product_cat","embeddable":true,"href":"https:\/\/digalco.com\/pt-pt\/wp-json\/wp\/v2\/product_cat?post=160886"},{"taxonomy":"product_tag","embeddable":true,"href":"https:\/\/digalco.com\/pt-pt\/wp-json\/wp\/v2\/product_tag?post=160886"}],"curies":[{"name":"wp","href":"https:\/\/api.w.org\/{rel}","templated":true}]}}