{"id":161243,"date":"2024-02-06T11:17:15","date_gmt":"2024-02-06T10:17:15","guid":{"rendered":"https:\/\/digalco.com\/tienda\/cisco-aironet-3602i-recondicionado-pt-7286\/"},"modified":"2025-12-12T10:00:37","modified_gmt":"2025-12-12T09:00:37","slug":"cisco-aironet-3602i-recondicionado-pt-7286","status":"publish","type":"product","link":"https:\/\/digalco.com\/pt-pt\/produto\/cisco-aironet-3602i-recondicionado-pt-7286\/","title":{"rendered":"CISCO Aironet 3602i | Recondicionado"},"content":{"rendered":"<p><strong>Modelo:<\/strong><br \/>AIR-CAP3620IEK\u00a0<br \/><strong>Conectividade:\u00a0<\/strong><br \/>Porta Ethernet 10\/100\/1000 Mbps PoE\u00a0<br \/><strong>Wi-Fi padr\u00e3o:\u00a0<\/strong><br \/>802.11 a, b, d, g, h, i, n, x\u00a0<br \/><strong>Banda ISM:\u00a0<\/strong><br \/>sim\u00a0<br \/><strong>Freq\u00fc\u00eancia ISM m\u00ednima:\u00a0<\/strong><br \/>2,41 GHz.\u00a0<br \/><strong>Freq\u00fc\u00eancia m\u00e1xima de ISM:\u00a0<\/strong><br \/>5 GHz.\u00a0<br \/><strong>Velocidade de transmiss\u00e3o de dados:<\/strong>\u00a0<br \/>300 Mbps.<\/p>\n<p><\/p>\n","protected":false},"excerpt":{"rendered":"<p>Modelo:AIR-CAP3620IEK\u00a0Conectividade:\u00a0Porta Ethernet 10\/100\/1000 Mbps PoE\u00a0Wi-Fi padr\u00e3o:\u00a0802.11 a, b, d, g, h, i, n, x\u00a0Banda ISM:\u00a0sim\u00a0Freq\u00fc\u00eancia ISM m\u00ednima:\u00a02,41 GHz.\u00a0Freq\u00fc\u00eancia m\u00e1xima de ISM:\u00a05 GHz.\u00a0Velocidade de transmiss\u00e3o de dados:\u00a0300 Mbps. [&#8230;]<\/p>\n<p><a class=\"btn btn-secondary understrap-read-more-link\" href=\"https:\/\/digalco.com\/pt-pt\/produto\/cisco-aironet-3602i-recondicionado-pt-7286\/\">Continuar a ler&#8230;<span class=\"screen-reader-text\"> from CISCO Aironet 3602i | Recondicionado<\/span><\/a><\/p>\n","protected":false},"featured_media":161240,"template":"","meta":[],"product_brand":[3882],"product_cat":[3793,1663],"product_tag":[],"class_list":{"0":"post-161243","1":"product","2":"type-product","3":"status-publish","4":"has-post-thumbnail","6":"product_brand-cisco","7":"product_cat-networking-wireless-pt","8":"product_cat-networking-pt","10":"first","11":"instock","12":"taxable","13":"shipping-taxable","14":"purchasable","15":"product-type-simple"},"bundled_by":[],"bundle_stock_status":"instock","bundle_stock_quantity":18,"bundle_virtual":false,"bundle_layout":"","bundle_add_to_cart_form_location":"","bundle_editable_in_cart":false,"bundle_sold_individually_context":"","bundle_item_grouping":"","bundle_min_size":"","bundle_max_size":"","bundle_price":[],"bundled_items":[],"bundle_sell_ids":[],"exclude_global_add_ons":[],"addons":[],"df_price":85,"df_sale_price":"","df_regular_price":85,"df_image_link":"https:\/\/digalco.com\/wp-content\/uploads\/images\/product\/7286\/aircap3620iek9_01-300x225.jpg","_links":{"self":[{"href":"https:\/\/digalco.com\/pt-pt\/wp-json\/wp\/v2\/product\/161243","targetHints":{"allow":["GET"]}}],"collection":[{"href":"https:\/\/digalco.com\/pt-pt\/wp-json\/wp\/v2\/product"}],"about":[{"href":"https:\/\/digalco.com\/pt-pt\/wp-json\/wp\/v2\/types\/product"}],"wp:featuredmedia":[{"embeddable":true,"href":"https:\/\/digalco.com\/pt-pt\/wp-json\/wp\/v2\/media\/161240"}],"wp:attachment":[{"href":"https:\/\/digalco.com\/pt-pt\/wp-json\/wp\/v2\/media?parent=161243"}],"wp:term":[{"taxonomy":"product_brand","embeddable":true,"href":"https:\/\/digalco.com\/pt-pt\/wp-json\/wp\/v2\/product_brand?post=161243"},{"taxonomy":"product_cat","embeddable":true,"href":"https:\/\/digalco.com\/pt-pt\/wp-json\/wp\/v2\/product_cat?post=161243"},{"taxonomy":"product_tag","embeddable":true,"href":"https:\/\/digalco.com\/pt-pt\/wp-json\/wp\/v2\/product_tag?post=161243"}],"curies":[{"name":"wp","href":"https:\/\/api.w.org\/{rel}","templated":true}]}}