{"id":163317,"date":"2024-02-06T11:23:35","date_gmt":"2024-02-06T10:23:35","guid":{"rendered":"https:\/\/digalco.com\/tienda\/placa-de-som-amplificador-fonestar-fs-2035-recondicionado-pt-11075\/"},"modified":"2024-11-07T20:18:32","modified_gmt":"2024-11-07T19:18:32","slug":"placa-de-som-amplificador-fonestar-fs-2035-recondicionado-pt-11075","status":"publish","type":"product","link":"https:\/\/digalco.com\/pt-pt\/produto\/placa-de-som-amplificador-fonestar-fs-2035-recondicionado-pt-11075\/","title":{"rendered":"Placa de som  Amplificador FONESTAR FS-2035 Recondicionado"},"content":{"rendered":"<p><strong>Pot\u00eancia sonora:&nbsp;<\/strong><br \/>40 W m\u00e1x. 30 W RMS<br \/><strong>&nbsp;Responder:&nbsp;<\/strong><br \/>70-20.000 Hz.&nbsp;<br \/><strong>Distor\u00e7\u00e3o harm\u00f4nica:&nbsp;<\/strong><br \/>&lt;3% a 1KHz.&nbsp;<br \/><strong>Ingressos:&nbsp;<\/strong><br \/>2x microfone desbalanceado&nbsp;<br \/>Macaco 6,3 mm.&nbsp;<br \/>1xAux\/Linha&nbsp;<br \/>2xRCA&nbsp;<br \/><strong>Controles:&nbsp;<\/strong><br \/>Tom: baixo, m\u00e9dio, agudo&nbsp;<br \/>Volume: Mic 1-2, auxiliar\/linha&nbsp;<br \/>Volume geral&nbsp;<br \/><strong>Prioridade:&nbsp;<\/strong><br \/>Micro 1 por fechamento de contato&nbsp;<br \/><strong>Imped\u00e2ncia:&nbsp;<\/strong><br \/>4,8 e 16 OHm.&nbsp;<br \/><strong>Alimentando:&nbsp;<\/strong><br \/>CA 230 V, 60 W&nbsp;<br \/><strong>Dimens\u00f5es:&nbsp;<\/strong><br \/>32 x 23 x 8,4 cm.&nbsp;<br \/><strong>Peso:&nbsp;<\/strong><br \/>4,4kg.<\/p>\n","protected":false},"excerpt":{"rendered":"<p>Amplificador de endere\u00e7o p\u00fablico altamente confi\u00e1vel. Com prioridade e equalizador. Indicado para instala\u00e7\u00f5es comerciais de pequeno ou m\u00e9dio porte, sonoriza\u00e7\u00e3o e \u00e1udio distribu\u00eddo. Este amplificador de pot\u00eancia m\u00e1xima de 40w da Fonestar \u00e9 ideal para pequenas aparelhagens de som. [&#8230;]<\/p>\n<p><a class=\"btn btn-secondary understrap-read-more-link\" href=\"https:\/\/digalco.com\/pt-pt\/produto\/placa-de-som-amplificador-fonestar-fs-2035-recondicionado-pt-11075\/\">Continuar a ler&#8230;<span class=\"screen-reader-text\"> from Placa de som  Amplificador FONESTAR FS-2035 Recondicionado<\/span><\/a><\/p>\n","protected":false},"featured_media":163302,"template":"","meta":[],"product_brand":[3864],"product_cat":[1910,1791],"product_tag":[],"class_list":{"0":"post-163317","1":"product","2":"type-product","3":"status-publish","4":"has-post-thumbnail","6":"product_brand-generic","7":"product_cat-componentes-pt","8":"product_cat-componentes-son-pt","10":"first","11":"instock","12":"taxable","13":"shipping-taxable","14":"purchasable","15":"product-type-simple"},"bundled_by":[],"bundle_stock_status":"instock","bundle_stock_quantity":14,"bundle_virtual":false,"bundle_layout":"","bundle_add_to_cart_form_location":"","bundle_editable_in_cart":false,"bundle_sold_individually_context":"","bundle_item_grouping":"","bundle_min_size":"","bundle_max_size":"","bundle_price":[],"bundled_items":[],"bundle_sell_ids":[],"exclude_global_add_ons":[],"addons":[],"df_price":70,"df_sale_price":"","df_regular_price":70,"df_image_link":"https:\/\/digalco.com\/wp-content\/uploads\/images\/product\/11075\/gene00277_01-300x225.jpg","_links":{"self":[{"href":"https:\/\/digalco.com\/pt-pt\/wp-json\/wp\/v2\/product\/163317","targetHints":{"allow":["GET"]}}],"collection":[{"href":"https:\/\/digalco.com\/pt-pt\/wp-json\/wp\/v2\/product"}],"about":[{"href":"https:\/\/digalco.com\/pt-pt\/wp-json\/wp\/v2\/types\/product"}],"wp:featuredmedia":[{"embeddable":true,"href":"https:\/\/digalco.com\/pt-pt\/wp-json\/wp\/v2\/media\/163302"}],"wp:attachment":[{"href":"https:\/\/digalco.com\/pt-pt\/wp-json\/wp\/v2\/media?parent=163317"}],"wp:term":[{"taxonomy":"product_brand","embeddable":true,"href":"https:\/\/digalco.com\/pt-pt\/wp-json\/wp\/v2\/product_brand?post=163317"},{"taxonomy":"product_cat","embeddable":true,"href":"https:\/\/digalco.com\/pt-pt\/wp-json\/wp\/v2\/product_cat?post=163317"},{"taxonomy":"product_tag","embeddable":true,"href":"https:\/\/digalco.com\/pt-pt\/wp-json\/wp\/v2\/product_tag?post=163317"}],"curies":[{"name":"wp","href":"https:\/\/api.w.org\/{rel}","templated":true}]}}