{"id":163809,"date":"2024-02-06T11:24:52","date_gmt":"2024-02-06T10:24:52","guid":{"rendered":"https:\/\/digalco.com\/tienda\/dell-optiplex-gx960-sd-recondicionado-core-2-duo-316ghz-4-gb-ram-160-gb-hdd-tabletop-pt-948\/"},"modified":"2026-02-16T08:54:45","modified_gmt":"2026-02-16T07:54:45","slug":"dell-optiplex-gx960-sd-recondicionado-core-2-duo-316ghz-4-gb-ram-160-gb-hdd-tabletop-pt-948","status":"publish","type":"product","link":"https:\/\/digalco.com\/pt-pt\/produto\/dell-optiplex-gx960-sd-recondicionado-core-2-duo-316ghz-4-gb-ram-160-gb-hdd-tabletop-pt-948\/","title":{"rendered":"Dell Optiplex GX960 SD Recondicionado | Core 2 Duo 3.16GHz | 4 GB RAM | 160 GB HDD Tabletop"},"content":{"rendered":"<p><strong>Processador<\/strong><br \/>Intel Core 2 Duo E8500 3.16 GHz.<br \/><strong>Fator de forma<\/strong><br \/>Tabletop<br \/><strong>Mem\u00f3ria RAM<\/strong><br \/>4 Gb. DDR2 RAM<br \/><strong>Disco r\u00edgido<\/strong><br \/>160 Gb. SATA<br \/><strong>Drive \u00f3ptico<\/strong><br \/>DVD-RW<br \/><strong>Cart\u00f5es<\/strong><br \/>Placa gr\u00e1fica: Intel GMA 4500<br \/>Som: SoundMax HD Audio<br \/>Network: Intel 82567 LM<br \/><strong>Sistema operativo<\/strong><br \/>Ubuntu GNU\/Linux<br \/><strong>Portos<\/strong><br \/>2x S\u00e9rie<br \/>1x Paralelo<br \/>8x USB 2.0<br \/>2x PS2<br \/>1x e-SATA<br \/><strong>Portas de v\u00eddeo<\/strong><br \/>1x VGA<br \/>1x Display Port<br \/><strong>Conectividade<\/strong><br \/>1x RJ-45<br \/><strong>Outros<\/strong><br \/>hR embalagens<br \/><strong>Dimens\u00f5es<\/strong><br \/>39.9&#215;36.6&#215;11 cm.<br \/><strong>Peso<\/strong><br \/>8.21 Kg.<br \/><strong>Especifica\u00e7\u00f5es adicionais<\/strong><br \/>Boa apar\u00eancia exterior. Pode apresentar ligeiros sinais de uso na caixa. Procure em \u201c+ Fotos\u201d e caso tenha alguma d\u00favida ligue ou utilize nosso chat para mais informa\u00e7\u00f5es ou para solicitar mais detalhes.<\/p>\n<p><strong>Coment\u00e1rios<\/strong><br \/><u>1xPCIe X16 \/ 1xPCIe X1 \/ 1xPCI<\/u><\/p>\n","protected":false},"excerpt":{"rendered":"<p>Intel Core 2 Duo E8500 3.16 GHz. \u00b7 4 Gb. DDR2 RAM \u00b7 160 Gb. SATA \u00b7 DVD-RW \u00b7 Ubuntu GNU\/Linux \u00b7 <u>1xPCIe X16 \/ 1xPCIe X1 \/ 1xPCI<\/u> [&#8230;]<\/p>\n<p><a class=\"btn btn-secondary understrap-read-more-link\" href=\"https:\/\/digalco.com\/pt-pt\/produto\/dell-optiplex-gx960-sd-recondicionado-core-2-duo-316ghz-4-gb-ram-160-gb-hdd-tabletop-pt-948\/\">Continuar a ler&#8230;<span class=\"screen-reader-text\"> from Dell Optiplex GX960 SD Recondicionado | Core 2 Duo 3.16GHz | 4 GB RAM | 160 GB HDD Tabletop<\/span><\/a><\/p>\n","protected":false},"featured_media":163711,"template":"","meta":[],"product_brand":[3852],"product_cat":[2409,1467],"product_tag":[],"class_list":{"0":"post-163809","1":"product","2":"type-product","3":"status-publish","4":"has-post-thumbnail","6":"product_brand-dell","7":"product_cat-computadores-intel-core-2-duo-pt","8":"product_cat-computadores-pt","10":"first","11":"instock","12":"taxable","13":"shipping-taxable","14":"purchasable","15":"product-type-simple"},"bundled_by":[],"bundle_stock_status":"instock","bundle_stock_quantity":2,"bundle_virtual":false,"bundle_layout":"","bundle_add_to_cart_form_location":"","bundle_editable_in_cart":false,"bundle_sold_individually_context":"","bundle_item_grouping":"","bundle_min_size":"","bundle_max_size":"","bundle_price":[],"bundled_items":[],"bundle_sell_ids":[],"exclude_global_add_ons":true,"addons":{"webcam-upgrades":{"name":"Extens\u00e3o Webcam","type":"multiple_choice","position":0,"required":false,"title_format":"heading","default":"","description_enable":false,"description":"","placeholder_enable":false,"placeholder":"","display":"radiobutton","restrictions_type":"any_text","adjust_price":false,"price":"","price_type":"quantity_based","restrictions":false,"min":"0","max":"0","options":[{"label":"Conceptronic AMDIS FullHD [AMP00085]","price":"29.0000","price_type":"quantity_based","image":0,"visibility":true}]},"hdd-upgrades":{"name":"Extens\u00e3o disco r\u00edgido","type":"multiple_choice","position":0,"required":false,"title_format":"heading","default":"","description_enable":false,"description":"","placeholder_enable":false,"placeholder":"","display":"radiobutton","restrictions_type":"any_text","adjust_price":false,"price":"","price_type":"quantity_based","restrictions":false,"min":"0","max":"0","options":[{"label":"Cambio a Disco SSD 120 Gb. [AMP00012]","price":"25.0000","price_type":"quantity_based","image":0,"visibility":true},{"label":"Cambio a Disco SSD 240 Gb. [AMP00013]","price":"35.0000","price_type":"quantity_based","image":0,"visibility":true},{"label":"Cambio a Disco SSD 480 Gb. [AMP00014]","price":"59.0000","price_type":"quantity_based","image":0,"visibility":true}]},"graphic-card-upgrades":{"name":"Extens\u00e3o placa gr\u00e1fica","type":"multiple_choice","position":0,"required":false,"title_format":"heading","default":"","description_enable":false,"description":"","placeholder_enable":false,"placeholder":"","display":"radiobutton","restrictions_type":"any_text","adjust_price":false,"price":"","price_type":"quantity_based","restrictions":false,"min":"0","max":"0","options":[{"label":"T. Gr\u00e1fica 2 Gb. (1xDVI, 1xHDMI) [AMP00010]","price":"60.0000","price_type":"quantity_based","image":0,"visibility":true}]},"network-card-upgrades":{"name":"Extens\u00e3o WIFI","type":"multiple_choice","position":0,"required":false,"title_format":"heading","default":"","description_enable":false,"description":"","placeholder_enable":false,"placeholder":"","display":"radiobutton","restrictions_type":"any_text","adjust_price":false,"price":"","price_type":"quantity_based","restrictions":false,"min":"0","max":"0","options":[{"label":"Ampliaci\u00f3n a Tarj. Wi-Fi PCI [AMP00017]","price":"15.0000","price_type":"quantity_based","image":0,"visibility":true},{"label":"Ampliaci\u00f3n a Wireless nano USB [AMP00018]","price":"12.0000","price_type":"quantity_based","image":0,"visibility":true}]},"warranty-upgrades":{"name":"Extens\u00e3o garant\u00eda","type":"multiple_choice","position":0,"required":false,"title_format":"heading","default":"","description_enable":false,"description":"","placeholder_enable":false,"placeholder":"","display":"radiobutton","restrictions_type":"any_text","adjust_price":false,"price":"","price_type":"quantity_based","restrictions":false,"min":"0","max":"0","options":[{"label":"Extensi\u00f3n de Garantia a 2 a\u00f1os [AMP00019]","price":"10.0000","price_type":"quantity_based","image":0,"visibility":true}]},"os-upgrades":{"name":"Extens\u00e3o OS","type":"multiple_choice","position":0,"required":false,"title_format":"heading","default":"","description_enable":false,"description":"","placeholder_enable":false,"placeholder":"","display":"radiobutton","restrictions_type":"any_text","adjust_price":false,"price":"","price_type":"quantity_based","restrictions":false,"min":"0","max":"0","options":[{"label":"Alterar idioma para franc\u00eas [AMP00125]","price":"0.0000","price_type":"quantity_based","image":0,"visibility":true},{"label":"Alterar idioma para ingl\u00eas [AMP00008]","price":"0.0000","price_type":"quantity_based","image":0,"visibility":true},{"label":"Alterar idioma para o portugu\u00eas [AMP00009]","price":"0.0000","price_type":"quantity_based","image":0,"visibility":true},{"label":"Alterar para o Windows 32 bits [AMP00005]","price":"10.0000","price_type":"quantity_based","image":0,"visibility":true},{"label":"MAR Windows 10 Home [AMP00006]","price":"20.0000","price_type":"quantity_based","image":0,"visibility":true},{"label":"MAR Windows 10 PRO [AMP00007]","price":"30.0000","price_type":"quantity_based","image":0,"visibility":true}]},"keyboard-upgrades":{"name":"Extens\u00e3o teclado","type":"multiple_choice","position":0,"required":false,"title_format":"heading","default":"","description_enable":false,"description":"","placeholder_enable":false,"placeholder":"","display":"radiobutton","restrictions_type":"any_text","adjust_price":false,"price":"","price_type":"quantity_based","restrictions":false,"min":"0","max":"0","options":[{"label":"Teclado e Mouse [AMP00020]","price":"8.0000","price_type":"quantity_based","image":0,"visibility":true},{"label":"Teclado e Mouse Portugu\u00e9s Nuevo [AMP00088]","price":"15.0000","price_type":"quantity_based","image":0,"visibility":true},{"label":"Teclado e mouse USB em espanhol (Novo) [AMP00068]","price":"12.0000","price_type":"quantity_based","image":0,"visibility":true}]}},"df_price":55,"df_sale_price":"","df_regular_price":55,"df_image_link":"https:\/\/digalco.com\/wp-content\/uploads\/images\/product\/948\/dell00183_01-300x225.jpg","_links":{"self":[{"href":"https:\/\/digalco.com\/pt-pt\/wp-json\/wp\/v2\/product\/163809","targetHints":{"allow":["GET"]}}],"collection":[{"href":"https:\/\/digalco.com\/pt-pt\/wp-json\/wp\/v2\/product"}],"about":[{"href":"https:\/\/digalco.com\/pt-pt\/wp-json\/wp\/v2\/types\/product"}],"wp:featuredmedia":[{"embeddable":true,"href":"https:\/\/digalco.com\/pt-pt\/wp-json\/wp\/v2\/media\/163711"}],"wp:attachment":[{"href":"https:\/\/digalco.com\/pt-pt\/wp-json\/wp\/v2\/media?parent=163809"}],"wp:term":[{"taxonomy":"product_brand","embeddable":true,"href":"https:\/\/digalco.com\/pt-pt\/wp-json\/wp\/v2\/product_brand?post=163809"},{"taxonomy":"product_cat","embeddable":true,"href":"https:\/\/digalco.com\/pt-pt\/wp-json\/wp\/v2\/product_cat?post=163809"},{"taxonomy":"product_tag","embeddable":true,"href":"https:\/\/digalco.com\/pt-pt\/wp-json\/wp\/v2\/product_tag?post=163809"}],"curies":[{"name":"wp","href":"https:\/\/api.w.org\/{rel}","templated":true}]}}