{"id":170336,"date":"2024-02-06T11:45:05","date_gmt":"2024-02-06T10:45:05","guid":{"rendered":"https:\/\/digalco.com\/tienda\/toshiba-portege-a30-c-133-recondicionado-core-i5-23ghz-8-gb-ram-500-gb-hdd-1366x768-pt-11253\/"},"modified":"2026-03-27T09:06:51","modified_gmt":"2026-03-27T08:06:51","slug":"toshiba-portege-a30-c-133-recondicionado-core-i5-23ghz-8-gb-ram-500-gb-hdd-1366x768-pt-11253","status":"publish","type":"product","link":"https:\/\/digalco.com\/pt-pt\/produto\/toshiba-portege-a30-c-133-recondicionado-core-i5-23ghz-8-gb-ram-500-gb-hdd-1366x768-pt-11253\/","title":{"rendered":"Toshiba Satellite Pro A30-C 13.3&#8221; | Recondicionado | Core i5 2.3GHz | 8 GB RAM | 500 GB HDD 1366&#215;768"},"content":{"rendered":"<p><strong>Processador<\/strong><br \/>Intel Core i5 6200U 2.3 GHz.<br \/><strong>Mem\u00f3ria RAM<\/strong><br \/>8 Gb. SO-DDR3 RAM<br \/><strong>Disco r\u00edgido<\/strong><br \/>500 Gb. SATA<br \/><strong>Drive \u00f3ptico<\/strong><br \/>DVD-RW<br \/><strong>Cart\u00f5es<\/strong><br \/>Placa gr\u00e1fica: HD GRAPHICS 520<br \/>Som: Realtek HDA<br \/>Network: Intel Ethernet Connection I219v<br \/><strong>Sistema operativo<\/strong><br \/>Windows 10 Pro<br \/><strong>Portos<\/strong><br \/>3x USB 3.0<br \/><strong>Tela<\/strong><br \/>Led 13.3 &#8221; HD 16:9  \u00b7 Resolu\u00e7\u00e3o 1366&#215;768<br \/><strong>Portas de v\u00eddeo<\/strong><br \/>VGA<br \/>HDMI<br \/><strong>Multim\u00eddia<\/strong><br \/>Webcam<br \/>Leitor SD<br \/>Leitor DNI<br \/><strong>Conectividade<\/strong><br \/>RJ-45<br \/>WIFI<br \/>Bluetooth<br \/><strong>Espec\u00edfico laptop<\/strong><br \/>Layout do teclado Espanhol<br \/><strong>Outros<\/strong><br \/>hR embalagens<br \/><strong>Dimens\u00f5es<\/strong><br \/>31.5x23x2.5 cm.<br \/><strong>Peso<\/strong><br \/>1.45 Kg.<br \/><strong>Especifica\u00e7\u00f5es adicionais<\/strong><br \/>O Toshiba Satellite Pro A30-C \u00e9 um port\u00e1til compacto e profissional, concebido para oferecer fiabilidade e bom desempenho em ambientes de escrit\u00f3rio e em mobilidade. Equipado com um Intel Core i5 de 6\u00aa gera\u00e7\u00e3o, 8 GB de RAM e um disco de 500 GB, garante fluidez em tarefas administrativas, navega\u00e7\u00e3o e trabalho multitarefa.<br \/>O seu ecr\u00e3 LED de 13.3\u201d HD (1366&#215;768) oferece um formato c\u00f3modo e port\u00e1til, enquanto o Windows 10 Pro proporciona estabilidade e fun\u00e7\u00f5es avan\u00e7adas para uso empresarial. Inclui ainda webcam, leitor SD, leitor de DNI e unidade DVD-RW, ampliando as suas possibilidades de utiliza\u00e7\u00e3o.<br \/>Uma op\u00e7\u00e3o fi\u00e1vel para quem necessita de um equipamento leve, pr\u00e1tico e preparado para o dia a dia profissional.<br \/>Bom aspeto exterior. Veja em \u201c+ Fotos\u201d e, se tiver alguma d\u00favida, ligue-nos ou utilize o nosso chat para obter mais informa\u00e7\u00f5es ou solicitar mais detalhes.<\/p>\n","protected":false},"excerpt":{"rendered":"<p>Intel Core i5 6200U 2.3 GHz. \u00b7 8 Gb. SO-DDR3 RAM \u00b7 500 Gb. SATA \u00b7 DVD-RW \u00b7 Windows 10 Pro \u00b7 Led 13.3 &#8221; HD 16:9  \u00b7 Resolu\u00e7\u00e3o 1366&#215;768 \u00b7 Webcam \u00b7 Leitor SD \u00b7 Leitor DNI [&#8230;]<\/p>\n<p><a class=\"btn btn-secondary understrap-read-more-link\" href=\"https:\/\/digalco.com\/pt-pt\/produto\/toshiba-portege-a30-c-133-recondicionado-core-i5-23ghz-8-gb-ram-500-gb-hdd-1366x768-pt-11253\/\">Continuar a ler&#8230;<span class=\"screen-reader-text\"> from Toshiba Satellite Pro A30-C 13.3&#8221; | Recondicionado | Core i5 2.3GHz | 8 GB RAM | 500 GB HDD 1366&#215;768<\/span><\/a><\/p>\n","protected":false},"featured_media":170227,"template":"","meta":[],"product_brand":[3851],"product_cat":[3754,1515,1535],"product_tag":[],"class_list":{"0":"post-170336","1":"product","2":"type-product","3":"status-publish","4":"has-post-thumbnail","6":"product_brand-toshiba","7":"product_cat-laptops-13-pt","8":"product_cat-laptops-pt","9":"product_cat-laptops-liberacao-pt","11":"first","12":"outofstock","13":"taxable","14":"shipping-taxable","15":"purchasable","16":"product-type-simple"},"bundled_by":[],"bundle_stock_status":"outofstock","bundle_stock_quantity":0,"bundle_virtual":false,"bundle_layout":"","bundle_add_to_cart_form_location":"","bundle_editable_in_cart":false,"bundle_sold_individually_context":"","bundle_item_grouping":"","bundle_min_size":"","bundle_max_size":"","bundle_price":[],"bundled_items":[],"bundle_sell_ids":[],"exclude_global_add_ons":true,"addons":{"keyboard-iso-upgrades":{"name":"Selecione idioma teclado","type":"multiple_choice","position":0,"required":false,"title_format":"heading","default":"","description_enable":false,"description":"","placeholder_enable":false,"placeholder":"","display":"radiobutton","restrictions_type":"any_text","adjust_price":false,"price":"","price_type":"quantity_based","restrictions":false,"min":"0","max":"0","options":[{"label":"Pegatinas Franc\u00e9s [AMP00084]","price":"0.0000","price_type":"quantity_based","image":0,"visibility":true},{"label":"Pegatinas Portugues [AMP00083]","price":"0.0000","price_type":"quantity_based","image":0,"visibility":true}]},"ram-memory-upgrades":{"name":"Extens\u00e3o RAM","type":"multiple_choice","position":0,"required":false,"title_format":"heading","default":"","description_enable":false,"description":"","placeholder_enable":false,"placeholder":"","display":"radiobutton","restrictions_type":"any_text","adjust_price":false,"price":"","price_type":"quantity_based","restrictions":false,"min":"0","max":"0","options":[{"label":"Extens\u00e3o SODIM RAM 16 Gb DDR3 [AMP00004]","price":"50.0000","price_type":"quantity_based","image":0,"visibility":true}]},"hdd-upgrades":{"name":"Extens\u00e3o disco r\u00edgido","type":"multiple_choice","position":0,"required":false,"title_format":"heading","default":"","description_enable":false,"description":"","placeholder_enable":false,"placeholder":"","display":"radiobutton","restrictions_type":"any_text","adjust_price":false,"price":"","price_type":"quantity_based","restrictions":false,"min":"0","max":"0","options":[{"label":"Cambio a Disco SSD 1 Tb. [AMP00071]","price":"95.0000","price_type":"quantity_based","image":0,"visibility":true},{"label":"Cambio a Disco SSD 120 Gb. [AMP00012]","price":"25.0000","price_type":"quantity_based","image":0,"visibility":true},{"label":"Cambio a Disco SSD 240 Gb. [AMP00013]","price":"35.0000","price_type":"quantity_based","image":0,"visibility":true},{"label":"Cambio a Disco SSD 480 Gb. [AMP00014]","price":"59.0000","price_type":"quantity_based","image":0,"visibility":true}]},"warranty-upgrades":{"name":"Extens\u00e3o garant\u00eda","type":"multiple_choice","position":0,"required":false,"title_format":"heading","default":"","description_enable":false,"description":"","placeholder_enable":false,"placeholder":"","display":"radiobutton","restrictions_type":"any_text","adjust_price":false,"price":"","price_type":"quantity_based","restrictions":false,"min":"0","max":"0","options":[{"label":"Extensi\u00f3n de Garantia a 2 a\u00f1os [AMP00118]","price":"25.0000","price_type":"quantity_based","image":0,"visibility":true}]},"os-upgrades":{"name":"Extens\u00e3o OS","type":"multiple_choice","position":0,"required":false,"title_format":"heading","default":"","description_enable":false,"description":"","placeholder_enable":false,"placeholder":"","display":"radiobutton","restrictions_type":"any_text","adjust_price":false,"price":"","price_type":"quantity_based","restrictions":false,"min":"0","max":"0","options":[{"label":"Alterar idioma para franc\u00eas [AMP00125]","price":"0.0000","price_type":"quantity_based","image":0,"visibility":true},{"label":"Alterar idioma para ingl\u00eas [AMP00008]","price":"0.0000","price_type":"quantity_based","image":0,"visibility":true},{"label":"Alterar idioma para o portugu\u00eas [AMP00009]","price":"0.0000","price_type":"quantity_based","image":0,"visibility":true}]},"briefcase-upgrades":{"name":"Maleta","type":"multiple_choice","position":0,"required":false,"title_format":"heading","default":"","description_enable":false,"description":"","placeholder_enable":false,"placeholder":"","display":"radiobutton","restrictions_type":"any_text","adjust_price":false,"price":"","price_type":"quantity_based","restrictions":false,"min":"0","max":"0","options":[{"label":"Maleta Port\u00e1til [AMP00041]","price":"5.0000","price_type":"quantity_based","image":0,"visibility":true}]}},"df_price":168,"df_sale_price":"","df_regular_price":168,"df_image_link":"https:\/\/digalco.com\/wp-content\/uploads\/images\/product\/11253\/tosh00189_01-300x225.jpg","_links":{"self":[{"href":"https:\/\/digalco.com\/pt-pt\/wp-json\/wp\/v2\/product\/170336","targetHints":{"allow":["GET"]}}],"collection":[{"href":"https:\/\/digalco.com\/pt-pt\/wp-json\/wp\/v2\/product"}],"about":[{"href":"https:\/\/digalco.com\/pt-pt\/wp-json\/wp\/v2\/types\/product"}],"wp:featuredmedia":[{"embeddable":true,"href":"https:\/\/digalco.com\/pt-pt\/wp-json\/wp\/v2\/media\/170227"}],"wp:attachment":[{"href":"https:\/\/digalco.com\/pt-pt\/wp-json\/wp\/v2\/media?parent=170336"}],"wp:term":[{"taxonomy":"product_brand","embeddable":true,"href":"https:\/\/digalco.com\/pt-pt\/wp-json\/wp\/v2\/product_brand?post=170336"},{"taxonomy":"product_cat","embeddable":true,"href":"https:\/\/digalco.com\/pt-pt\/wp-json\/wp\/v2\/product_cat?post=170336"},{"taxonomy":"product_tag","embeddable":true,"href":"https:\/\/digalco.com\/pt-pt\/wp-json\/wp\/v2\/product_tag?post=170336"}],"curies":[{"name":"wp","href":"https:\/\/api.w.org\/{rel}","templated":true}]}}