{"id":171479,"date":"2024-02-06T11:48:14","date_gmt":"2024-02-06T10:48:14","guid":{"rendered":"https:\/\/digalco.com\/tienda\/cisco-webex-dx80-23-ips-169-recondicionado-1920x1080-pt-8836\/"},"modified":"2024-12-11T11:42:07","modified_gmt":"2024-12-11T10:42:07","slug":"cisco-webex-dx80-23-ips-169-recondicionado-1920x1080-pt-8836","status":"publish","type":"product","link":"https:\/\/digalco.com\/pt-pt\/produto\/cisco-webex-dx80-23-ips-169-recondicionado-1920x1080-pt-8836\/","title":{"rendered":"CISCO Webex DX80 23&#8221; IPS 16:9 Recondicionado | 1920&#215;1080"},"content":{"rendered":"<p><strong>Tela<\/strong><br \/>IPS 23 &#8221; FullHD  com Alto-falantes \u00b7  16:9  \u00b7 Resolu\u00e7\u00e3o 1920&#215;1080<br \/>Resposta 5 ms<br \/>Contraste 1000:1<br \/>Brilho 215 cd\/m2<br \/>\u00c2ngulo vis\u00e3o 178\u00b0v\/178\u00b0h<br \/><strong>Portas de v\u00eddeo<\/strong><br \/>1x HDMI<br \/><strong>Dimens\u00f5es<\/strong><br \/>52x57x9 cm.<br \/><strong>Peso<\/strong><br \/>7.10 Kg.<br \/><strong>Especifica\u00e7\u00f5es adicionais<\/strong><br \/>Monitor FullHD de 23&#8243; com entrada HDMI e USB. Inclui 2 conectores RJ45 e webcam para sistemas de videoconfer\u00eancia CISCO. Tamb\u00e9m utiliz\u00e1vel como monitor de mesa. Bom aspecto externo. Pode apresentar leves sinais de uso na caixa. Veja em \u201c+ Fotos\u201d e Se voc\u00ea tiver alguma d\u00favida, ligue para n\u00f3s ou utilize nosso chat para mais informa\u00e7\u00f5es ou para solicitar mais detalhes.<\/p>\n<p><strong>Coment\u00e1rios<\/strong><br \/><u>Inclui webcam para videoconfer\u00eancia (funciona apenas em sistemas CISCO)<\/u><\/p>\n","protected":false},"excerpt":{"rendered":"<p>IPS 23 &#8221; FullHD  com Alto-falantes \u00b7  16:9  \u00b7 Resolu\u00e7\u00e3o 1920&#215;1080 \u00b7 Resposta 5 ms \u00b7 Contraste 1000:1 \u00b7 Brilho 215 cd\/m2 \u00b7 \u00c2ngulo vis\u00e3o 178\u00b0v\/178\u00b0h \u00b7 1x HDMI \u00b7 <u>Inclui webcam para videoconfer\u00eancia (funciona apenas em sistemas CISCO)<\/u> [&#8230;]<\/p>\n<p><a class=\"btn btn-secondary understrap-read-more-link\" href=\"https:\/\/digalco.com\/pt-pt\/produto\/cisco-webex-dx80-23-ips-169-recondicionado-1920x1080-pt-8836\/\">Continuar a ler&#8230;<span class=\"screen-reader-text\"> from CISCO Webex DX80 23&#8221; IPS 16:9 Recondicionado | 1920&#215;1080<\/span><\/a><\/p>\n","protected":false},"featured_media":171436,"template":"","meta":[],"product_brand":[3882],"product_cat":[1663,3801],"product_tag":[],"class_list":{"0":"post-171479","1":"product","2":"type-product","3":"status-publish","4":"has-post-thumbnail","6":"product_brand-cisco","7":"product_cat-networking-pt","8":"product_cat-networking-videoconferencia-pt","10":"first","11":"instock","12":"taxable","13":"shipping-taxable","14":"purchasable","15":"product-type-simple"},"bundled_by":[],"bundle_stock_status":"instock","bundle_stock_quantity":2,"bundle_virtual":false,"bundle_layout":"","bundle_add_to_cart_form_location":"","bundle_editable_in_cart":false,"bundle_sold_individually_context":"","bundle_item_grouping":"","bundle_min_size":"","bundle_max_size":"","bundle_price":[],"bundled_items":[],"bundle_sell_ids":[],"exclude_global_add_ons":true,"addons":{"hdmi-upgrades":{"name":"Extens\u00e3o cabo","type":"multiple_choice","position":0,"required":false,"title_format":"heading","default":"","description_enable":false,"description":"","placeholder_enable":false,"placeholder":"","display":"radiobutton","restrictions_type":"any_text","adjust_price":false,"price":"","price_type":"quantity_based","restrictions":false,"min":"0","max":"0","options":[{"label":"Cabo HDMI 2 mts. [AMP00104]","price":"6.0000","price_type":"quantity_based","image":0,"visibility":true}]}},"df_price":180,"df_sale_price":"","df_regular_price":180,"df_image_link":"https:\/\/digalco.com\/wp-content\/uploads\/images\/product\/8836\/cisc00027_01-300x225.jpg","_links":{"self":[{"href":"https:\/\/digalco.com\/pt-pt\/wp-json\/wp\/v2\/product\/171479","targetHints":{"allow":["GET"]}}],"collection":[{"href":"https:\/\/digalco.com\/pt-pt\/wp-json\/wp\/v2\/product"}],"about":[{"href":"https:\/\/digalco.com\/pt-pt\/wp-json\/wp\/v2\/types\/product"}],"wp:featuredmedia":[{"embeddable":true,"href":"https:\/\/digalco.com\/pt-pt\/wp-json\/wp\/v2\/media\/171436"}],"wp:attachment":[{"href":"https:\/\/digalco.com\/pt-pt\/wp-json\/wp\/v2\/media?parent=171479"}],"wp:term":[{"taxonomy":"product_brand","embeddable":true,"href":"https:\/\/digalco.com\/pt-pt\/wp-json\/wp\/v2\/product_brand?post=171479"},{"taxonomy":"product_cat","embeddable":true,"href":"https:\/\/digalco.com\/pt-pt\/wp-json\/wp\/v2\/product_cat?post=171479"},{"taxonomy":"product_tag","embeddable":true,"href":"https:\/\/digalco.com\/pt-pt\/wp-json\/wp\/v2\/product_tag?post=171479"}],"curies":[{"name":"wp","href":"https:\/\/api.w.org\/{rel}","templated":true}]}}