{"id":172241,"date":"2024-02-06T11:50:30","date_gmt":"2024-02-06T10:50:30","guid":{"rendered":"https:\/\/digalco.com\/tienda\/opcao-portatil-hp-essential-maletin-156-novo-pt-6046\/"},"modified":"2024-11-07T20:19:17","modified_gmt":"2024-11-07T19:19:17","slug":"opcao-portatil-hp-essential-maletin-156-novo-pt-6046","status":"publish","type":"product","link":"https:\/\/digalco.com\/pt-pt\/produto\/opcao-portatil-hp-essential-maletin-156-novo-pt-6046\/","title":{"rendered":"Op\u00e7\u00e3o port\u00e1til HP Essential Maletin 15,6&#8221; Novo"},"content":{"rendered":"<p><strong>Caracter\u00edsticas:<\/strong><br \/>Maletin de Apertura Superior<br \/>Tama\u00f1o hasta port\u00e1tiles de 15,6&#8221;<br \/>Asas de transporte y correa para manos libres<br \/>Compartimento para accesorios y documentos.<br \/>Ver Fotos Reales en &#8221;+ Im\u00e1genes&#8221;.<\/p>\n","protected":false},"excerpt":{"rendered":"<p>Maletin Port\u00e1til HP Essential 15,6&#8221; Nuevo [&#8230;]<\/p>\n<p><a class=\"btn btn-secondary understrap-read-more-link\" href=\"https:\/\/digalco.com\/pt-pt\/produto\/opcao-portatil-hp-essential-maletin-156-novo-pt-6046\/\">Continuar a ler&#8230;<span class=\"screen-reader-text\"> from Op\u00e7\u00e3o port\u00e1til HP Essential Maletin 15,6&#8221; Novo<\/span><\/a><\/p>\n","protected":false},"featured_media":172206,"template":"","meta":[],"product_brand":[3854],"product_cat":[1515,3045,3061],"product_tag":[],"class_list":{"0":"post-172241","1":"product","2":"type-product","3":"status-publish","4":"has-post-thumbnail","6":"product_brand-hp","7":"product_cat-laptops-pt","8":"product_cat-laptops-opcaos-pt","9":"product_cat-laptops-opcaos-bolsas-pt","11":"first","12":"instock","13":"taxable","14":"shipping-taxable","15":"purchasable","16":"product-type-simple"},"bundled_by":[],"bundle_stock_status":"instock","bundle_stock_quantity":61,"bundle_virtual":false,"bundle_layout":"","bundle_add_to_cart_form_location":"","bundle_editable_in_cart":false,"bundle_sold_individually_context":"","bundle_item_grouping":"","bundle_min_size":"","bundle_max_size":"","bundle_price":[],"bundled_items":[],"bundle_sell_ids":[],"exclude_global_add_ons":[],"addons":[],"df_price":20,"df_sale_price":"","df_regular_price":20,"df_image_link":"https:\/\/digalco.com\/wp-content\/uploads\/images\/product\/6046\/hp01294_01-300x225.jpg","_links":{"self":[{"href":"https:\/\/digalco.com\/pt-pt\/wp-json\/wp\/v2\/product\/172241","targetHints":{"allow":["GET"]}}],"collection":[{"href":"https:\/\/digalco.com\/pt-pt\/wp-json\/wp\/v2\/product"}],"about":[{"href":"https:\/\/digalco.com\/pt-pt\/wp-json\/wp\/v2\/types\/product"}],"wp:featuredmedia":[{"embeddable":true,"href":"https:\/\/digalco.com\/pt-pt\/wp-json\/wp\/v2\/media\/172206"}],"wp:attachment":[{"href":"https:\/\/digalco.com\/pt-pt\/wp-json\/wp\/v2\/media?parent=172241"}],"wp:term":[{"taxonomy":"product_brand","embeddable":true,"href":"https:\/\/digalco.com\/pt-pt\/wp-json\/wp\/v2\/product_brand?post=172241"},{"taxonomy":"product_cat","embeddable":true,"href":"https:\/\/digalco.com\/pt-pt\/wp-json\/wp\/v2\/product_cat?post=172241"},{"taxonomy":"product_tag","embeddable":true,"href":"https:\/\/digalco.com\/pt-pt\/wp-json\/wp\/v2\/product_tag?post=172241"}],"curies":[{"name":"wp","href":"https:\/\/api.w.org\/{rel}","templated":true}]}}