{"id":172525,"date":"2024-02-06T11:51:15","date_gmt":"2024-02-06T10:51:15","guid":{"rendered":"https:\/\/digalco.com\/tienda\/tablet-grafico-wacom-stu-520-recondicionado-pt-5544\/"},"modified":"2026-02-24T12:46:26","modified_gmt":"2026-02-24T11:46:26","slug":"tablet-grafico-wacom-stu-520-recondicionado-pt-5544","status":"publish","type":"product","link":"https:\/\/digalco.com\/pt-pt\/produto\/tablet-grafico-wacom-stu-520-recondicionado-pt-5544\/","title":{"rendered":"Tablet gr\u00e1fico WACOM STU-520 | Recondicionado"},"content":{"rendered":"<p><strong>Tecnologia:<\/strong><strong><\/strong>LCD TFT de 4,7 &#8221; Color<strong>Resolu\u00e7\u00e3o:<\/strong>800 x 480<strong><\/strong><strong>Pitch de pixel:<\/strong>0,135 mm<strong><\/strong><strong>Brilho:<\/strong>168 cd\/m2<strong><\/strong><strong>Contraste:<\/strong>600: 1<strong><\/strong><strong>\u00c2ngulo de vis\u00e3o:<\/strong>140 \u00b0 v \/ 140 \u00b0 h<strong><\/strong><strong>Interfaces:<\/strong>1xUSB 2.0<strong><\/strong><strong>Dimens\u00f5es:<\/strong>160 x 177 x 16 mm.<strong><\/strong><strong>Peso:<\/strong>289 Grs.<strong><\/strong><strong>Outras:<\/strong>Caneta de ponteiro inclu\u00edda.Bom aspecto exterior. Pode apresentar ligeiros sinais de desgaste na carca\u00e7a.Veja &#8221;+ Fotos&#8221; e &#8221;V\u00eddeo&#8221; e se tiver alguma d\u00favida contacte-nos ou utilize o nosso chat para mais informa\u00e7\u00f5es ou para pedir mais detalhes.<\/p>\n","protected":false},"excerpt":{"rendered":"<p>Tecnologia: 4,7 &#8221; TFT LCD Color &#8211; Resolu\u00e7\u00e3o: 800 x 480 &#8211; Pixel Pitch: 0,135 mm &#8211; Brilho: 168 cd \/ m2 &#8211; Contraste: 600: 1 &#8211; \u00c2ngulo: 14&#8217;0 \u00b0 v \/ 140 \u00b0 h. &#8211; Interfaces: 1xUSB 2.0 [&#8230;]<\/p>\n<p><a class=\"btn btn-secondary understrap-read-more-link\" href=\"https:\/\/digalco.com\/pt-pt\/produto\/tablet-grafico-wacom-stu-520-recondicionado-pt-5544\/\">Continuar a ler&#8230;<span class=\"screen-reader-text\"> from Tablet gr\u00e1fico WACOM STU-520 | Recondicionado<\/span><\/a><\/p>\n","protected":false},"featured_media":172503,"template":"","meta":[],"product_brand":[3897],"product_cat":[1627],"product_tag":[],"class_list":{"0":"post-172525","1":"product","2":"type-product","3":"status-publish","4":"has-post-thumbnail","6":"product_brand-wacom","7":"product_cat-wacom-pt","9":"first","10":"instock","11":"taxable","12":"shipping-taxable","13":"purchasable","14":"product-type-simple"},"bundled_by":[],"bundle_stock_status":"instock","bundle_stock_quantity":57,"bundle_virtual":false,"bundle_layout":"","bundle_add_to_cart_form_location":"","bundle_editable_in_cart":false,"bundle_sold_individually_context":"","bundle_item_grouping":"","bundle_min_size":"","bundle_max_size":"","bundle_price":[],"bundled_items":[],"bundle_sell_ids":[],"exclude_global_add_ons":[],"addons":[],"df_price":72,"df_sale_price":"","df_regular_price":72,"df_image_link":"https:\/\/digalco.com\/wp-content\/uploads\/images\/product\/5544\/wcm00004_01-300x225.jpg","_links":{"self":[{"href":"https:\/\/digalco.com\/pt-pt\/wp-json\/wp\/v2\/product\/172525","targetHints":{"allow":["GET"]}}],"collection":[{"href":"https:\/\/digalco.com\/pt-pt\/wp-json\/wp\/v2\/product"}],"about":[{"href":"https:\/\/digalco.com\/pt-pt\/wp-json\/wp\/v2\/types\/product"}],"wp:featuredmedia":[{"embeddable":true,"href":"https:\/\/digalco.com\/pt-pt\/wp-json\/wp\/v2\/media\/172503"}],"wp:attachment":[{"href":"https:\/\/digalco.com\/pt-pt\/wp-json\/wp\/v2\/media?parent=172525"}],"wp:term":[{"taxonomy":"product_brand","embeddable":true,"href":"https:\/\/digalco.com\/pt-pt\/wp-json\/wp\/v2\/product_brand?post=172525"},{"taxonomy":"product_cat","embeddable":true,"href":"https:\/\/digalco.com\/pt-pt\/wp-json\/wp\/v2\/product_cat?post=172525"},{"taxonomy":"product_tag","embeddable":true,"href":"https:\/\/digalco.com\/pt-pt\/wp-json\/wp\/v2\/product_tag?post=172525"}],"curies":[{"name":"wp","href":"https:\/\/api.w.org\/{rel}","templated":true}]}}