{"id":172581,"date":"2024-02-06T11:51:21","date_gmt":"2024-02-06T10:51:21","guid":{"rendered":"https:\/\/digalco.com\/tienda\/impressora-pos-termica-zebra-hc100-impr-de-pulseras-recondicionado-pt-7951\/"},"modified":"2026-02-12T14:09:45","modified_gmt":"2026-02-12T13:09:45","slug":"impressora-pos-termica-zebra-hc100-impr-de-pulseras-recondicionado-pt-7951","status":"publish","type":"product","link":"https:\/\/digalco.com\/pt-pt\/produto\/impressora-pos-termica-zebra-hc100-impr-de-pulseras-recondicionado-pt-7951\/","title":{"rendered":"Impressora POS T\u00e9rmica Zebra HC100 Impr. de Pulseras | Recondicionado"},"content":{"rendered":"<p><strong>Tecnologia<\/strong><br \/>T\u00e9rmica<br \/><strong>C\u00f3pias<\/strong><br \/>Velocidade de impress\u00e3o 51 mm\/s<br \/><strong>Manuseio de papel<\/strong><br \/>Largura do papel 31.16mm<br \/>Corte autom\u00e1tico<br \/><strong>Conectividade impressora<\/strong><br \/>Serie, USB, Rede<br \/><strong>Outros<\/strong><br \/>Alimentador inclu\u00eddo<br \/><strong>Caixa<\/strong><br \/>Cor branco<br \/><strong>Dimens\u00f5es<\/strong><br \/>12.7&#215;17.8&#215;24.2 cm.<br \/><strong>Peso<\/strong><br \/>1.40 Kg.<br \/><strong>Especifica\u00e7\u00f5es adicionais<\/strong><br \/><b>Recursos padr\u00e3o:<\/b><br \/>Carregamento autom\u00e1tico de material \u2013 sem contato do usu\u00e1rio com o material durante o carregamento ou extra\u00e7\u00e3o<br \/>Configura\u00e7\u00e3o autom\u00e1tica de velocidade de impress\u00e3o &#8211; at\u00e9 102 mm\/segundo, dependendo do cartucho instalado.<br \/>Impress\u00e3o t\u00e9rmica direta de c\u00f3digos de barras , texto e gr\u00e1ficos<br \/>Estrutura de parede dupla, com pl\u00e1stico resistente a impactos.<br \/>Linguagens de programa\u00e7\u00e3o ZplTM ou Zpl iiTM<br \/>Processador Risc de 32 bits.<br \/> Mem\u00f3ria 8mb sdRam como padr\u00e3o<br \/>(4mb dispon\u00edveis para o usu\u00e1rio)<br \/>8mb mem\u00f3ria flash como padr\u00e3o (4 MB dispon\u00edveis para o usu\u00e1rio)<br \/>Controle de energia do cabe\u00e7ote de impress\u00e3o Zebra e3TM<br \/><b>Interface de comunica\u00e7\u00e3o:<\/b><br \/>Dual: serial e USB<br \/>Od\u00f4metro para comprimento de rastreabilidade<br \/>imprimir<br \/>Indicador de status do material iluminado<br \/>Substitui\u00e7\u00e3o sem ferramentas da<br \/>cabe\u00e7a de impress\u00e3o e da base de suporte de impress\u00e3o<br \/> UnicodeTM aprovado para aplica\u00e7\u00f5es<br \/>multil\u00edngue<br style=\", 51)\">Calibra\u00e7\u00e3o instant\u00e2nea de material<br \/>16 fontes de bitmap expans\u00edveis residentes<br \/>Uma fonte residente escal\u00e1vel<br \/>Sensor head-up<br \/>Fun\u00e7\u00e3o de modo de distribui\u00e7\u00e3o padr\u00e3o <br \/>Impress\u00e3o XML habilitada \u2013 permite<br \/>comunica\u00e7\u00f5es XML de sistemas de informa\u00e7\u00e3o.<br \/><b>Comprimento m\u00e1ximo de impress\u00e3o:<\/b><br \/>558mm<br \/> <b>Comprimento m\u00ednimo de impress\u00e3o:<\/b><br \/>73 mm<br \/><b>Larguras de impress\u00e3o:<\/b><br \/>19,05mm\/25,4mm\/30,16mm<br \/><b>Resolu\u00e7\u00e3o:<\/b><br \/> 300dpi\/12 pontos por mm<br \/><b>Velocidade m\u00e1xima de impress\u00e3o:<\/b><br \/>51mm\/seg. (Sa\u00fade)<br \/>102 mm\/seg. (Divers\u00e3o com banda Z e respingo de banda Z)<br \/><b>Verifica\u00e7\u00f5es de qualidade\/testes de laborat\u00f3rio: <\/b><u>Inspe\u00e7\u00e3o f\u00edsica:<\/u> Inspe\u00e7\u00e3o do chassi, limpeza e verifica\u00e7\u00e3o de danos. <u>Conectividade:<\/u> Verifica\u00e7\u00e3o de portas e conex\u00f5es (USB, Ethernet, etc.). <u>Teste de impress\u00e3o: <\/u>Teste de qualidade e velocidade, verifica\u00e7\u00e3o de alinhamento e legibilidade. <u>Gerenciamento de papel:<\/u> Revis\u00e3o do sistema de alimenta\u00e7\u00e3o e detec\u00e7\u00e3o de atolamentos. <u>Teste de carga: <\/u>Teste de confiabilidade em uso cont\u00ednuo.<br \/><u>Inspe\u00e7\u00e3o interna:<\/u> Verifica\u00e7\u00e3o e limpeza de componentes internos.<\/p>\n<p><strong>Coment\u00e1rios<\/strong><br \/><u>Consum\u00edvel n\u00e3o inclu\u00eddo<\/u><\/p>\n","protected":false},"excerpt":{"rendered":"<p>Comprimento m\u00e1ximo de impress\u00e3o: 558 mm Comprimento m\u00ednimo de impress\u00e3o: 73 mm Largura de impress\u00e3o: 19,05 mm \/ 25,4 mm \/ 30,16 mm Resolu\u00e7\u00e3o: 300 dpi \/ 12 pontos por mm Velocidade m\u00e1xima de impress\u00e3o: 51 mm \/ seg. (Sa\u00fade) 102 mm \/ seg. (Divers\u00e3o de banda Z e splash de banda Z) [&#8230;]<\/p>\n<p><a class=\"btn btn-secondary understrap-read-more-link\" href=\"https:\/\/digalco.com\/pt-pt\/produto\/impressora-pos-termica-zebra-hc100-impr-de-pulseras-recondicionado-pt-7951\/\">Continuar a ler&#8230;<span class=\"screen-reader-text\"> from Impressora POS T\u00e9rmica Zebra HC100 Impr. de Pulseras | Recondicionado<\/span><\/a><\/p>\n","protected":false},"featured_media":172555,"template":"","meta":[],"product_brand":[3883],"product_cat":[1595,1671,3101,1707],"product_tag":[],"class_list":{"0":"post-172581","1":"product","2":"type-product","3":"status-publish","4":"has-post-thumbnail","6":"product_brand-zebra","7":"product_cat-pos-pt","8":"product_cat-impressoras-pt","9":"product_cat-pos-impressoras-pt","10":"product_cat-impressoras-pos-pt","12":"first","13":"instock","14":"taxable","15":"shipping-taxable","16":"purchasable","17":"product-type-simple"},"bundled_by":[],"bundle_stock_status":"instock","bundle_stock_quantity":2,"bundle_virtual":false,"bundle_layout":"","bundle_add_to_cart_form_location":"","bundle_editable_in_cart":false,"bundle_sold_individually_context":"","bundle_item_grouping":"","bundle_min_size":"","bundle_max_size":"","bundle_price":[],"bundled_items":[],"bundle_sell_ids":[],"exclude_global_add_ons":[],"addons":[],"df_price":99,"df_sale_price":"","df_regular_price":99,"df_image_link":"https:\/\/digalco.com\/wp-content\/uploads\/images\/product\/7951\/zebr00004_01-300x225.jpg","_links":{"self":[{"href":"https:\/\/digalco.com\/pt-pt\/wp-json\/wp\/v2\/product\/172581","targetHints":{"allow":["GET"]}}],"collection":[{"href":"https:\/\/digalco.com\/pt-pt\/wp-json\/wp\/v2\/product"}],"about":[{"href":"https:\/\/digalco.com\/pt-pt\/wp-json\/wp\/v2\/types\/product"}],"wp:featuredmedia":[{"embeddable":true,"href":"https:\/\/digalco.com\/pt-pt\/wp-json\/wp\/v2\/media\/172555"}],"wp:attachment":[{"href":"https:\/\/digalco.com\/pt-pt\/wp-json\/wp\/v2\/media?parent=172581"}],"wp:term":[{"taxonomy":"product_brand","embeddable":true,"href":"https:\/\/digalco.com\/pt-pt\/wp-json\/wp\/v2\/product_brand?post=172581"},{"taxonomy":"product_cat","embeddable":true,"href":"https:\/\/digalco.com\/pt-pt\/wp-json\/wp\/v2\/product_cat?post=172581"},{"taxonomy":"product_tag","embeddable":true,"href":"https:\/\/digalco.com\/pt-pt\/wp-json\/wp\/v2\/product_tag?post=172581"}],"curies":[{"name":"wp","href":"https:\/\/api.w.org\/{rel}","templated":true}]}}