{"id":176566,"date":"2024-02-06T12:34:40","date_gmt":"2024-02-06T11:34:40","guid":{"rendered":"https:\/\/digalco.com\/tienda\/lenovo-m93p-barebone-recondicionado-core-i5-32ghz-8-gb-ram-tabletop-pt-8432\/"},"modified":"2026-03-18T17:35:12","modified_gmt":"2026-03-18T16:35:12","slug":"lenovo-m93p-barebone-recondicionado-core-i5-32ghz-8-gb-ram-tabletop-pt-8432","status":"publish","type":"product","link":"https:\/\/digalco.com\/pt-pt\/produto\/lenovo-m93p-barebone-recondicionado-core-i5-32ghz-8-gb-ram-tabletop-pt-8432\/","title":{"rendered":"Lenovo M93P Barebone Tabletop | Recondicionado | Core i5 3.2GHz | 8 GB RAM"},"content":{"rendered":"<p><strong>Processador<\/strong><br \/>Intel Core i5 4570 3.2 GHz.<br \/><strong>Fator de forma<\/strong><br \/>Tabletop<br \/><strong>Mem\u00f3ria RAM<\/strong><br \/>8 Gb. DDR3 RAM<br \/><strong>Drive \u00f3ptico<\/strong><br \/>DVD<br \/><strong>Cart\u00f5es<\/strong><br \/>Placa gr\u00e1fica: Intel HD Graphics 4600<br \/>Som: HD Audio<br \/>Network: l217-LM<br \/><strong>Sistema operativo<\/strong><br \/>Windows 10 Pro<br \/><strong>Portos<\/strong><br \/>S\u00e9rie<br \/>4x USB 2.0<br \/>4x USB 3.0<br \/><strong>Portas de v\u00eddeo<\/strong><br \/>VGA<br \/>2x Display Port<br \/><strong>Conectividade<\/strong><br \/>RJ-45<br \/><strong>Outros<\/strong><br \/>hR embalagens<br \/><strong>Dimens\u00f5es<\/strong><br \/>39x34x10 cm.<br \/><strong>Peso<\/strong><br \/>6.05 Kg.<br \/><strong>Especifica\u00e7\u00f5es adicionais<\/strong><br \/><u>Computador Barebone: voc\u00ea pode configur\u00e1-lo de acordo com suas necessidades adicionando discos r\u00edgidos ou SSDs e expandindo sua mem\u00f3ria. Como base, \u00e9 fornecido com 8 Gb de mem\u00f3ria e sem disco (inclui guias e parafusos de disco).<\/u> Boa apar\u00eancia l\u00e1 fora. Procure em &#8220;+ Fotos&#8221; e &#8220;V\u00eddeo&#8221; e se tiver alguma d\u00favida nos ligue ou use nosso chat para ampliar as informa\u00e7\u00f5es ou solicitar mais detalhes.<\/p>\n<p><strong>Coment\u00e1rios<\/strong><br \/><u>1x PCI Express 3.0 x16 &#8211; 1x PCIe 2.0&#215;1 &#8211; 1x PCIe 2.0 x16 &#8211; 1x PCI 2.3 &#8211; Barebone: Personalize<\/u><\/p>\n","protected":false},"excerpt":{"rendered":"<p>Intel Core i5 4570 3.2 GHz. \u00b7 8 Gb. DDR3 RAM \u00b7 DVD \u00b7 Windows 10 Pro \u00b7 <u>1x PCI Express 3.0 x16 &#8211; 1x PCIe 2.0&#215;1 &#8211; 1x PCIe 2.0 x16 &#8211; 1x PCI 2.3 &#8211; Barebone: Personalize<\/u> [&#8230;]<\/p>\n<p><a class=\"btn btn-secondary understrap-read-more-link\" href=\"https:\/\/digalco.com\/pt-pt\/produto\/lenovo-m93p-barebone-recondicionado-core-i5-32ghz-8-gb-ram-tabletop-pt-8432\/\">Continuar a ler&#8230;<span class=\"screen-reader-text\"> from Lenovo M93P Barebone Tabletop | Recondicionado | Core i5 3.2GHz | 8 GB RAM<\/span><\/a><\/p>\n","protected":false},"featured_media":176490,"template":"","meta":[],"product_brand":[3856],"product_cat":[1467,3744,2417],"product_tag":[],"class_list":{"0":"post-176566","1":"product","2":"type-product","3":"status-publish","4":"has-post-thumbnail","6":"product_brand-lenovo","7":"product_cat-computadores-pt","8":"product_cat-barebone-pt","9":"product_cat-computadores-intel-core-i5-pt","11":"first","12":"instock","13":"taxable","14":"shipping-taxable","15":"purchasable","16":"product-type-simple"},"bundled_by":[],"bundle_stock_status":"instock","bundle_stock_quantity":57,"bundle_virtual":false,"bundle_layout":"","bundle_add_to_cart_form_location":"","bundle_editable_in_cart":false,"bundle_sold_individually_context":"","bundle_item_grouping":"","bundle_min_size":"","bundle_max_size":"","bundle_price":[],"bundled_items":[],"bundle_sell_ids":[],"exclude_global_add_ons":true,"addons":{"webcam-upgrades":{"name":"Extens\u00e3o Webcam","type":"multiple_choice","position":0,"required":false,"title_format":"heading","default":"","description_enable":false,"description":"","placeholder_enable":false,"placeholder":"","display":"radiobutton","restrictions_type":"any_text","adjust_price":false,"price":"","price_type":"quantity_based","restrictions":false,"min":"0","max":"0","options":[{"label":"Conceptronic AMDIS FullHD [AMP00085]","price":"29.0000","price_type":"quantity_based","image":0,"visibility":true}]},"ram-memory-upgrades":{"name":"Extens\u00e3o RAM","type":"multiple_choice","position":0,"required":false,"title_format":"heading","default":"","description_enable":false,"description":"","placeholder_enable":false,"placeholder":"","display":"radiobutton","restrictions_type":"any_text","adjust_price":false,"price":"","price_type":"quantity_based","restrictions":false,"min":"0","max":"0","options":[{"label":"Extens\u00e3o SODIM RAM 16 Gb DDR3 [AMP00004]","price":"50.0000","price_type":"quantity_based","image":0,"visibility":true}]},"graphic-card-upgrades":{"name":"Extens\u00e3o placa gr\u00e1fica","type":"multiple_choice","position":0,"required":false,"title_format":"heading","default":"","description_enable":false,"description":"","placeholder_enable":false,"placeholder":"","display":"radiobutton","restrictions_type":"any_text","adjust_price":false,"price":"","price_type":"quantity_based","restrictions":false,"min":"0","max":"0","options":[{"label":"T. Gr\u00e1fica 2 Gb. (1xDVI, 1xHDMI) [AMP00010]","price":"60.0000","price_type":"quantity_based","image":0,"visibility":true}]},"network-card-upgrades":{"name":"Extens\u00e3o WIFI","type":"multiple_choice","position":0,"required":false,"title_format":"heading","default":"","description_enable":false,"description":"","placeholder_enable":false,"placeholder":"","display":"radiobutton","restrictions_type":"any_text","adjust_price":false,"price":"","price_type":"quantity_based","restrictions":false,"min":"0","max":"0","options":[{"label":"Ampliaci\u00f3n a Tarj. Wi-Fi PCI [AMP00017]","price":"15.0000","price_type":"quantity_based","image":0,"visibility":true},{"label":"Ampliaci\u00f3n a Wireless nano USB [AMP00018]","price":"12.0000","price_type":"quantity_based","image":0,"visibility":true}]},"keyboard-upgrades":{"name":"Extens\u00e3o teclado","type":"multiple_choice","position":0,"required":false,"title_format":"heading","default":"","description_enable":false,"description":"","placeholder_enable":false,"placeholder":"","display":"radiobutton","restrictions_type":"any_text","adjust_price":false,"price":"","price_type":"quantity_based","restrictions":false,"min":"0","max":"0","options":[{"label":"Teclado e Mouse [AMP00020]","price":"8.0000","price_type":"quantity_based","image":0,"visibility":true},{"label":"Teclado e Mouse Portugu\u00e9s Nuevo [AMP00088]","price":"15.0000","price_type":"quantity_based","image":0,"visibility":true},{"label":"Teclado e mouse USB em espanhol (Novo) [AMP00068]","price":"12.0000","price_type":"quantity_based","image":0,"visibility":true}]}},"df_price":78,"df_sale_price":"","df_regular_price":78,"df_image_link":"https:\/\/digalco.com\/wp-content\/uploads\/images\/product\/8432\/leno00572_01-300x225.jpg","_links":{"self":[{"href":"https:\/\/digalco.com\/pt-pt\/wp-json\/wp\/v2\/product\/176566","targetHints":{"allow":["GET"]}}],"collection":[{"href":"https:\/\/digalco.com\/pt-pt\/wp-json\/wp\/v2\/product"}],"about":[{"href":"https:\/\/digalco.com\/pt-pt\/wp-json\/wp\/v2\/types\/product"}],"wp:featuredmedia":[{"embeddable":true,"href":"https:\/\/digalco.com\/pt-pt\/wp-json\/wp\/v2\/media\/176490"}],"wp:attachment":[{"href":"https:\/\/digalco.com\/pt-pt\/wp-json\/wp\/v2\/media?parent=176566"}],"wp:term":[{"taxonomy":"product_brand","embeddable":true,"href":"https:\/\/digalco.com\/pt-pt\/wp-json\/wp\/v2\/product_brand?post=176566"},{"taxonomy":"product_cat","embeddable":true,"href":"https:\/\/digalco.com\/pt-pt\/wp-json\/wp\/v2\/product_cat?post=176566"},{"taxonomy":"product_tag","embeddable":true,"href":"https:\/\/digalco.com\/pt-pt\/wp-json\/wp\/v2\/product_tag?post=176566"}],"curies":[{"name":"wp","href":"https:\/\/api.w.org\/{rel}","templated":true}]}}