{"id":176796,"date":"2024-02-06T12:35:21","date_gmt":"2024-02-06T11:35:21","guid":{"rendered":"https:\/\/digalco.com\/tienda\/hardware-refurbished-monitor-monocromo-tpv-9-novo-pt-7098\/"},"modified":"2024-02-06T12:35:27","modified_gmt":"2024-02-06T11:35:27","slug":"hardware-refurbished-monitor-monocromo-tpv-9-novo-pt-7098","status":"publish","type":"product","link":"https:\/\/digalco.com\/pt-pt\/produto\/hardware-refurbished-monitor-monocromo-tpv-9-novo-pt-7098\/","title":{"rendered":"Hardware"},"content":{"rendered":"<p><b>Tecnologia<\/b><br \/>Monitor Monocrom\u00e1tico 9 &#8220;<br \/><b>\u00c1rea de Vis\u00e3o<\/b><br \/>165 x 120 mm. max<br \/><b>Frequ\u00eancia<\/b><br \/>31,5 KHz. Apenas<br \/><b>Entrada de v\u00eddeo<\/b><br \/>1xVGA<br \/><b>Consumo<\/b><br \/>30 W m\u00e1x.<br \/><b>Dimens\u00f5es<\/b><br \/>28,5 x 26,7 x 30,5 mm.<br \/><b>Peso<\/b><br \/>4,8 Kgrs.<br \/><b>Coment\u00e1rios<\/b><br \/>Novo monitor. Inclui caixa original e manual. Veja &#8220;+ Fotos&#8221; e se tiver alguma d\u00favida, ligue para n\u00f3s ou use o nosso chat para mais informa\u00e7\u00f5es ou para solicitar mais detalhes.<\/p>\n","protected":false},"excerpt":{"rendered":"<p>Tecn ologia: Monitor Monocrom\u00e1tico 9 &quot; &#8211; \u00c1rea de Vis\u00e3o: 165 x 120 mm. max &#8211; Frequ\u00eancia: 31,5 KHz. Apenas &#8211; Entrada de v\u00eddeo: 1xVGA &#8211; Consumo: 30 W m\u00e1x. &#8211; Dimens\u00f5es: 28,5 x 26,7 x 30,5 mm. &#8211; Peso: 4,8 Kgrs. [&#8230;]<\/p>\n<p><a class=\"btn btn-secondary understrap-read-more-link\" href=\"https:\/\/digalco.com\/pt-pt\/produto\/hardware-refurbished-monitor-monocromo-tpv-9-novo-pt-7098\/\">Continuar a ler&#8230;<span class=\"screen-reader-text\"> from Hardware<\/span><\/a><\/p>\n","protected":false},"featured_media":176711,"template":"","meta":[],"product_brand":[],"product_cat":[1595,1615],"product_tag":[],"class_list":{"0":"post-176796","1":"product","2":"type-product","3":"status-publish","4":"has-post-thumbnail","6":"product_cat-pos-pt","7":"product_cat-pos-monitores-pt","9":"first","10":"instock","11":"taxable","12":"shipping-taxable","13":"purchasable","14":"product-type-simple"},"bundled_by":[],"bundle_stock_status":"instock","bundle_stock_quantity":2,"bundle_virtual":false,"bundle_layout":"","bundle_add_to_cart_form_location":"","bundle_editable_in_cart":false,"bundle_sold_individually_context":"","bundle_item_grouping":"","bundle_min_size":"","bundle_max_size":"","bundle_price":[],"bundled_items":[],"bundle_sell_ids":[],"exclude_global_add_ons":[],"addons":[],"df_price":60,"df_sale_price":"","df_regular_price":60,"df_image_link":"https:\/\/digalco.com\/wp-content\/uploads\/images\/product\/7098\/mon9_01-300x225.jpg","_links":{"self":[{"href":"https:\/\/digalco.com\/pt-pt\/wp-json\/wp\/v2\/product\/176796","targetHints":{"allow":["GET"]}}],"collection":[{"href":"https:\/\/digalco.com\/pt-pt\/wp-json\/wp\/v2\/product"}],"about":[{"href":"https:\/\/digalco.com\/pt-pt\/wp-json\/wp\/v2\/types\/product"}],"wp:featuredmedia":[{"embeddable":true,"href":"https:\/\/digalco.com\/pt-pt\/wp-json\/wp\/v2\/media\/176711"}],"wp:attachment":[{"href":"https:\/\/digalco.com\/pt-pt\/wp-json\/wp\/v2\/media?parent=176796"}],"wp:term":[{"taxonomy":"product_brand","embeddable":true,"href":"https:\/\/digalco.com\/pt-pt\/wp-json\/wp\/v2\/product_brand?post=176796"},{"taxonomy":"product_cat","embeddable":true,"href":"https:\/\/digalco.com\/pt-pt\/wp-json\/wp\/v2\/product_cat?post=176796"},{"taxonomy":"product_tag","embeddable":true,"href":"https:\/\/digalco.com\/pt-pt\/wp-json\/wp\/v2\/product_tag?post=176796"}],"curies":[{"name":"wp","href":"https:\/\/api.w.org\/{rel}","templated":true}]}}