{"id":177892,"date":"2024-02-07T09:39:47","date_gmt":"2024-02-07T08:39:47","guid":{"rendered":"https:\/\/digalco.com\/tienda\/dell-ultrasharp-u2415b-24-led-1610-recondicionado-1920x1080-pt-10192\/"},"modified":"2026-04-09T22:21:16","modified_gmt":"2026-04-09T20:21:16","slug":"dell-ultrasharp-u2415b-24-led-1610-recondicionado-1920x1080-pt-10192","status":"publish","type":"product","link":"https:\/\/digalco.com\/pt-pt\/produto\/dell-ultrasharp-u2415b-24-led-1610-recondicionado-1920x1080-pt-10192\/","title":{"rendered":"Dell UltraSharp U2415 24&#8243; Led 16:10 | Recondicionado | 1920&#215;1080"},"content":{"rendered":"<p><strong>Tela<\/strong><br \/>Led 24 &#8221; FullHD 16:10  \u00b7 Resolu\u00e7\u00e3o 1920&#215;1080<br \/>Dot pitch 0.27 mm<br \/>Resposta 8 ms<br \/>Contraste 1000:1<br \/>Brilho 300 cd\/m2<br \/>\u00c2ngulo vis\u00e3o 178\u00b0v\/178\u00b0h<br \/><strong>Portas de v\u00eddeo<\/strong><br \/>2x HDMI<br \/>2x Display Port<br \/>Mini Display Port<br \/><strong>Espec\u00edfico tela<\/strong><br \/>Apoio VESA<br \/>Pedestal<br \/>Regul\u00e1vel em altura<br \/><strong>Outros<\/strong><br \/>hR embalagens<br \/><strong>Dimens\u00f5es<\/strong><br \/>53.2x40x20.5 cm.<br \/><strong>Peso<\/strong><br \/>5.95 Kg.<br \/><strong>Especifica\u00e7\u00f5es adicionais<\/strong><br \/>Bom aspecto exterior. Veja &#8220;+ Fotos&#8221; e &#8220;V\u00eddeo&#8221; e se tiver alguma d\u00favida contacte-nos ou utilize o nosso chat para mais informa\u00e7\u00f5es ou para pedir mais detalhes.<br \/><strong>Coment\u00e1rios<\/strong><br \/><u>Cabo de alimenta\u00e7\u00e3o e DisplayPort inclu\u00eddo &#8211; 5xUSB 3.0<\/u><\/p>\n","protected":false},"excerpt":{"rendered":"<p>Led 24 &#8221; FullHD 16:10  \u00b7 Resolu\u00e7\u00e3o 1920&#215;1080 \u00b7 Dot pitch 0.27 mm \u00b7 Resposta 8 ms \u00b7 Contraste 1000:1 \u00b7 Brilho 300 cd\/m2 \u00b7 \u00c2ngulo vis\u00e3o 178\u00b0v\/178\u00b0h \u00b7 2x HDMI \u00b7 2x Display Port \u00b7 Mini Display Port \u00b7 <u>Cabo de alimenta\u00e7\u00e3o e DisplayPort inclu\u00eddo &#8211; 5xUSB 3.0<\/u> [&#8230;]<\/p>\n<p><a class=\"btn btn-secondary understrap-read-more-link\" href=\"https:\/\/digalco.com\/pt-pt\/produto\/dell-ultrasharp-u2415b-24-led-1610-recondicionado-1920x1080-pt-10192\/\">Continuar a ler&#8230;<span class=\"screen-reader-text\"> from Dell UltraSharp U2415 24&#8243; Led 16:10 | Recondicionado | 1920&#215;1080<\/span><\/a><\/p>\n","protected":false},"featured_media":177845,"template":"","meta":[],"product_brand":[3852],"product_cat":[1491,2389],"product_tag":[],"class_list":{"0":"post-177892","1":"product","2":"type-product","3":"status-publish","4":"has-post-thumbnail","6":"product_brand-dell","7":"product_cat-monitores-pt","8":"product_cat-monitores-24-pt","10":"first","11":"instock","12":"taxable","13":"shipping-taxable","14":"purchasable","15":"product-type-simple"},"bundled_by":[],"bundle_stock_status":"instock","bundle_stock_quantity":1,"bundle_virtual":false,"bundle_layout":"","bundle_add_to_cart_form_location":"","bundle_editable_in_cart":false,"bundle_sold_individually_context":"","bundle_item_grouping":"","bundle_min_size":"","bundle_max_size":"","bundle_price":[],"bundled_items":[],"bundle_sell_ids":[],"exclude_global_add_ons":true,"addons":{"webcam-upgrades":{"name":"Extens\u00e3o Webcam","type":"multiple_choice","position":0,"required":false,"title_format":"heading","default":"","description_enable":false,"description":"","placeholder_enable":false,"placeholder":"","display":"radiobutton","restrictions_type":"any_text","adjust_price":false,"price":"","price_type":"quantity_based","restrictions":false,"min":"0","max":"0","options":[{"label":"Conceptronic AMDIS FullHD [AMP00085]","price":"29.0000","price_type":"quantity_based","image":0,"visibility":true}]},"hdmi-upgrades":{"name":"Extens\u00e3o cabo","type":"multiple_choice","position":0,"required":false,"title_format":"heading","default":"","description_enable":false,"description":"","placeholder_enable":false,"placeholder":"","display":"radiobutton","restrictions_type":"any_text","adjust_price":false,"price":"","price_type":"quantity_based","restrictions":false,"min":"0","max":"0","options":[{"label":"Cabo HDMI 2 mts. [AMP00104]","price":"6.0000","price_type":"quantity_based","image":0,"visibility":true}]},"warranty-upgrades":{"name":"Extens\u00e3o garant\u00eda","type":"multiple_choice","position":0,"required":false,"title_format":"heading","default":"","description_enable":false,"description":"","placeholder_enable":false,"placeholder":"","display":"radiobutton","restrictions_type":"any_text","adjust_price":false,"price":"","price_type":"quantity_based","restrictions":false,"min":"0","max":"0","options":[{"label":"Extensi\u00f3n de Garantia a 2 a\u00f1os [AMP00022]","price":"20.0000","price_type":"quantity_based","image":0,"visibility":true}]}},"df_price":104,"df_sale_price":"","df_regular_price":104,"df_image_link":"https:\/\/digalco.com\/wp-content\/uploads\/images\/product\/10192\/dell01026_01-300x225.jpg","_links":{"self":[{"href":"https:\/\/digalco.com\/pt-pt\/wp-json\/wp\/v2\/product\/177892","targetHints":{"allow":["GET"]}}],"collection":[{"href":"https:\/\/digalco.com\/pt-pt\/wp-json\/wp\/v2\/product"}],"about":[{"href":"https:\/\/digalco.com\/pt-pt\/wp-json\/wp\/v2\/types\/product"}],"wp:featuredmedia":[{"embeddable":true,"href":"https:\/\/digalco.com\/pt-pt\/wp-json\/wp\/v2\/media\/177845"}],"wp:attachment":[{"href":"https:\/\/digalco.com\/pt-pt\/wp-json\/wp\/v2\/media?parent=177892"}],"wp:term":[{"taxonomy":"product_brand","embeddable":true,"href":"https:\/\/digalco.com\/pt-pt\/wp-json\/wp\/v2\/product_brand?post=177892"},{"taxonomy":"product_cat","embeddable":true,"href":"https:\/\/digalco.com\/pt-pt\/wp-json\/wp\/v2\/product_cat?post=177892"},{"taxonomy":"product_tag","embeddable":true,"href":"https:\/\/digalco.com\/pt-pt\/wp-json\/wp\/v2\/product_tag?post=177892"}],"curies":[{"name":"wp","href":"https:\/\/api.w.org\/{rel}","templated":true}]}}