{"id":181272,"date":"2024-02-22T16:36:56","date_gmt":"2024-02-22T15:36:56","guid":{"rendered":"https:\/\/digalco.com\/tienda\/switch-hp-procurve-2620-24-j9625a-recondicionado-pt-11620\/"},"modified":"2024-12-11T11:25:15","modified_gmt":"2024-12-11T10:25:15","slug":"switch-hp-procurve-2620-24-j9625a-recondicionado-pt-11620","status":"publish","type":"product","link":"https:\/\/digalco.com\/pt-pt\/produto\/switch-hp-procurve-2620-24-j9625a-recondicionado-pt-11620\/","title":{"rendered":"Switch HP Procurve 2620-24 (J9625A) | Recondicionado"},"content":{"rendered":"<p><strong>Geral impressora<\/strong><br \/>Switch<br \/><strong>Portos de rede<\/strong><br \/>24x Ethernet 100 Mbps.<br \/>2x Ethernet 1000 Mbps.<br \/><strong>Dimens\u00f5es<\/strong><br \/>44.5x37x4.5 cm.<br \/><strong>Peso<\/strong><br \/>5.00 Kg.<br \/><strong>Especifica\u00e7\u00f5es adicionais<\/strong><br \/>Boa apar\u00eancia exterior. Se voc\u00ea tiver alguma d\u00favida, ligue para n\u00f3s ou utilize nosso chat para mais informa\u00e7\u00f5es ou para solicitar mais detalhes.<\/p>\n","protected":false},"excerpt":{"rendered":"<p>Switch \u00b7 24x Ethernet 100 Mbps. \u00b7 2x Ethernet 1000 Mbps. \u00b7 PoE \u00b7 Rackmount [&#8230;]<\/p>\n<p><a class=\"btn btn-secondary understrap-read-more-link\" href=\"https:\/\/digalco.com\/pt-pt\/produto\/switch-hp-procurve-2620-24-j9625a-recondicionado-pt-11620\/\">Continuar a ler&#8230;<span class=\"screen-reader-text\"> from Switch HP Procurve 2620-24 (J9625A) | Recondicionado<\/span><\/a><\/p>\n","protected":false},"featured_media":181270,"template":"","meta":[],"product_brand":[3854],"product_cat":[3785,1663],"product_tag":[],"class_list":{"0":"post-181272","1":"product","2":"type-product","3":"status-publish","4":"has-post-thumbnail","6":"product_brand-hp","7":"product_cat-networking-switches-pt","8":"product_cat-networking-pt","10":"first","11":"instock","12":"taxable","13":"shipping-taxable","14":"purchasable","15":"product-type-simple"},"bundled_by":[],"bundle_stock_status":"instock","bundle_stock_quantity":1,"bundle_virtual":false,"bundle_layout":"","bundle_add_to_cart_form_location":"","bundle_editable_in_cart":false,"bundle_sold_individually_context":"","bundle_item_grouping":"","bundle_min_size":"","bundle_max_size":"","bundle_price":[],"bundled_items":[],"bundle_sell_ids":[],"exclude_global_add_ons":[],"addons":[],"df_price":54,"df_sale_price":"","df_regular_price":54,"df_image_link":"https:\/\/digalco.com\/wp-content\/uploads\/images\/product\/11620\/hp02392_01-300x225.jpg","_links":{"self":[{"href":"https:\/\/digalco.com\/pt-pt\/wp-json\/wp\/v2\/product\/181272","targetHints":{"allow":["GET"]}}],"collection":[{"href":"https:\/\/digalco.com\/pt-pt\/wp-json\/wp\/v2\/product"}],"about":[{"href":"https:\/\/digalco.com\/pt-pt\/wp-json\/wp\/v2\/types\/product"}],"wp:featuredmedia":[{"embeddable":true,"href":"https:\/\/digalco.com\/pt-pt\/wp-json\/wp\/v2\/media\/181270"}],"wp:attachment":[{"href":"https:\/\/digalco.com\/pt-pt\/wp-json\/wp\/v2\/media?parent=181272"}],"wp:term":[{"taxonomy":"product_brand","embeddable":true,"href":"https:\/\/digalco.com\/pt-pt\/wp-json\/wp\/v2\/product_brand?post=181272"},{"taxonomy":"product_cat","embeddable":true,"href":"https:\/\/digalco.com\/pt-pt\/wp-json\/wp\/v2\/product_cat?post=181272"},{"taxonomy":"product_tag","embeddable":true,"href":"https:\/\/digalco.com\/pt-pt\/wp-json\/wp\/v2\/product_tag?post=181272"}],"curies":[{"name":"wp","href":"https:\/\/api.w.org\/{rel}","templated":true}]}}