{"id":182346,"date":"2024-02-28T12:29:17","date_gmt":"2024-02-28T11:29:17","guid":{"rendered":"https:\/\/digalco.com\/tienda\/clonico-flat-plasma-44-lcd-169-recondicionado-1280x768-pt-11792\/"},"modified":"2025-08-19T13:34:55","modified_gmt":"2025-08-19T11:34:55","slug":"clonico-flat-plasma-44-lcd-169-recondicionado-1280x768-pt-11792","status":"publish","type":"product","link":"https:\/\/digalco.com\/pt-pt\/produto\/clonico-flat-plasma-44-lcd-169-recondicionado-1280x768-pt-11792\/","title":{"rendered":"Clonico FLAT Plasma 44&#8221; LCD 16:9 | Recondicionado | 1280&#215;768"},"content":{"rendered":"<p><strong>Tela<\/strong><br \/>LCD 44 &#8221; HD  16:9  \u00b7 Resolu\u00e7\u00e3o 1280&#215;768<br \/>Contraste 500:1<br \/>Brilho 450 cd\/m2<br \/>\u00c2ngulo vis\u00e3o 170\u00b0v\/170\u00b0h<br \/><strong>Portas de v\u00eddeo<\/strong><br \/>1x VGA<br \/>1x DVI<br \/><strong>Caixa<\/strong><br \/>Color cinza<br \/><strong>Espec\u00edfico tela<\/strong><br \/>Pedestal<br \/><strong>Outros<\/strong><br \/>hR embalagens<br \/><strong>Dimens\u00f5es<\/strong><br \/>121&#215;70.5&#215;31 cm.<br \/><strong>Peso<\/strong><br \/>35.00 Kg.<br \/><strong>Especifica\u00e7\u00f5es adicionais<\/strong><br \/>Boa apar\u00eancia exterior. Pode apresentar ligeiros sinais de uso na caixa. Procure em \u201c+ Fotos\u201d e caso tenha alguma d\u00favida ligue ou utilize nosso chat para mais informa\u00e7\u00f5es ou para solicitar mais detalhes.<\/p>\n<p><strong>Coment\u00e1rios<\/strong><br \/><u>Cabo de alimenta\u00e7\u00e3o e VGA inclu\u00eddo &#8211; 1 porta serial<\/u><\/p>\n","protected":false},"excerpt":{"rendered":"<p>LCD 44 &#8221; HD  16:9  \u00b7 Resolu\u00e7\u00e3o 1280&#215;768 \u00b7 Contraste 500:1 \u00b7 Brilho 450 cd\/m2 \u00b7 \u00c2ngulo vis\u00e3o 170\u00b0v\/170\u00b0h \u00b7 1x VGA \u00b7 1x DVI \u00b7 <u>Cabo de alimenta\u00e7\u00e3o e VGA inclu\u00eddo &#8211; 1 porta serial<\/u> [&#8230;]<\/p>\n<p><a class=\"btn btn-secondary understrap-read-more-link\" href=\"https:\/\/digalco.com\/pt-pt\/produto\/clonico-flat-plasma-44-lcd-169-recondicionado-1280x768-pt-11792\/\">Continuar a ler&#8230;<span class=\"screen-reader-text\"> from Clonico FLAT Plasma 44&#8221; LCD 16:9 | Recondicionado | 1280&#215;768<\/span><\/a><\/p>\n","protected":false},"featured_media":182335,"template":"","meta":[],"product_brand":[3880],"product_cat":[3105,3105,1491],"product_tag":[],"class_list":{"0":"post-182346","1":"product","2":"type-product","3":"status-publish","4":"has-post-thumbnail","6":"product_brand-clonico","7":"product_cat-monitores-mais-de-27-pt","9":"product_cat-monitores-pt","11":"first","12":"instock","13":"taxable","14":"shipping-taxable","15":"purchasable","16":"product-type-simple"},"bundled_by":[],"bundle_stock_status":"instock","bundle_stock_quantity":1,"bundle_virtual":false,"bundle_layout":"","bundle_add_to_cart_form_location":"","bundle_editable_in_cart":false,"bundle_sold_individually_context":"","bundle_item_grouping":"","bundle_min_size":"","bundle_max_size":"","bundle_price":[],"bundled_items":[],"bundle_sell_ids":[],"exclude_global_add_ons":true,"addons":{"hdmi-upgrades":{"name":"Extens\u00e3o cabo","type":"multiple_choice","position":0,"required":false,"title_format":"heading","default":"","description_enable":false,"description":"","placeholder_enable":false,"placeholder":"","display":"radiobutton","restrictions_type":"any_text","adjust_price":false,"price":"","price_type":"quantity_based","restrictions":false,"min":"0","max":"0","options":[{"label":"Cabo DVI-D M \/ M Dual Link 1,8 mts. [AMP00102]","price":"2.0000","price_type":"quantity_based","image":0,"visibility":true}]}},"df_price":74,"df_sale_price":"","df_regular_price":74,"df_image_link":"https:\/\/digalco.com\/wp-content\/uploads\/images\/product\/11792\/clon00102_01-300x225.jpg","_links":{"self":[{"href":"https:\/\/digalco.com\/pt-pt\/wp-json\/wp\/v2\/product\/182346","targetHints":{"allow":["GET"]}}],"collection":[{"href":"https:\/\/digalco.com\/pt-pt\/wp-json\/wp\/v2\/product"}],"about":[{"href":"https:\/\/digalco.com\/pt-pt\/wp-json\/wp\/v2\/types\/product"}],"wp:featuredmedia":[{"embeddable":true,"href":"https:\/\/digalco.com\/pt-pt\/wp-json\/wp\/v2\/media\/182335"}],"wp:attachment":[{"href":"https:\/\/digalco.com\/pt-pt\/wp-json\/wp\/v2\/media?parent=182346"}],"wp:term":[{"taxonomy":"product_brand","embeddable":true,"href":"https:\/\/digalco.com\/pt-pt\/wp-json\/wp\/v2\/product_brand?post=182346"},{"taxonomy":"product_cat","embeddable":true,"href":"https:\/\/digalco.com\/pt-pt\/wp-json\/wp\/v2\/product_cat?post=182346"},{"taxonomy":"product_tag","embeddable":true,"href":"https:\/\/digalco.com\/pt-pt\/wp-json\/wp\/v2\/product_tag?post=182346"}],"curies":[{"name":"wp","href":"https:\/\/api.w.org\/{rel}","templated":true}]}}