{"id":183432,"date":"2024-03-06T11:18:16","date_gmt":"2024-03-06T10:18:16","guid":{"rendered":"https:\/\/digalco.com\/tienda\/switch-clonico-fortinet-100d-firewall-recondicionado-pt-11432\/"},"modified":"2025-11-04T10:45:33","modified_gmt":"2025-11-04T09:45:33","slug":"switch-clonico-fortinet-100d-firewall-recondicionado-pt-11432","status":"publish","type":"product","link":"https:\/\/digalco.com\/pt-pt\/produto\/switch-clonico-fortinet-100d-firewall-recondicionado-pt-11432\/","title":{"rendered":"Switch Clonico Fortinet 100D Firewall | Recondicionado"},"content":{"rendered":"<p><b>Em geral<\/b><br \/>firewall<br \/><b>Portas:<\/b><br \/>Gerenciamento 1xUSB \/ <br \/>2xUSB \/ <br \/>1xConsole \/ <br \/>2xRJ45 WAN \/ <br \/>Gerenciamento 1xRJ45 \/ <br \/>1xRJ45 DMZ \/ <br \/>2xRJ45 HA \/ <br \/>Interruptor 14xRJ45 \/ <br \/>2xRJ45 Compartilhado \/ <br \/>2xSFP compartilhado \/ <br \/><b>Dimens\u00f5es<\/b><br \/>43x30x4,5cm.<br \/><b>Peso<\/b><br \/>5,00kg.<br \/><b>Especifica\u00e7\u00f5es adicionais<\/b><br \/>Boa apar\u00eancia exterior. Se voc\u00ea tiver alguma d\u00favida, ligue para n\u00f3s ou utilize nosso chat para mais informa\u00e7\u00f5es ou para solicitar mais detalhes.<\/p>\n","protected":false},"excerpt":{"rendered":"<p>Firewall de seguran\u00e7a VPN de rede [&#8230;]<\/p>\n<p><a class=\"btn btn-secondary understrap-read-more-link\" href=\"https:\/\/digalco.com\/pt-pt\/produto\/switch-clonico-fortinet-100d-firewall-recondicionado-pt-11432\/\">Continuar a ler&#8230;<span class=\"screen-reader-text\"> from Switch Clonico Fortinet 100D Firewall | Recondicionado<\/span><\/a><\/p>\n","protected":false},"featured_media":183426,"template":"","meta":[],"product_brand":[3880],"product_cat":[3785,3785,1663,1663],"product_tag":[],"class_list":{"0":"post-183432","1":"product","2":"type-product","3":"status-publish","4":"has-post-thumbnail","6":"product_brand-clonico","7":"product_cat-networking-switches-pt","9":"product_cat-networking-pt","12":"first","13":"instock","14":"taxable","15":"shipping-taxable","16":"purchasable","17":"product-type-simple"},"bundled_by":[],"bundle_stock_status":"instock","bundle_stock_quantity":2,"bundle_virtual":false,"bundle_layout":"","bundle_add_to_cart_form_location":"","bundle_editable_in_cart":false,"bundle_sold_individually_context":"","bundle_item_grouping":"","bundle_min_size":"","bundle_max_size":"","bundle_price":[],"bundled_items":[],"bundle_sell_ids":[],"exclude_global_add_ons":[],"addons":[],"df_price":130,"df_sale_price":"","df_regular_price":130,"df_image_link":"https:\/\/digalco.com\/wp-content\/uploads\/images\/product\/11432\/clon00089_01-300x225.jpg","_links":{"self":[{"href":"https:\/\/digalco.com\/pt-pt\/wp-json\/wp\/v2\/product\/183432","targetHints":{"allow":["GET"]}}],"collection":[{"href":"https:\/\/digalco.com\/pt-pt\/wp-json\/wp\/v2\/product"}],"about":[{"href":"https:\/\/digalco.com\/pt-pt\/wp-json\/wp\/v2\/types\/product"}],"wp:featuredmedia":[{"embeddable":true,"href":"https:\/\/digalco.com\/pt-pt\/wp-json\/wp\/v2\/media\/183426"}],"wp:attachment":[{"href":"https:\/\/digalco.com\/pt-pt\/wp-json\/wp\/v2\/media?parent=183432"}],"wp:term":[{"taxonomy":"product_brand","embeddable":true,"href":"https:\/\/digalco.com\/pt-pt\/wp-json\/wp\/v2\/product_brand?post=183432"},{"taxonomy":"product_cat","embeddable":true,"href":"https:\/\/digalco.com\/pt-pt\/wp-json\/wp\/v2\/product_cat?post=183432"},{"taxonomy":"product_tag","embeddable":true,"href":"https:\/\/digalco.com\/pt-pt\/wp-json\/wp\/v2\/product_tag?post=183432"}],"curies":[{"name":"wp","href":"https:\/\/api.w.org\/{rel}","templated":true}]}}