{"id":183454,"date":"2024-03-06T13:56:02","date_gmt":"2024-03-06T12:56:02","guid":{"rendered":"https:\/\/digalco.com\/tienda\/cisco-cp-7937g-ip-conference-station-recondicionado-pt-11740\/"},"modified":"2024-12-11T11:14:40","modified_gmt":"2024-12-11T10:14:40","slug":"cisco-cp-7937g-ip-conference-station-recondicionado-pt-11740","status":"publish","type":"product","link":"https:\/\/digalco.com\/pt-pt\/produto\/cisco-cp-7937g-ip-conference-station-recondicionado-pt-11740\/","title":{"rendered":"Router CISCO CP-7937G IP Conference Station | Recondicionado"},"content":{"rendered":"<p><b>Em geral<\/b><br \/>Esta\u00e7\u00e3o de Confer\u00eancia<br \/><b>Caracteristicas<\/b><br \/>Protocolo SIP \/<br \/>\u00c1udio Full Duplex \/<br \/>Visor LCD retroiluminado \/<br \/>Navegador XHTML \/<br \/>Ajuste autom\u00e1tico de som \/<br \/>Largura de banda de som de 160 Hz a 22 KHz. \/<br \/>Tela grande\/alta resolu\u00e7\u00e3o<br \/>Soquete Jack 2,5mm \/<br \/>Fun\u00e7\u00e3o n\u00e3o perturbe, transfer\u00eancia de chamadas, chamada em espera \/<br \/>Confer\u00eancia para 3\/<br \/>Elimina\u00e7\u00e3o de ecos e ru\u00eddos ambientais \/<br \/>Porta USB\/<br \/><b>Dimens\u00f5es<\/b><br \/>41x40x9cm.<br \/><b>Peso<\/b><br \/>2,00kg.<br \/><b>Especifica\u00e7\u00f5es adicionais<\/b><br \/>Boa apar\u00eancia exterior. Se voc\u00ea tiver alguma d\u00favida, ligue para n\u00f3s ou utilize nosso chat para mais informa\u00e7\u00f5es ou para solicitar mais detalhes.<\/p>\n","protected":false},"excerpt":{"rendered":"<p>Visor LCD multilinha.Navegador XHTML.Ajuste autom\u00e1tico de som.Tela grande de alta resolu\u00e7\u00e3o.Tomada Jack de 2,5 mm para ligar o PC ou telem\u00f3vel ao terminal Sounstation IP 7937G.Fun\u00e7\u00e3o n\u00e3o perturbe, transfer\u00eancia de chamadas, chamada em espera.Confer\u00eancia de 3 vias, hist\u00f3rico de chamadas.Portas USB e mini USB.2 portas para microfones adicionais (opcionais) para aumentar o alcance do Sounstation IP 7937G [&#8230;]<\/p>\n<p><a class=\"btn btn-secondary understrap-read-more-link\" href=\"https:\/\/digalco.com\/pt-pt\/produto\/cisco-cp-7937g-ip-conference-station-recondicionado-pt-11740\/\">Continuar a ler&#8230;<span class=\"screen-reader-text\"> from Router CISCO CP-7937G IP Conference Station | Recondicionado<\/span><\/a><\/p>\n","protected":false},"featured_media":183452,"template":"","meta":[],"product_brand":[3882],"product_cat":[1663,3797],"product_tag":[],"class_list":{"0":"post-183454","1":"product","2":"type-product","3":"status-publish","4":"has-post-thumbnail","6":"product_brand-cisco","7":"product_cat-networking-pt","8":"product_cat-networking-telefonia-ip-pt","10":"first","11":"instock","12":"taxable","13":"shipping-taxable","14":"purchasable","15":"product-type-simple"},"bundled_by":[],"bundle_stock_status":"instock","bundle_stock_quantity":6,"bundle_virtual":false,"bundle_layout":"","bundle_add_to_cart_form_location":"","bundle_editable_in_cart":false,"bundle_sold_individually_context":"","bundle_item_grouping":"","bundle_min_size":"","bundle_max_size":"","bundle_price":[],"bundled_items":[],"bundle_sell_ids":[],"exclude_global_add_ons":[],"addons":[],"df_price":105,"df_sale_price":"","df_regular_price":105,"df_image_link":"https:\/\/digalco.com\/wp-content\/uploads\/images\/product\/11740\/cisc00047_01-300x225.jpg","_links":{"self":[{"href":"https:\/\/digalco.com\/pt-pt\/wp-json\/wp\/v2\/product\/183454","targetHints":{"allow":["GET"]}}],"collection":[{"href":"https:\/\/digalco.com\/pt-pt\/wp-json\/wp\/v2\/product"}],"about":[{"href":"https:\/\/digalco.com\/pt-pt\/wp-json\/wp\/v2\/types\/product"}],"wp:featuredmedia":[{"embeddable":true,"href":"https:\/\/digalco.com\/pt-pt\/wp-json\/wp\/v2\/media\/183452"}],"wp:attachment":[{"href":"https:\/\/digalco.com\/pt-pt\/wp-json\/wp\/v2\/media?parent=183454"}],"wp:term":[{"taxonomy":"product_brand","embeddable":true,"href":"https:\/\/digalco.com\/pt-pt\/wp-json\/wp\/v2\/product_brand?post=183454"},{"taxonomy":"product_cat","embeddable":true,"href":"https:\/\/digalco.com\/pt-pt\/wp-json\/wp\/v2\/product_cat?post=183454"},{"taxonomy":"product_tag","embeddable":true,"href":"https:\/\/digalco.com\/pt-pt\/wp-json\/wp\/v2\/product_tag?post=183454"}],"curies":[{"name":"wp","href":"https:\/\/api.w.org\/{rel}","templated":true}]}}