{"id":186409,"date":"2024-03-18T12:57:35","date_gmt":"2024-03-18T11:57:35","guid":{"rendered":"https:\/\/digalco.com\/tienda\/placa-grafica-hardware-refurbished-nvidia-quadro-m4000-8-gb-recondicionado-pt-11183\/"},"modified":"2025-12-11T09:22:18","modified_gmt":"2025-12-11T08:22:18","slug":"placa-grafica-hardware-refurbished-nvidia-quadro-m4000-8-gb-recondicionado-pt-11183","status":"publish","type":"product","link":"https:\/\/digalco.com\/pt-pt\/produto\/placa-grafica-hardware-refurbished-nvidia-quadro-m4000-8-gb-recondicionado-pt-11183\/","title":{"rendered":"Placa gr\u00e1fica nVidia Quadro M4000 8 Gb. | Recondicionado"},"content":{"rendered":"<p><b>Largura de banda da mem\u00f3ria (m\u00e1x.): <\/b>192 GB\/s<br \/><b>Largura de dados:<\/b> 256 bits<br \/><b>CUDA: <\/b>Sim<br \/><b>N\u00famero de DisplayPorts:<\/b> 4<br \/><b>Capacidade de mem\u00f3ria do adaptador gr\u00e1fico:<\/b> 8 GB<br \/><b>Certificado Energy Star:<\/b> Sim<br \/><b>Consumo de energia: <\/b>120 W<br \/><b>DVI de link duplo: <\/b>N\u00e3o<br \/><b>Fam\u00edlia de processadores gr\u00e1ficos: <\/b>NVIDIA<br \/><b>Resolu\u00e7\u00e3o m\u00e1xima:<\/b> 2560 x 1600 pixels<br \/><b>N\u00facleos CUDA:<\/b> 1664<br \/><b>PhysX: <\/b>N\u00e3o<br \/><b>Processador gr\u00e1fico: <\/b>Quadro M4000<br \/><b>Tipo de resfriamento: <\/b>Ativo<br \/><b>Tipo de interface: <\/b>PCI Express x16 3.0<br \/><b>Tipo de mem\u00f3ria do adaptador gr\u00e1fico: <\/b>GDDR5<br \/><b>Vers\u00e3o DirectX: <\/b>12.0<br \/><b>Vers\u00e3o OpenGL:<\/b> 4.5<br \/><b>Vers\u00e3o do modelo do sombreador: <\/b>5.0<br \/><b>Vers\u00e3o DisplayPort:<\/b> 1.2<\/p>\n","protected":false},"excerpt":{"rendered":"<p>1664 n\u00facleos CUDA &#8211; 8 Gb. GDDR5 &#8211; 256 bits &#8211; At\u00e9 192 Gb.\/seg. 4xDisplayPort [&#8230;]<\/p>\n<p><a class=\"btn btn-secondary understrap-read-more-link\" href=\"https:\/\/digalco.com\/pt-pt\/produto\/placa-grafica-hardware-refurbished-nvidia-quadro-m4000-8-gb-recondicionado-pt-11183\/\">Continuar a ler&#8230;<span class=\"screen-reader-text\"> from Placa gr\u00e1fica nVidia Quadro M4000 8 Gb. | Recondicionado<\/span><\/a><\/p>\n","protected":false},"featured_media":186407,"template":"","meta":[],"product_brand":[3865],"product_cat":[1467,1471,1910,1799],"product_tag":[],"class_list":{"0":"post-186409","1":"product","2":"type-product","3":"status-publish","4":"has-post-thumbnail","6":"product_brand-nvidia","7":"product_cat-computadores-pt","8":"product_cat-computadores-workstations-pt","9":"product_cat-componentes-pt","10":"product_cat-componentes-placas-graficas-pt","12":"first","13":"instock","14":"taxable","15":"shipping-taxable","16":"purchasable","17":"product-type-simple"},"bundled_by":[],"bundle_stock_status":"instock","bundle_stock_quantity":8,"bundle_virtual":false,"bundle_layout":"","bundle_add_to_cart_form_location":"","bundle_editable_in_cart":false,"bundle_sold_individually_context":"","bundle_item_grouping":"","bundle_min_size":"","bundle_max_size":"","bundle_price":[],"bundled_items":[],"bundle_sell_ids":[],"exclude_global_add_ons":[],"addons":[],"df_price":159,"df_sale_price":"","df_regular_price":159,"df_image_link":"https:\/\/digalco.com\/wp-content\/uploads\/images\/product\/11183\/hr00034_01-300x225.jpg","_links":{"self":[{"href":"https:\/\/digalco.com\/pt-pt\/wp-json\/wp\/v2\/product\/186409","targetHints":{"allow":["GET"]}}],"collection":[{"href":"https:\/\/digalco.com\/pt-pt\/wp-json\/wp\/v2\/product"}],"about":[{"href":"https:\/\/digalco.com\/pt-pt\/wp-json\/wp\/v2\/types\/product"}],"wp:featuredmedia":[{"embeddable":true,"href":"https:\/\/digalco.com\/pt-pt\/wp-json\/wp\/v2\/media\/186407"}],"wp:attachment":[{"href":"https:\/\/digalco.com\/pt-pt\/wp-json\/wp\/v2\/media?parent=186409"}],"wp:term":[{"taxonomy":"product_brand","embeddable":true,"href":"https:\/\/digalco.com\/pt-pt\/wp-json\/wp\/v2\/product_brand?post=186409"},{"taxonomy":"product_cat","embeddable":true,"href":"https:\/\/digalco.com\/pt-pt\/wp-json\/wp\/v2\/product_cat?post=186409"},{"taxonomy":"product_tag","embeddable":true,"href":"https:\/\/digalco.com\/pt-pt\/wp-json\/wp\/v2\/product_tag?post=186409"}],"curies":[{"name":"wp","href":"https:\/\/api.w.org\/{rel}","templated":true}]}}