{"id":189112,"date":"2024-04-01T12:01:16","date_gmt":"2024-04-01T10:01:16","guid":{"rendered":"https:\/\/digalco.com\/tienda\/clonico-ad-notam-dfu-0650-006-65-lcd-169-recondicionado-1920x1080-pt-8281\/"},"modified":"2026-02-09T09:13:57","modified_gmt":"2026-02-09T08:13:57","slug":"clonico-ad-notam-dfu-0650-006-65-lcd-169-recondicionado-1920x1080-pt-8281","status":"publish","type":"product","link":"https:\/\/digalco.com\/pt-pt\/produto\/clonico-ad-notam-dfu-0650-006-65-lcd-169-recondicionado-1920x1080-pt-8281\/","title":{"rendered":"Clonico Ad Notam DFU-0650-006 65&#8221; LCD 16:9 | Recondicionado | 1920&#215;1080"},"content":{"rendered":"<p><strong>Tela<\/strong><br \/>LCD 65 &#8221; FullHD 16:9  \u00b7 Resolu\u00e7\u00e3o 1920&#215;1080<br \/>Resposta 6 ms<br \/>Contraste 4000:1<br \/>Brilho 360 cd\/m2<br \/>\u00c2ngulo vis\u00e3o 178\u00b0v\/178\u00b0h<br \/><strong>Portas de v\u00eddeo<\/strong><br \/>VGA<br \/>3x HDMI<br \/><strong>Espec\u00edfico tela<\/strong><br \/>Fonte alimenta\u00e7\u00e3o externa<br \/>Tens\u00e3o fonte alimenta\u00e7\u00e3o externa 24V<br \/><strong>Outros<\/strong><br \/>hR embalagens<br \/><strong>Dimens\u00f5es<\/strong><br \/>158&#215;95.3&#215;7 cm.<br \/><strong>Peso<\/strong><br \/>56.00 Kg.<br \/><strong>Especifica\u00e7\u00f5es adicionais<\/strong><br \/>Boa apar\u00eancia exterior. Procure em \u201c+ Fotos\u201d e caso tenha alguma d\u00favida ligue ou utilize nosso chat para mais informa\u00e7\u00f5es ou para solicitar mais detalhes.<\/p>\n<p><strong>Coment\u00e1rios<\/strong><br \/><u>Cabo de alimenta\u00e7\u00e3o e VGA inclu\u00eddo. N\u00e3o inclui Base.<\/u><\/p>\n","protected":false},"excerpt":{"rendered":"<p>LCD 65 &#8221; FullHD 16:9  \u00b7 Resolu\u00e7\u00e3o 1920&#215;1080 \u00b7 Resposta 6 ms \u00b7 Contraste 4000:1 \u00b7 Brilho 360 cd\/m2 \u00b7 \u00c2ngulo vis\u00e3o 178\u00b0v\/178\u00b0h \u00b7 VGA \u00b7 3x HDMI \u00b7 <u>Cabo de alimenta\u00e7\u00e3o e VGA inclu\u00eddo. N\u00e3o inclui Base.<\/u> [&#8230;]<\/p>\n<p><a class=\"btn btn-secondary understrap-read-more-link\" href=\"https:\/\/digalco.com\/pt-pt\/produto\/clonico-ad-notam-dfu-0650-006-65-lcd-169-recondicionado-1920x1080-pt-8281\/\">Continuar a ler&#8230;<span class=\"screen-reader-text\"> from Clonico Ad Notam DFU-0650-006 65&#8221; LCD 16:9 | Recondicionado | 1920&#215;1080<\/span><\/a><\/p>\n","protected":false},"featured_media":189090,"template":"","meta":[],"product_brand":[3880],"product_cat":[3105,1491],"product_tag":[],"class_list":{"0":"post-189112","1":"product","2":"type-product","3":"status-publish","4":"has-post-thumbnail","6":"product_brand-clonico","7":"product_cat-monitores-mais-de-27-pt","8":"product_cat-monitores-pt","10":"first","11":"instock","12":"taxable","13":"shipping-taxable","14":"purchasable","15":"product-type-simple"},"bundled_by":[],"bundle_stock_status":"instock","bundle_stock_quantity":1,"bundle_virtual":false,"bundle_layout":"","bundle_add_to_cart_form_location":"","bundle_editable_in_cart":false,"bundle_sold_individually_context":"","bundle_item_grouping":"","bundle_min_size":"","bundle_max_size":"","bundle_price":[],"bundled_items":[],"bundle_sell_ids":[],"exclude_global_add_ons":true,"addons":{"hdmi-upgrades":{"name":"Extens\u00e3o cabo","type":"multiple_choice","position":0,"required":false,"title_format":"heading","default":"","description_enable":false,"description":"","placeholder_enable":false,"placeholder":"","display":"radiobutton","restrictions_type":"any_text","adjust_price":false,"price":"","price_type":"quantity_based","restrictions":false,"min":"0","max":"0","options":[{"label":"Cabo HDMI 2 mts. [AMP00104]","price":"6.0000","price_type":"quantity_based","image":0,"visibility":true}]}},"df_price":287,"df_sale_price":"","df_regular_price":287,"df_image_link":"https:\/\/digalco.com\/wp-content\/uploads\/images\/product\/8281\/clon00038_01-300x225.jpg","_links":{"self":[{"href":"https:\/\/digalco.com\/pt-pt\/wp-json\/wp\/v2\/product\/189112","targetHints":{"allow":["GET"]}}],"collection":[{"href":"https:\/\/digalco.com\/pt-pt\/wp-json\/wp\/v2\/product"}],"about":[{"href":"https:\/\/digalco.com\/pt-pt\/wp-json\/wp\/v2\/types\/product"}],"wp:featuredmedia":[{"embeddable":true,"href":"https:\/\/digalco.com\/pt-pt\/wp-json\/wp\/v2\/media\/189090"}],"wp:attachment":[{"href":"https:\/\/digalco.com\/pt-pt\/wp-json\/wp\/v2\/media?parent=189112"}],"wp:term":[{"taxonomy":"product_brand","embeddable":true,"href":"https:\/\/digalco.com\/pt-pt\/wp-json\/wp\/v2\/product_brand?post=189112"},{"taxonomy":"product_cat","embeddable":true,"href":"https:\/\/digalco.com\/pt-pt\/wp-json\/wp\/v2\/product_cat?post=189112"},{"taxonomy":"product_tag","embeddable":true,"href":"https:\/\/digalco.com\/pt-pt\/wp-json\/wp\/v2\/product_tag?post=189112"}],"curies":[{"name":"wp","href":"https:\/\/api.w.org\/{rel}","templated":true}]}}