{"id":190782,"date":"2024-04-09T16:52:54","date_gmt":"2024-04-09T14:52:54","guid":{"rendered":"https:\/\/digalco.com\/tienda\/switch-cisco-2921-k9-v03-recondicionado-pt-11895\/"},"modified":"2024-12-11T11:07:34","modified_gmt":"2024-12-11T10:07:34","slug":"switch-cisco-2921-k9-v03-recondicionado-pt-11895","status":"publish","type":"product","link":"https:\/\/digalco.com\/pt-pt\/produto\/switch-cisco-2921-k9-v03-recondicionado-pt-11895\/","title":{"rendered":"Switch CISCO 2921-K9 V03 | Recondicionado"},"content":{"rendered":"<p><strong>Geral impressora<\/strong><br \/>Switch<br \/><strong>Portos de rede<\/strong><br \/>3x Ethernet 1000 Mbps.<br \/><strong>Outros<\/strong><br \/>hR embalagens<br \/><strong>Dimens\u00f5es<\/strong><br \/>47x44x9 cm.<br \/><strong>Peso<\/strong><br \/>13.50 Kg.<br \/><strong>Especifica\u00e7\u00f5es adicionais<\/strong><br \/>Boa apar\u00eancia exterior. Se voc\u00ea tiver alguma d\u00favida, ligue para n\u00f3s ou utilize nosso chat para mais informa\u00e7\u00f5es ou para solicitar mais detalhes.<\/p>\n<p><strong>Coment\u00e1rios<\/strong><br \/><u>3&#215;10\/100\/1000Base-T RJ45 &#8211; Gerenciamento: 1xConsole RJ-45 \/ 1xConsole mini-USB Tipo B &#8211; Serial: 1xAuxiliar RJ-45 \/ USB: 2&#215;4 pinos USB Tipo A \/ 1xSFP (mini-GBIC)<\/u><\/p>\n","protected":false},"excerpt":{"rendered":"<p>3 portas Ethernet 10\/100\/1000 integradas com 1 porta RJ-45 ou SFP1 slot para m\u00f3dulo de servi\u00e7o4 slots de placa de interface WAN de alta velocidade aprimorada (EHWIC)3 slots de processador de sinal digital integrado1 slot de m\u00f3dulo de servi\u00e7o interno para servi\u00e7os de aplicativosDistribui\u00e7\u00e3o de energia do m\u00f3dulo totalmente integrada, incluindo 802.3af Power over Ethernet (PoE) e Cisco Enhanced PoE [&#8230;]<\/p>\n<p><a class=\"btn btn-secondary understrap-read-more-link\" href=\"https:\/\/digalco.com\/pt-pt\/produto\/switch-cisco-2921-k9-v03-recondicionado-pt-11895\/\">Continuar a ler&#8230;<span class=\"screen-reader-text\"> from Switch CISCO 2921-K9 V03 | Recondicionado<\/span><\/a><\/p>\n","protected":false},"featured_media":190780,"template":"","meta":[],"product_brand":[3882],"product_cat":[3785,3797,1663],"product_tag":[],"class_list":{"0":"post-190782","1":"product","2":"type-product","3":"status-publish","4":"has-post-thumbnail","6":"product_brand-cisco","7":"product_cat-networking-switches-pt","8":"product_cat-networking-telefonia-ip-pt","9":"product_cat-networking-pt","11":"first","12":"instock","13":"taxable","14":"shipping-taxable","15":"purchasable","16":"product-type-simple"},"bundled_by":[],"bundle_stock_status":"instock","bundle_stock_quantity":2,"bundle_virtual":false,"bundle_layout":"","bundle_add_to_cart_form_location":"","bundle_editable_in_cart":false,"bundle_sold_individually_context":"","bundle_item_grouping":"","bundle_min_size":"","bundle_max_size":"","bundle_price":[],"bundled_items":[],"bundle_sell_ids":[],"exclude_global_add_ons":[],"addons":[],"df_price":235,"df_sale_price":"","df_regular_price":235,"df_image_link":"https:\/\/digalco.com\/wp-content\/uploads\/images\/product\/11895\/cisc00058_01-300x225.jpg","_links":{"self":[{"href":"https:\/\/digalco.com\/pt-pt\/wp-json\/wp\/v2\/product\/190782","targetHints":{"allow":["GET"]}}],"collection":[{"href":"https:\/\/digalco.com\/pt-pt\/wp-json\/wp\/v2\/product"}],"about":[{"href":"https:\/\/digalco.com\/pt-pt\/wp-json\/wp\/v2\/types\/product"}],"wp:featuredmedia":[{"embeddable":true,"href":"https:\/\/digalco.com\/pt-pt\/wp-json\/wp\/v2\/media\/190780"}],"wp:attachment":[{"href":"https:\/\/digalco.com\/pt-pt\/wp-json\/wp\/v2\/media?parent=190782"}],"wp:term":[{"taxonomy":"product_brand","embeddable":true,"href":"https:\/\/digalco.com\/pt-pt\/wp-json\/wp\/v2\/product_brand?post=190782"},{"taxonomy":"product_cat","embeddable":true,"href":"https:\/\/digalco.com\/pt-pt\/wp-json\/wp\/v2\/product_cat?post=190782"},{"taxonomy":"product_tag","embeddable":true,"href":"https:\/\/digalco.com\/pt-pt\/wp-json\/wp\/v2\/product_tag?post=190782"}],"curies":[{"name":"wp","href":"https:\/\/api.w.org\/{rel}","templated":true}]}}