{"id":193330,"date":"2024-04-23T10:19:01","date_gmt":"2024-04-23T08:19:01","guid":{"rendered":"https:\/\/digalco.com\/tienda\/ponto-de-acesso-clonico-ubiquiti-unifi-ap-lr-recondicionado-pt-11839\/"},"modified":"2024-12-11T11:02:50","modified_gmt":"2024-12-11T10:02:50","slug":"ponto-de-acesso-clonico-ubiquiti-unifi-ap-lr-recondicionado-pt-11839","status":"publish","type":"product","link":"https:\/\/digalco.com\/pt-pt\/produto\/ponto-de-acesso-clonico-ubiquiti-unifi-ap-lr-recondicionado-pt-11839\/","title":{"rendered":"Ponto de acesso Clonico Ubiquiti UniFi  AP LR | Recondicionado"},"content":{"rendered":"<p><strong>Geral impressora<\/strong><br \/>Ponto de acesso<br \/><strong>Portos de rede<\/strong><br \/>1x Ethernet 1000 Mbps.<br \/><strong>Dimens\u00f5es<\/strong><br \/>20x20x4 cm.<br \/><strong>Peso<\/strong><br \/>1.00 Kg.<br \/><strong>Especifica\u00e7\u00f5es adicionais<\/strong><br \/>Boa apar\u00eancia exterior. Se voc\u00ea tiver alguma d\u00favida, ligue para n\u00f3s ou utilize nosso chat para mais informa\u00e7\u00f5es ou para solicitar mais detalhes.<\/p>\n<p><strong>Coment\u00e1rios<\/strong><br \/><u>2,4\/5 GHz \u2013 PoE \u2013 1xGigabit Ethernet \u2013 Antenas integradas \u2013 Wi-FI a\/b\/g\/n\/ac<\/u><\/p>\n","protected":false},"excerpt":{"rendered":"<p>Ponto de acesso \u00b7 1x Ethernet 1000 Mbps. \u00b7 PoE \u00b7 <u>2,4\/5 GHz \u2013 PoE \u2013 1xGigabit Ethernet \u2013 Antenas integradas \u2013 Wi-FI a\/b\/g\/n\/ac<\/u> [&#8230;]<\/p>\n<p><a class=\"btn btn-secondary understrap-read-more-link\" href=\"https:\/\/digalco.com\/pt-pt\/produto\/ponto-de-acesso-clonico-ubiquiti-unifi-ap-lr-recondicionado-pt-11839\/\">Continuar a ler&#8230;<span class=\"screen-reader-text\"> from Ponto de acesso Clonico Ubiquiti UniFi  AP LR | Recondicionado<\/span><\/a><\/p>\n","protected":false},"featured_media":193323,"template":"","meta":[],"product_brand":[3880],"product_cat":[3793,1663],"product_tag":[],"class_list":{"0":"post-193330","1":"product","2":"type-product","3":"status-publish","4":"has-post-thumbnail","6":"product_brand-clonico","7":"product_cat-networking-wireless-pt","8":"product_cat-networking-pt","10":"first","11":"instock","12":"taxable","13":"shipping-taxable","14":"purchasable","15":"product-type-simple"},"bundled_by":[],"bundle_stock_status":"instock","bundle_stock_quantity":8,"bundle_virtual":false,"bundle_layout":"","bundle_add_to_cart_form_location":"","bundle_editable_in_cart":false,"bundle_sold_individually_context":"","bundle_item_grouping":"","bundle_min_size":"","bundle_max_size":"","bundle_price":[],"bundled_items":[],"bundle_sell_ids":[],"exclude_global_add_ons":[],"addons":[],"df_price":108,"df_sale_price":"","df_regular_price":108,"df_image_link":"https:\/\/digalco.com\/wp-content\/uploads\/images\/product\/11839\/clon00108_01-300x225.jpg","_links":{"self":[{"href":"https:\/\/digalco.com\/pt-pt\/wp-json\/wp\/v2\/product\/193330","targetHints":{"allow":["GET"]}}],"collection":[{"href":"https:\/\/digalco.com\/pt-pt\/wp-json\/wp\/v2\/product"}],"about":[{"href":"https:\/\/digalco.com\/pt-pt\/wp-json\/wp\/v2\/types\/product"}],"wp:featuredmedia":[{"embeddable":true,"href":"https:\/\/digalco.com\/pt-pt\/wp-json\/wp\/v2\/media\/193323"}],"wp:attachment":[{"href":"https:\/\/digalco.com\/pt-pt\/wp-json\/wp\/v2\/media?parent=193330"}],"wp:term":[{"taxonomy":"product_brand","embeddable":true,"href":"https:\/\/digalco.com\/pt-pt\/wp-json\/wp\/v2\/product_brand?post=193330"},{"taxonomy":"product_cat","embeddable":true,"href":"https:\/\/digalco.com\/pt-pt\/wp-json\/wp\/v2\/product_cat?post=193330"},{"taxonomy":"product_tag","embeddable":true,"href":"https:\/\/digalco.com\/pt-pt\/wp-json\/wp\/v2\/product_tag?post=193330"}],"curies":[{"name":"wp","href":"https:\/\/api.w.org\/{rel}","templated":true}]}}