{"id":194487,"date":"2024-04-26T12:52:14","date_gmt":"2024-04-26T10:52:14","guid":{"rendered":"https:\/\/digalco.com\/tienda\/hp-elitedisplay-e233-23-ips-169-tara-1920x1080-pt-12099\/"},"modified":"2026-04-15T15:08:30","modified_gmt":"2026-04-15T13:08:30","slug":"hp-elitedisplay-e233-23-ips-169-tara-1920x1080-pt-12099","status":"publish","type":"product","link":"https:\/\/digalco.com\/pt-pt\/produto\/hp-elitedisplay-e233-23-ips-169-tara-1920x1080-pt-12099\/","title":{"rendered":"HP EliteDisplay E233 23&#8221; IPS 16:9 | Tara  | 1920&#215;1080"},"content":{"rendered":"<p><strong>Tela<\/strong><br \/>IPS 23 &#8221; FullHD 16:9  \u00b7 Resolu\u00e7\u00e3o 1920&#215;1080<br \/>Dot pitch 0.265 mm<br \/>Resposta 7 ms<br \/>Contraste 1000:1<br \/>Brilho 250 cd\/m2<br \/>\u00c2ngulo vis\u00e3o 178\u00b0v\/178\u00b0h<br \/><strong>Portas de v\u00eddeo<\/strong><br \/>VGA<br \/>HDMI<br \/>Display Port<br \/><strong>Espec\u00edfico tela<\/strong><br \/>Apoio VESA<br \/>Pedestal<br \/>Regul\u00e1vel em altura<br \/><strong>Outros<\/strong><br \/>hR embalagens<br \/><strong>Dimens\u00f5es<\/strong><br \/>52&#215;20.5&#215;32.2 cm.<br \/><strong>Peso<\/strong><br \/>5.20 Kg.<br \/><strong>Coment\u00e1rios<\/strong><br \/><u>Arranh\u00e3o no ecr\u00e3. \u00c9 uma fenda no centro do ecr\u00e3. \u00c9 um risco na camada protetora do ecr\u00e3. N\u00e3o h\u00e1 pix\u00e9is danificados nem nada. Todos os outros recursos est\u00e3o a funcionar corretamente. Veja em &#8220;+ Fotos&#8221; e, se tiver alguma d\u00favida, ligue-nos ou utilize o nosso chat para obter mais informa\u00e7\u00f5es ou solicitar mais detalhes.<\/u><\/p>\n","protected":false},"excerpt":{"rendered":"<p>IPS 23 &#8221; FullHD 16:9 \u00b7 Resolu\u00e7\u00e3o 1920&#215;1080 \u00b7<u>Risco no ecr\u00e3 (Ver &#8220;+ Fotos&#8221;)<\/u> [&#8230;]<\/p>\n<p><a class=\"btn btn-secondary understrap-read-more-link\" href=\"https:\/\/digalco.com\/pt-pt\/produto\/hp-elitedisplay-e233-23-ips-169-tara-1920x1080-pt-12099\/\">Continuar a ler&#8230;<span class=\"screen-reader-text\"> from HP EliteDisplay E233 23&#8221; IPS 16:9 | Tara  | 1920&#215;1080<\/span><\/a><\/p>\n","protected":false},"featured_media":194455,"template":"","meta":[],"product_brand":[3854],"product_cat":[1491,1507,1871,1875],"product_tag":[],"class_list":{"0":"post-194487","1":"product","2":"type-product","3":"status-publish","4":"has-post-thumbnail","6":"product_brand-hp","7":"product_cat-monitores-pt","8":"product_cat-monitores-com-taras-pt","9":"product_cat-com-taras-pt","10":"product_cat-com-taras-monitores-pt","12":"first","13":"instock","14":"taxable","15":"shipping-taxable","16":"purchasable","17":"product-type-simple"},"bundled_by":[],"bundle_stock_status":"instock","bundle_stock_quantity":2,"bundle_virtual":false,"bundle_layout":"","bundle_add_to_cart_form_location":"","bundle_editable_in_cart":false,"bundle_sold_individually_context":"","bundle_item_grouping":"","bundle_min_size":"","bundle_max_size":"","bundle_price":[],"bundled_items":[],"bundle_sell_ids":[],"exclude_global_add_ons":true,"addons":{"webcam-upgrades":{"name":"Extens\u00e3o Webcam","type":"multiple_choice","position":0,"required":false,"title_format":"heading","default":"","description_enable":false,"description":"","placeholder_enable":false,"placeholder":"","display":"radiobutton","restrictions_type":"any_text","adjust_price":false,"price":"","price_type":"quantity_based","restrictions":false,"min":"0","max":"0","options":[{"label":"Conceptronic AMDIS FullHD [AMP00085]","price":"29.0000","price_type":"quantity_based","image":0,"visibility":true}]},"hdmi-upgrades":{"name":"Extens\u00e3o cabo","type":"multiple_choice","position":0,"required":false,"title_format":"heading","default":"","description_enable":false,"description":"","placeholder_enable":false,"placeholder":"","display":"radiobutton","restrictions_type":"any_text","adjust_price":false,"price":"","price_type":"quantity_based","restrictions":false,"min":"0","max":"0","options":[{"label":"DisplayPort para cabo DisplayPort 1,8 mts. [AMP00103]","price":"8.0000","price_type":"quantity_based","image":0,"visibility":true},{"label":"Cabo HDMI 2 mts. [AMP00104]","price":"6.0000","price_type":"quantity_based","image":0,"visibility":true}]}},"df_price":40,"df_sale_price":"","df_regular_price":40,"df_image_link":"https:\/\/digalco.com\/wp-content\/uploads\/images\/product\/12099\/hp02299tr01_01-300x225.jpg","_links":{"self":[{"href":"https:\/\/digalco.com\/pt-pt\/wp-json\/wp\/v2\/product\/194487","targetHints":{"allow":["GET"]}}],"collection":[{"href":"https:\/\/digalco.com\/pt-pt\/wp-json\/wp\/v2\/product"}],"about":[{"href":"https:\/\/digalco.com\/pt-pt\/wp-json\/wp\/v2\/types\/product"}],"wp:featuredmedia":[{"embeddable":true,"href":"https:\/\/digalco.com\/pt-pt\/wp-json\/wp\/v2\/media\/194455"}],"wp:attachment":[{"href":"https:\/\/digalco.com\/pt-pt\/wp-json\/wp\/v2\/media?parent=194487"}],"wp:term":[{"taxonomy":"product_brand","embeddable":true,"href":"https:\/\/digalco.com\/pt-pt\/wp-json\/wp\/v2\/product_brand?post=194487"},{"taxonomy":"product_cat","embeddable":true,"href":"https:\/\/digalco.com\/pt-pt\/wp-json\/wp\/v2\/product_cat?post=194487"},{"taxonomy":"product_tag","embeddable":true,"href":"https:\/\/digalco.com\/pt-pt\/wp-json\/wp\/v2\/product_tag?post=194487"}],"curies":[{"name":"wp","href":"https:\/\/api.w.org\/{rel}","templated":true}]}}