{"id":194929,"date":"2024-05-02T10:06:37","date_gmt":"2024-05-02T08:06:37","guid":{"rendered":"https:\/\/digalco.com\/tienda\/ponto-de-acesso-cisco-air-ap1852i-e-k9-v04-recondicionado-pt-11817\/"},"modified":"2024-12-11T10:58:41","modified_gmt":"2024-12-11T09:58:41","slug":"ponto-de-acesso-cisco-air-ap1852i-e-k9-v04-recondicionado-pt-11817","status":"publish","type":"product","link":"https:\/\/digalco.com\/pt-pt\/produto\/ponto-de-acesso-cisco-air-ap1852i-e-k9-v04-recondicionado-pt-11817\/","title":{"rendered":"Ponto de acesso CISCO AIR-AP1852I-E-K9 v04 | Recondicionado"},"content":{"rendered":"<p><strong>Geral impressora<\/strong><br \/>Ponto de acesso<br \/><strong>Portos de rede<\/strong><br \/>Ethernet 1000 Mbps.<br \/><strong>Outros<\/strong><br \/>hR embalagens<br \/><strong>Dimens\u00f5es<\/strong><br \/>20x15x6 cm.<br \/><strong>Peso<\/strong><br \/>1.50 Kg.<br \/><strong>Especifica\u00e7\u00f5es adicionais<\/strong><br \/>Boa apar\u00eancia exterior. Se voc\u00ea tiver alguma d\u00favida, ligue para n\u00f3s ou utilize nosso chat para mais informa\u00e7\u00f5es ou para solicitar mais detalhes.<\/p>\n<p><strong>Coment\u00e1rios<\/strong><br \/><u>2,4\/5 GHz. &#8211; PoE &#8211; 3xEthernet Gigabit (PoE\/Console) &#8211; 1xUSB 2.0 &#8211; Wi-FI a\/b\/g\/n\/ac<\/u><\/p>\n","protected":false},"excerpt":{"rendered":"<p>Ponto de acesso \u00b7 Ethernet 1000 Mbps. \u00b7 PoE \u00b7 <u>2,4\/5 GHz. &#8211; PoE &#8211; 3xEthernet Gigabit (PoE\/Console) &#8211; 1xUSB 2.0 &#8211; Wi-FI a\/b\/g\/n\/ac<\/u> [&#8230;]<\/p>\n<p><a class=\"btn btn-secondary understrap-read-more-link\" href=\"https:\/\/digalco.com\/pt-pt\/produto\/ponto-de-acesso-cisco-air-ap1852i-e-k9-v04-recondicionado-pt-11817\/\">Continuar a ler&#8230;<span class=\"screen-reader-text\"> from Ponto de acesso CISCO AIR-AP1852I-E-K9 v04 | Recondicionado<\/span><\/a><\/p>\n","protected":false},"featured_media":194922,"template":"","meta":[],"product_brand":[3882],"product_cat":[1663,3793],"product_tag":[],"class_list":{"0":"post-194929","1":"product","2":"type-product","3":"status-publish","4":"has-post-thumbnail","6":"product_brand-cisco","7":"product_cat-networking-pt","8":"product_cat-networking-wireless-pt","10":"first","11":"instock","12":"taxable","13":"shipping-taxable","14":"purchasable","15":"product-type-simple"},"bundled_by":[],"bundle_stock_status":"instock","bundle_stock_quantity":2,"bundle_virtual":false,"bundle_layout":"","bundle_add_to_cart_form_location":"","bundle_editable_in_cart":false,"bundle_sold_individually_context":"","bundle_item_grouping":"","bundle_min_size":"","bundle_max_size":"","bundle_price":[],"bundled_items":[],"bundle_sell_ids":[],"exclude_global_add_ons":[],"addons":[],"df_price":144,"df_sale_price":"","df_regular_price":144,"df_image_link":"https:\/\/digalco.com\/wp-content\/uploads\/images\/product\/11817\/cisc00053_01-300x225.jpg","_links":{"self":[{"href":"https:\/\/digalco.com\/pt-pt\/wp-json\/wp\/v2\/product\/194929","targetHints":{"allow":["GET"]}}],"collection":[{"href":"https:\/\/digalco.com\/pt-pt\/wp-json\/wp\/v2\/product"}],"about":[{"href":"https:\/\/digalco.com\/pt-pt\/wp-json\/wp\/v2\/types\/product"}],"wp:featuredmedia":[{"embeddable":true,"href":"https:\/\/digalco.com\/pt-pt\/wp-json\/wp\/v2\/media\/194922"}],"wp:attachment":[{"href":"https:\/\/digalco.com\/pt-pt\/wp-json\/wp\/v2\/media?parent=194929"}],"wp:term":[{"taxonomy":"product_brand","embeddable":true,"href":"https:\/\/digalco.com\/pt-pt\/wp-json\/wp\/v2\/product_brand?post=194929"},{"taxonomy":"product_cat","embeddable":true,"href":"https:\/\/digalco.com\/pt-pt\/wp-json\/wp\/v2\/product_cat?post=194929"},{"taxonomy":"product_tag","embeddable":true,"href":"https:\/\/digalco.com\/pt-pt\/wp-json\/wp\/v2\/product_tag?post=194929"}],"curies":[{"name":"wp","href":"https:\/\/api.w.org\/{rel}","templated":true}]}}