{"id":201772,"date":"2024-06-12T17:51:39","date_gmt":"2024-06-12T15:51:39","guid":{"rendered":"https:\/\/digalco.com\/tienda\/netgear-netgear-meural-mc327-27-lcd-169-recondicionado-1920x1080-pt-12314\/"},"modified":"2024-11-07T19:54:14","modified_gmt":"2024-11-07T18:54:14","slug":"netgear-netgear-meural-mc327-27-lcd-169-recondicionado-1920x1080-pt-12314","status":"publish","type":"product","link":"https:\/\/digalco.com\/pt-pt\/produto\/netgear-netgear-meural-mc327-27-lcd-169-recondicionado-1920x1080-pt-12314\/","title":{"rendered":"NETGEAR Meural MC327 27&#8221; LCD 16:9 | Recondicionado | 1920&#215;1080"},"content":{"rendered":"<p><strong>Tela<\/strong><br \/>LCD 27 &#8221; FullHD  16:9  \u00b7 Resolu\u00e7\u00e3o 1920&#215;1080<br \/>Dot pitch 0.01 mm<br \/>Resposta 1 ms<br \/>Contraste 1000:1<br \/>Brilho 300 cd\/m2<br \/><strong>Caixa<\/strong><br \/>Color branco<br \/><strong>Outros<\/strong><br \/>hR embalagens<br \/><strong>Dimens\u00f5es<\/strong><br \/>47.24&#215;73.4&#215;3.5 cm.<br \/><strong>Peso<\/strong><br \/>8.90 Kg.<br \/><strong>Especifica\u00e7\u00f5es adicionais<\/strong><br \/>Com a Meural Canvas II MC327 Branco 27&#8243; voc\u00ea pode personalizar a arte em sua parede para melhorar o ambiente de suas visitas. Com esta moldura digital voc\u00ea pode escolher entre mais de trinta mil obras de arte de museus, artistas e cole\u00e7\u00f5es de imagens de todos em todo o mundo. Voc\u00ea tamb\u00e9m pode projetar suas pr\u00f3prias imagens e an\u00fancios. Boa apar\u00eancia exterior. Se tiver alguma d\u00favida, ligue-nos ou utilize nosso chat para mais informa\u00e7\u00f5es ou para solicitar mais detalhes.<br \/><strong>Coment\u00e1rios<\/strong><br \/><u>Porta-retratos Digital &#8211; 27&#8243; &#8211; 1920&#215;1080 &#8211; USB \/ Bluetooth \/ Cart\u00e3o SD<\/u><\/p>\n","protected":false},"excerpt":{"rendered":"<p><u>Porta-retratos Digital &#8211; 27&#8243; &#8211; 1920&#215;1080 &#8211; USB \/ Bluetooth \/ Cart\u00e3o SD<\/u> [&#8230;]<\/p>\n<p><a class=\"btn btn-secondary understrap-read-more-link\" href=\"https:\/\/digalco.com\/pt-pt\/produto\/netgear-netgear-meural-mc327-27-lcd-169-recondicionado-1920x1080-pt-12314\/\">Continuar a ler&#8230;<span class=\"screen-reader-text\"> from NETGEAR Meural MC327 27&#8221; LCD 16:9 | Recondicionado | 1920&#215;1080<\/span><\/a><\/p>\n","protected":false},"featured_media":201765,"template":"","meta":[],"product_brand":[3903],"product_cat":[2393,1491],"product_tag":[],"class_list":{"0":"post-201772","1":"product","2":"type-product","3":"status-publish","4":"has-post-thumbnail","6":"product_brand-netgear","7":"product_cat-monitores-27-pt","8":"product_cat-monitores-pt","10":"first","11":"instock","12":"taxable","13":"shipping-taxable","14":"purchasable","15":"product-type-simple"},"bundled_by":[],"bundle_stock_status":"instock","bundle_stock_quantity":1,"bundle_virtual":false,"bundle_layout":"","bundle_add_to_cart_form_location":"","bundle_editable_in_cart":false,"bundle_sold_individually_context":"","bundle_item_grouping":"","bundle_min_size":"","bundle_max_size":"","bundle_price":[],"bundled_items":[],"bundle_sell_ids":[],"exclude_global_add_ons":[],"addons":[],"df_price":562,"df_sale_price":"","df_regular_price":562,"df_image_link":"https:\/\/digalco.com\/wp-content\/uploads\/images\/product\/12314\/clon00121_01-300x225.jpg","_links":{"self":[{"href":"https:\/\/digalco.com\/pt-pt\/wp-json\/wp\/v2\/product\/201772","targetHints":{"allow":["GET"]}}],"collection":[{"href":"https:\/\/digalco.com\/pt-pt\/wp-json\/wp\/v2\/product"}],"about":[{"href":"https:\/\/digalco.com\/pt-pt\/wp-json\/wp\/v2\/types\/product"}],"wp:featuredmedia":[{"embeddable":true,"href":"https:\/\/digalco.com\/pt-pt\/wp-json\/wp\/v2\/media\/201765"}],"wp:attachment":[{"href":"https:\/\/digalco.com\/pt-pt\/wp-json\/wp\/v2\/media?parent=201772"}],"wp:term":[{"taxonomy":"product_brand","embeddable":true,"href":"https:\/\/digalco.com\/pt-pt\/wp-json\/wp\/v2\/product_brand?post=201772"},{"taxonomy":"product_cat","embeddable":true,"href":"https:\/\/digalco.com\/pt-pt\/wp-json\/wp\/v2\/product_cat?post=201772"},{"taxonomy":"product_tag","embeddable":true,"href":"https:\/\/digalco.com\/pt-pt\/wp-json\/wp\/v2\/product_tag?post=201772"}],"curies":[{"name":"wp","href":"https:\/\/api.w.org\/{rel}","templated":true}]}}