{"id":206302,"date":"2024-07-05T13:57:17","date_gmt":"2024-07-05T11:57:17","guid":{"rendered":"https:\/\/digalco.com\/tienda\/dell-e5500-154-recondicionado-core-2-duo-226ghz-2-gb-ram-160-gb-hdd-1280x800-pt-12397\/"},"modified":"2025-01-27T13:22:48","modified_gmt":"2025-01-27T12:22:48","slug":"dell-e5500-154-recondicionado-core-2-duo-226ghz-2-gb-ram-160-gb-hdd-1280x800-pt-12397","status":"publish","type":"product","link":"https:\/\/digalco.com\/pt-pt\/produto\/dell-e5500-154-recondicionado-core-2-duo-226ghz-2-gb-ram-160-gb-hdd-1280x800-pt-12397\/","title":{"rendered":"Dell E5500 15.4&#8221; | Recondicionado | Core 2 Duo 2.26GHz | 2 GB RAM | 160 GB HDD 1280&#215;800"},"content":{"rendered":"<p><strong>Processador<\/strong><br \/>Intel Core 2 Duo P8400 2.26 GHz.<br \/><strong>Mem\u00f3ria RAM<\/strong><br \/>2 Gb. SO-DDR2 RAM<br \/><strong>Disco r\u00edgido<\/strong><br \/>160 Gb. SATA<br \/><strong>Drive \u00f3ptico<\/strong><br \/>DVD-RW<br \/><strong>Cart\u00f5es<\/strong><br \/>Placa gr\u00e1fica: INTEL MOBILE 4<br \/>Som: High Definition Audio<br \/>Network: Broadcom Netxtreme BCM5761e<br \/><strong>Sistema operativo<\/strong><br \/>Ubuntu GNU\/Linux<br \/><strong>Portos<\/strong><br \/>1x S\u00e9rie<br \/>4x USB 2.0<br \/>1x Firewire<br \/><strong>Tela<\/strong><br \/>LCD 15.4 &#8221; HD  16:9  \u00b7 Resolu\u00e7\u00e3o 1280&#215;800<br \/><strong>Outros portos<\/strong><br \/>1x PCMCIA<br \/><strong>Portas de v\u00eddeo<\/strong><br \/>1x VGA<br \/><strong>Conectividade<\/strong><br \/>1x RJ-45<br \/>WIFI<br \/><strong>Espec\u00edfico laptop<\/strong><br \/>Layout do teclado Espanhol<br \/><strong>Dimens\u00f5es<\/strong><br \/>35.5&#215;25.8&#215;4 cm.<br \/><strong>Peso<\/strong><br \/>2.90 Kg.<br \/><strong>Especifica\u00e7\u00f5es adicionais<\/strong><br \/>Boa apar\u00eancia exterior. Apresenta desgaste em algumas teclas. Bateria esgotada. Procure em \u201c+ Fotos\u201d e \u201cV\u00eddeo\u201d e caso tenha alguma d\u00favida, ligue-nos ou utilize nosso chat para mais informa\u00e7\u00f5es ou para solicitar mais detalhes.<\/p>\n<p><strong>Coment\u00e1rios<\/strong><br \/><u>Inclui Porta Serial &#8211; Bateria esgotada &#8211; Pequeno desgaste nas teclas.<\/u><\/p>\n","protected":false},"excerpt":{"rendered":"<p>Intel Core 2 Duo P8400 2.26 GHz. \u00b7 2 Gb. SO-DDR2 RAM \u00b7 160 Gb. SATA \u00b7 DVD-RW \u00b7 Ubuntu GNU\/Linux \u00b7 LCD 15.4 &#8221; HD  16:9  \u00b7 Resolu\u00e7\u00e3o 1280&#215;800 \u00b7 <u>Inclui Porta Serial &#8211; Bateria esgotada &#8211; Pequeno desgaste nas teclas.<\/u> [&#8230;]<\/p>\n<p><a class=\"btn btn-secondary understrap-read-more-link\" href=\"https:\/\/digalco.com\/pt-pt\/produto\/dell-e5500-154-recondicionado-core-2-duo-226ghz-2-gb-ram-160-gb-hdd-1280x800-pt-12397\/\">Continuar a ler&#8230;<span class=\"screen-reader-text\"> from Dell E5500 15.4&#8221; | Recondicionado | Core 2 Duo 2.26GHz | 2 GB RAM | 160 GB HDD 1280&#215;800<\/span><\/a><\/p>\n","protected":false},"featured_media":206250,"template":"","meta":[],"product_brand":[3852],"product_cat":[3136,1515],"product_tag":[],"class_list":{"0":"post-206302","1":"product","2":"type-product","3":"status-publish","4":"has-post-thumbnail","6":"product_brand-dell","7":"product_cat-laptops-15-16-pt","8":"product_cat-laptops-pt","10":"first","11":"instock","12":"taxable","13":"shipping-taxable","14":"purchasable","15":"product-type-simple"},"bundled_by":[],"bundle_stock_status":"instock","bundle_stock_quantity":1,"bundle_virtual":false,"bundle_layout":"","bundle_add_to_cart_form_location":"","bundle_editable_in_cart":false,"bundle_sold_individually_context":"","bundle_item_grouping":"","bundle_min_size":"","bundle_max_size":"","bundle_price":[],"bundled_items":[],"bundle_sell_ids":[],"exclude_global_add_ons":true,"addons":{"keyboard-iso-upgrades":{"name":"Selecione idioma teclado","type":"multiple_choice","position":0,"required":false,"title_format":"heading","default":"","description_enable":false,"description":"","placeholder_enable":false,"placeholder":"","display":"radiobutton","restrictions_type":"any_text","adjust_price":false,"price":"","price_type":"quantity_based","restrictions":false,"min":"0","max":"0","options":[{"label":"Pegatinas Franc\u00e9s [AMP00084]","price":"0.0000","price_type":"quantity_based","image":0,"visibility":true},{"label":"Pegatinas Portugues [AMP00083]","price":"0.0000","price_type":"quantity_based","image":0,"visibility":true}]},"webcam-upgrades":{"name":"Extens\u00e3o Webcam","type":"multiple_choice","position":0,"required":false,"title_format":"heading","default":"","description_enable":false,"description":"","placeholder_enable":false,"placeholder":"","display":"radiobutton","restrictions_type":"any_text","adjust_price":false,"price":"","price_type":"quantity_based","restrictions":false,"min":"0","max":"0","options":[{"label":"Conceptronic AMDIS FullHD [AMP00085]","price":"29.0000","price_type":"quantity_based","image":0,"visibility":true}]},"hdd-upgrades":{"name":"Extens\u00e3o disco r\u00edgido","type":"multiple_choice","position":0,"required":false,"title_format":"heading","default":"","description_enable":false,"description":"","placeholder_enable":false,"placeholder":"","display":"radiobutton","restrictions_type":"any_text","adjust_price":false,"price":"","price_type":"quantity_based","restrictions":false,"min":"0","max":"0","options":[{"label":"Cambio a Disco SSD 120 Gb. [AMP00012]","price":"25.0000","price_type":"quantity_based","image":0,"visibility":true},{"label":"Cambio a Disco SSD 240 Gb. [AMP00013]","price":"35.0000","price_type":"quantity_based","image":0,"visibility":true},{"label":"Cambio a Disco SSD 480 Gb. [AMP00014]","price":59,"price_type":"quantity_based","image":0,"visibility":true},{"label":"Cambio a Disco SSD 1 Tb. [AMP00071]","price":95,"price_type":"quantity_based","image":0,"visibility":true}]},"briefcase-upgrades":{"name":"Maleta","type":"multiple_choice","position":0,"required":false,"title_format":"heading","default":"","description_enable":false,"description":"","placeholder_enable":false,"placeholder":"","display":"radiobutton","restrictions_type":"any_text","adjust_price":false,"price":"","price_type":"quantity_based","restrictions":false,"min":"0","max":"0","options":[{"label":"Maleta Port\u00e1til [AMP00041]","price":"5.0000","price_type":"quantity_based","image":0,"visibility":true}]}},"df_price":233,"df_sale_price":"","df_regular_price":233,"df_image_link":"https:\/\/digalco.com\/wp-content\/uploads\/images\/product\/12397\/dell01283_01-300x225.jpg","_links":{"self":[{"href":"https:\/\/digalco.com\/pt-pt\/wp-json\/wp\/v2\/product\/206302","targetHints":{"allow":["GET"]}}],"collection":[{"href":"https:\/\/digalco.com\/pt-pt\/wp-json\/wp\/v2\/product"}],"about":[{"href":"https:\/\/digalco.com\/pt-pt\/wp-json\/wp\/v2\/types\/product"}],"wp:featuredmedia":[{"embeddable":true,"href":"https:\/\/digalco.com\/pt-pt\/wp-json\/wp\/v2\/media\/206250"}],"wp:attachment":[{"href":"https:\/\/digalco.com\/pt-pt\/wp-json\/wp\/v2\/media?parent=206302"}],"wp:term":[{"taxonomy":"product_brand","embeddable":true,"href":"https:\/\/digalco.com\/pt-pt\/wp-json\/wp\/v2\/product_brand?post=206302"},{"taxonomy":"product_cat","embeddable":true,"href":"https:\/\/digalco.com\/pt-pt\/wp-json\/wp\/v2\/product_cat?post=206302"},{"taxonomy":"product_tag","embeddable":true,"href":"https:\/\/digalco.com\/pt-pt\/wp-json\/wp\/v2\/product_tag?post=206302"}],"curies":[{"name":"wp","href":"https:\/\/api.w.org\/{rel}","templated":true}]}}