{"id":207647,"date":"2024-07-15T17:45:20","date_gmt":"2024-07-15T15:45:20","guid":{"rendered":"https:\/\/digalco.com\/tienda\/switch-cisco-ws-c2960s-48ts-l-recondicionado-pt-12487\/"},"modified":"2024-12-10T16:33:37","modified_gmt":"2024-12-10T15:33:37","slug":"switch-cisco-ws-c2960s-48ts-l-recondicionado-pt-12487","status":"publish","type":"product","link":"https:\/\/digalco.com\/pt-pt\/produto\/switch-cisco-ws-c2960s-48ts-l-recondicionado-pt-12487\/","title":{"rendered":"Switch CISCO WS-C2960S-48TS-L | Recondicionado"},"content":{"rendered":"<p><strong>Geral impressora<\/strong><br \/>Switch<br \/><strong>Portos de rede<\/strong><br \/>48x Ethernet 1000 Mbps.<br \/>4x Fibra 1000 Mbps.<br \/><strong>Outros<\/strong><br \/>hR embalagens<br \/><strong>Dimens\u00f5es<\/strong><br \/>44.5x30x4.5 cm.<br \/><strong>Peso<\/strong><br \/>4.70 Kg.<br \/><strong>Especifica\u00e7\u00f5es adicionais<\/strong><br \/>O Cisco WS-C2960S-48TS-L \u00e9 um switch corporativo da s\u00e9rie Catalyst 2960-S, com 48 portas Gigabit Ethernet e 4 portas SFP para uplinks. Oferece recursos de camada 2, qualidade de servi\u00e7o (QoS), seguran\u00e7a avan\u00e7ada e gerenciamento por meio do Cisco Network Assistant ou CLI. \u00c9 ideal para redes de acesso, proporcionando alta disponibilidade, efici\u00eancia energ\u00e9tica com Cisco EnergyWise e capacidade de empilhamento com FlexStack para escalabilidade. Projetado para implanta\u00e7\u00f5es confi\u00e1veis \u200b\u200bem ambientes corporativos ou educacionais.<\/p>\n","protected":false},"excerpt":{"rendered":"<p>Switch \u00b7 48x Ethernet 1000 Mbps. \u00b7 4x Fibra 1000 Mbps. \u00b7 Rackmount [&#8230;]<\/p>\n<p><a class=\"btn btn-secondary understrap-read-more-link\" href=\"https:\/\/digalco.com\/pt-pt\/produto\/switch-cisco-ws-c2960s-48ts-l-recondicionado-pt-12487\/\">Continuar a ler&#8230;<span class=\"screen-reader-text\"> from Switch CISCO WS-C2960S-48TS-L | Recondicionado<\/span><\/a><\/p>\n","protected":false},"featured_media":207645,"template":"","meta":[],"product_brand":[3882],"product_cat":[1427],"product_tag":[],"class_list":{"0":"post-207647","1":"product","2":"type-product","3":"status-publish","4":"has-post-thumbnail","6":"product_brand-cisco","7":"product_cat-sem-categoria-pt","9":"first","10":"instock","11":"taxable","12":"shipping-taxable","13":"purchasable","14":"product-type-simple"},"bundled_by":[],"bundle_stock_status":"instock","bundle_stock_quantity":1,"bundle_virtual":false,"bundle_layout":"","bundle_add_to_cart_form_location":"","bundle_editable_in_cart":false,"bundle_sold_individually_context":"","bundle_item_grouping":"","bundle_min_size":"","bundle_max_size":"","bundle_price":[],"bundled_items":[],"bundle_sell_ids":[],"exclude_global_add_ons":[],"addons":[],"df_price":96,"df_sale_price":"","df_regular_price":96,"df_image_link":"https:\/\/digalco.com\/wp-content\/uploads\/images\/product\/12487\/cisc00089_01-300x225.jpg","_links":{"self":[{"href":"https:\/\/digalco.com\/pt-pt\/wp-json\/wp\/v2\/product\/207647","targetHints":{"allow":["GET"]}}],"collection":[{"href":"https:\/\/digalco.com\/pt-pt\/wp-json\/wp\/v2\/product"}],"about":[{"href":"https:\/\/digalco.com\/pt-pt\/wp-json\/wp\/v2\/types\/product"}],"wp:featuredmedia":[{"embeddable":true,"href":"https:\/\/digalco.com\/pt-pt\/wp-json\/wp\/v2\/media\/207645"}],"wp:attachment":[{"href":"https:\/\/digalco.com\/pt-pt\/wp-json\/wp\/v2\/media?parent=207647"}],"wp:term":[{"taxonomy":"product_brand","embeddable":true,"href":"https:\/\/digalco.com\/pt-pt\/wp-json\/wp\/v2\/product_brand?post=207647"},{"taxonomy":"product_cat","embeddable":true,"href":"https:\/\/digalco.com\/pt-pt\/wp-json\/wp\/v2\/product_cat?post=207647"},{"taxonomy":"product_tag","embeddable":true,"href":"https:\/\/digalco.com\/pt-pt\/wp-json\/wp\/v2\/product_tag?post=207647"}],"curies":[{"name":"wp","href":"https:\/\/api.w.org\/{rel}","templated":true}]}}