{"id":208677,"date":"2024-07-24T14:27:45","date_gmt":"2024-07-24T12:27:45","guid":{"rendered":"https:\/\/digalco.com\/tienda\/escaner-fujitsu-fi-6130la-recondicionado-pt-4028\/"},"modified":"2026-03-11T15:50:07","modified_gmt":"2026-03-11T14:50:07","slug":"escaner-fujitsu-fi-6130la-recondicionado-pt-4028","status":"publish","type":"product","link":"https:\/\/digalco.com\/pt-pt\/produto\/escaner-fujitsu-fi-6130la-recondicionado-pt-4028\/","title":{"rendered":"Esc\u00e1ner Fujitsu FI-6130LA GRADO -A | Recondicionado"},"content":{"rendered":"<p><strong>Tecnolog\u00eda<\/strong><br \/>Escaner Color de Documentos<br \/><strong>Sensor de Imagen<\/strong><br \/>Color CCD<br \/><strong>Velocidad Escaneo<\/strong><br \/>Color: 40 ppm<br \/>Escala Grises: 30 ppm<br \/>Monocromo: 1,7 seg.<br \/><strong>Resoluci\u00f3n<\/strong><br \/>Hasta 600 dpi<br \/><strong>Conectividad:<\/strong><br \/>USB 2.0<br \/><strong>Duplex<\/strong><br \/>Incorporado<br \/><strong>Manejo Papel<\/strong><br \/>Alimentador autom\u00e1tico 50 hojas<br \/><strong>Area Escaneado<\/strong><br \/>ADF Max. A4<br \/><strong>Dimensiones<\/strong><br \/>301 x 160 x 158 mm.<br \/><strong>Peso<\/strong><br \/>4,2 Kgrs.<br \/><strong>Especifica\u00e7\u00f5es Adicionais:<br \/><\/strong>O Fujitsufi-6130LA \u00e9 um scanner de documentos a cores, concebido para ambientes profissionais que exigem velocidade, qualidade e fiabilidade. Com tecnologia CCD a cores e digitaliza\u00e7\u00e3o duplex integrada, atinge velocidades de at\u00e9 40 p\u00e1ginas por minuto (ppm) no modo simplex a cores e at\u00e9 80 imagens por minuto (ipm) no modo duplex a preto e branco ou escala de cinzentos. A sua resolu\u00e7\u00e3o \u00f3tica at\u00e9 600 dpi permite a captura de documentos com um detalhe e precis\u00e3o excecionais. Equipado com um alimentador autom\u00e1tico de documentos (ADF) de 50 folhas, facilita a digitaliza\u00e7\u00e3o em lote sem interven\u00e7\u00e3o constante. A conectividade USB 2.0 garante uma f\u00e1cil integra\u00e7\u00e3o com esta\u00e7\u00f5es de trabalho standard. Este modelo inclui caracter\u00edsticas avan\u00e7adas, como dete\u00e7\u00e3o ultrass\u00f3nica de alimenta\u00e7\u00e3o dupla, corre\u00e7\u00e3o autom\u00e1tica de desalinhamento e reconhecimento autom\u00e1tico do modo de cor, melhorando a efici\u00eancia do fluxo de trabalho de documentos. O Fujitsufi-6130LA \u00e9 uma op\u00e7\u00e3o robusta e eficiente para empresas que necessitam de digitalizar faturas, contratos, ficheiros ou documentos de forma r\u00e1pida e fi\u00e1vel.<br \/><u>Ligeiramente Amarelo<\/u>. Boa apar\u00eancia exterior. Procure em \u201c+ Fotos\u201d e \u201cV\u00eddeo\u201d e caso tenha alguma d\u00favida, ligue-nos ou utilize nosso chat para mais informa\u00e7\u00f5es ou para solicitar mais detalhes.<\/p>\n","protected":false},"excerpt":{"rendered":"<p>Tecnologia: Scanner de documentos em cores &#8211; Sensor de imagens: CCD em cores &#8211; Velocidade de digitaliza\u00e7\u00e3o: at\u00e9 40 ppm em cores, 30 ppm em tons de cinza &#8211; Resolu\u00e7\u00e3o: at\u00e9 600 dpi &#8211; Conectividade: USB 2.0 &#8211;<u>Duplex: digitaliza\u00e7\u00e3o frente e verso integrada<\/u> &#8211; Alimentador autom\u00e1tico de 50 folhas. [&#8230;]<\/p>\n<p><a class=\"btn btn-secondary understrap-read-more-link\" href=\"https:\/\/digalco.com\/pt-pt\/produto\/escaner-fujitsu-fi-6130la-recondicionado-pt-4028\/\">Continuar a ler&#8230;<span class=\"screen-reader-text\"> from Esc\u00e1ner Fujitsu FI-6130LA GRADO -A | Recondicionado<\/span><\/a><\/p>\n","protected":false},"featured_media":208645,"template":"","meta":[],"product_brand":[3859],"product_cat":[1723],"product_tag":[],"class_list":{"0":"post-208677","1":"product","2":"type-product","3":"status-publish","4":"has-post-thumbnail","6":"product_brand-fujitsu","7":"product_cat-scanners-pt","9":"first","10":"instock","11":"taxable","12":"shipping-taxable","13":"purchasable","14":"product-type-simple"},"bundled_by":[],"bundle_stock_status":"instock","bundle_stock_quantity":1000,"bundle_virtual":false,"bundle_layout":"","bundle_add_to_cart_form_location":"","bundle_editable_in_cart":false,"bundle_sold_individually_context":"","bundle_item_grouping":"","bundle_min_size":"","bundle_max_size":"","bundle_price":[],"bundled_items":[],"bundle_sell_ids":[],"exclude_global_add_ons":[],"addons":[],"df_price":130,"df_sale_price":"","df_regular_price":130,"df_image_link":"https:\/\/digalco.com\/wp-content\/uploads\/images\/product\/4028\/fuji00064_01-300x225.jpg","_links":{"self":[{"href":"https:\/\/digalco.com\/pt-pt\/wp-json\/wp\/v2\/product\/208677","targetHints":{"allow":["GET"]}}],"collection":[{"href":"https:\/\/digalco.com\/pt-pt\/wp-json\/wp\/v2\/product"}],"about":[{"href":"https:\/\/digalco.com\/pt-pt\/wp-json\/wp\/v2\/types\/product"}],"wp:featuredmedia":[{"embeddable":true,"href":"https:\/\/digalco.com\/pt-pt\/wp-json\/wp\/v2\/media\/208645"}],"wp:attachment":[{"href":"https:\/\/digalco.com\/pt-pt\/wp-json\/wp\/v2\/media?parent=208677"}],"wp:term":[{"taxonomy":"product_brand","embeddable":true,"href":"https:\/\/digalco.com\/pt-pt\/wp-json\/wp\/v2\/product_brand?post=208677"},{"taxonomy":"product_cat","embeddable":true,"href":"https:\/\/digalco.com\/pt-pt\/wp-json\/wp\/v2\/product_cat?post=208677"},{"taxonomy":"product_tag","embeddable":true,"href":"https:\/\/digalco.com\/pt-pt\/wp-json\/wp\/v2\/product_tag?post=208677"}],"curies":[{"name":"wp","href":"https:\/\/api.w.org\/{rel}","templated":true}]}}