{"id":210823,"date":"2024-08-02T12:32:47","date_gmt":"2024-08-02T10:32:47","guid":{"rendered":"https:\/\/digalco.com\/tienda\/dell-latitude-d620-14-recondicionado-core-2-duo-2ghz-2-gb-ram-60-gb-hdd-1280x800-pt-2536\/"},"modified":"2025-01-27T11:58:28","modified_gmt":"2025-01-27T10:58:28","slug":"dell-latitude-d620-14-recondicionado-core-2-duo-2ghz-2-gb-ram-60-gb-hdd-1280x800-pt-2536","status":"publish","type":"product","link":"https:\/\/digalco.com\/pt-pt\/produto\/dell-latitude-d620-14-recondicionado-core-2-duo-2ghz-2-gb-ram-60-gb-hdd-1280x800-pt-2536\/","title":{"rendered":"Dell Latitude D620 14&#8221; | Recondicionado | Core 2 Duo 2GHz | 2 GB RAM | 60 GB HDD 1280&#215;800"},"content":{"rendered":"<p><strong>Processador<\/strong><br \/>Intel Core 2 Duo T7200 2 GHz.<br \/><strong>Mem\u00f3ria RAM<\/strong><br \/>2 Gb. SO-DDR2 RAM<br \/><strong>Disco r\u00edgido<\/strong><br \/>60 Gb. SATA<br \/><strong>Drive \u00f3ptico<\/strong><br \/>Combo (CD-RW\/DVD)<br \/><strong>Cart\u00f5es<\/strong><br \/>Placa gr\u00e1fica: Intel 945GM<br \/>Som: Sigmatel 9200<br \/>Network: Broadcom NeXTreme Gigabit Ethernet<br \/><strong>Sistema operativo<\/strong><br \/>Ubuntu GNU\/Linux<br \/><strong>Portos<\/strong><br \/>1x S\u00e9rie<br \/>4x USB 2.0<br \/><strong>Tela<\/strong><br \/>TFT 14 &#8221; HD 16:9 \u00b7 Resolu\u00e7\u00e3o 1280&#215;800<br \/><strong>Outros portos<\/strong><br \/>1x PCMCIA<br \/><strong>Portas de v\u00eddeo<\/strong><br \/>1x VGA<br \/><strong>Conectividade<\/strong><br \/>1x RJ-45<br \/>WIFI<br \/>Infravermelho<br \/>Modem<br \/><strong>Espec\u00edfico laptop<\/strong><br \/>Layout do teclado Espanhol<br \/><strong>Outros<\/strong><br \/>hR embalagens<br \/><strong>Dimens\u00f5es<\/strong><br \/>33.7&#215;23.8&#215;3.2 cm.<br \/><strong>Peso<\/strong><br \/>3.00 Kg.<br \/><strong>Especifica\u00e7\u00f5es adicionais<\/strong><br \/>Boa apar\u00eancia exterior. Pode apresentar ligeiros sinais de uso na caixa. Se voc\u00ea tiver alguma d\u00favida, ligue para n\u00f3s ou utilize nosso chat para mais informa\u00e7\u00f5es ou para solicitar mais detalhes.<\/p>\n","protected":false},"excerpt":{"rendered":"<p>Intel Core 2 Duo T7200 2 GHz. \u00b7 2 Gb. SO-DDR2 RAM \u00b7 60 Gb. SATA \u00b7 Combo (CD-RW\/DVD) \u00b7 Ubuntu GNU\/Linux \u00b7 TFT 14 &#8221; HD 16:9 \u00b7<strong>Porta serial<\/strong> [&#8230;]<\/p>\n<p><a class=\"btn btn-secondary understrap-read-more-link\" href=\"https:\/\/digalco.com\/pt-pt\/produto\/dell-latitude-d620-14-recondicionado-core-2-duo-2ghz-2-gb-ram-60-gb-hdd-1280x800-pt-2536\/\">Continuar a ler&#8230;<span class=\"screen-reader-text\"> from Dell Latitude D620 14&#8221; | Recondicionado | Core 2 Duo 2GHz | 2 GB RAM | 60 GB HDD 1280&#215;800<\/span><\/a><\/p>\n","protected":false},"featured_media":210806,"template":"","meta":[],"product_brand":[3852],"product_cat":[3759,2445,1515],"product_tag":[],"class_list":{"0":"post-210823","1":"product","2":"type-product","3":"status-publish","4":"has-post-thumbnail","6":"product_brand-dell","7":"product_cat-laptops-14-pt","8":"product_cat-laptops-intel-core-2-duo-pt","9":"product_cat-laptops-pt","11":"first","12":"instock","13":"taxable","14":"shipping-taxable","15":"purchasable","16":"product-type-simple"},"bundled_by":[],"bundle_stock_status":"instock","bundle_stock_quantity":2,"bundle_virtual":false,"bundle_layout":"","bundle_add_to_cart_form_location":"","bundle_editable_in_cart":false,"bundle_sold_individually_context":"","bundle_item_grouping":"","bundle_min_size":"","bundle_max_size":"","bundle_price":[],"bundled_items":[],"bundle_sell_ids":[],"exclude_global_add_ons":true,"addons":{"keyboard-iso-upgrades":{"name":"Selecione idioma teclado","type":"multiple_choice","position":0,"required":false,"title_format":"heading","default":"","description_enable":false,"description":"","placeholder_enable":false,"placeholder":"","display":"radiobutton","restrictions_type":"any_text","adjust_price":false,"price":"","price_type":"quantity_based","restrictions":false,"min":"0","max":"0","options":[{"label":"Pegatinas Franc\u00e9s [AMP00084]","price":"0.0000","price_type":"quantity_based","image":0,"visibility":true},{"label":"Pegatinas Portugues [AMP00083]","price":"0.0000","price_type":"quantity_based","image":0,"visibility":true}]},"webcam-upgrades":{"name":"Extens\u00e3o Webcam","type":"multiple_choice","position":0,"required":false,"title_format":"heading","default":"","description_enable":false,"description":"","placeholder_enable":false,"placeholder":"","display":"radiobutton","restrictions_type":"any_text","adjust_price":false,"price":"","price_type":"quantity_based","restrictions":false,"min":"0","max":"0","options":[{"label":"Conceptronic AMDIS FullHD [AMP00085]","price":"29.0000","price_type":"quantity_based","image":0,"visibility":true}]},"hdd-upgrades":{"name":"Extens\u00e3o disco r\u00edgido","type":"multiple_choice","position":0,"required":false,"title_format":"heading","default":"","description_enable":false,"description":"","placeholder_enable":false,"placeholder":"","display":"radiobutton","restrictions_type":"any_text","adjust_price":false,"price":"","price_type":"quantity_based","restrictions":false,"min":"0","max":"0","options":[{"label":"Disco SSD 1 Tb. adicional [AMP00072]","price":100,"price_type":"quantity_based","image":0,"visibility":true},{"label":"Disco SSD 120 Gb. adicional (S.O.) [AMP00030]","price":"25.0000","price_type":"quantity_based","image":0,"visibility":true},{"label":"Disco SSD 240 Gb. adicional (S.O.) [AMP00031]","price":"35.0000","price_type":"quantity_based","image":0,"visibility":true},{"label":"Disco SSD 480 Gb. adicional (S.O.) [AMP00032]","price":64,"price_type":"quantity_based","image":0,"visibility":true}]},"briefcase-upgrades":{"name":"Maleta","type":"multiple_choice","position":0,"required":false,"title_format":"heading","default":"","description_enable":false,"description":"","placeholder_enable":false,"placeholder":"","display":"radiobutton","restrictions_type":"any_text","adjust_price":false,"price":"","price_type":"quantity_based","restrictions":false,"min":"0","max":"0","options":[{"label":"Maleta Port\u00e1til [AMP00041]","price":"5.0000","price_type":"quantity_based","image":0,"visibility":true}]}},"df_price":287,"df_sale_price":"","df_regular_price":287,"df_image_link":"https:\/\/digalco.com\/wp-content\/uploads\/images\/product\/2536\/dell00403_01-300x225.jpg","_links":{"self":[{"href":"https:\/\/digalco.com\/pt-pt\/wp-json\/wp\/v2\/product\/210823","targetHints":{"allow":["GET"]}}],"collection":[{"href":"https:\/\/digalco.com\/pt-pt\/wp-json\/wp\/v2\/product"}],"about":[{"href":"https:\/\/digalco.com\/pt-pt\/wp-json\/wp\/v2\/types\/product"}],"wp:featuredmedia":[{"embeddable":true,"href":"https:\/\/digalco.com\/pt-pt\/wp-json\/wp\/v2\/media\/210806"}],"wp:attachment":[{"href":"https:\/\/digalco.com\/pt-pt\/wp-json\/wp\/v2\/media?parent=210823"}],"wp:term":[{"taxonomy":"product_brand","embeddable":true,"href":"https:\/\/digalco.com\/pt-pt\/wp-json\/wp\/v2\/product_brand?post=210823"},{"taxonomy":"product_cat","embeddable":true,"href":"https:\/\/digalco.com\/pt-pt\/wp-json\/wp\/v2\/product_cat?post=210823"},{"taxonomy":"product_tag","embeddable":true,"href":"https:\/\/digalco.com\/pt-pt\/wp-json\/wp\/v2\/product_tag?post=210823"}],"curies":[{"name":"wp","href":"https:\/\/api.w.org\/{rel}","templated":true}]}}