{"id":211750,"date":"2024-08-07T15:45:11","date_gmt":"2024-08-07T13:45:11","guid":{"rendered":"https:\/\/digalco.com\/tienda\/dell-latitude-d630c-141-recondicionado-core-2-duo-2ghz-4-gb-ram-80-gb-hdd-1280x800-pt-980\/"},"modified":"2026-03-06T11:22:46","modified_gmt":"2026-03-06T10:22:46","slug":"dell-latitude-d630c-141-recondicionado-core-2-duo-2ghz-4-gb-ram-80-gb-hdd-1280x800-pt-980","status":"publish","type":"product","link":"https:\/\/digalco.com\/pt-pt\/produto\/dell-latitude-d630c-141-recondicionado-core-2-duo-2ghz-4-gb-ram-80-gb-hdd-1280x800-pt-980\/","title":{"rendered":"Dell Latitude D630C 14.1&#8221; | Recondicionado | Core 2 Duo 2GHz | 4 GB RAM | 80 GB HDD 1280&#215;800"},"content":{"rendered":"<p><strong>Processador<\/strong><br \/>Intel Core 2 Duo T7250 2 GHz.<br \/><strong>Mem\u00f3ria RAM<\/strong><br \/>4 Gb. DDR2 RAM<br \/><strong>Disco r\u00edgido<\/strong><br \/>80 Gb. SATA<br \/><strong>Drive \u00f3ptico<\/strong><br \/>DVD<br \/><strong>Cart\u00f5es<\/strong><br \/>Placa gr\u00e1fica: INVIDIA Quadro NVS 135M<br \/>Som: IDT STAC9205 Codec<br \/>Network: Ethernet 10\/100\/1000<br \/><strong>Sistema operativo<\/strong><br \/>Ubuntu GNU\/Linux<br \/><strong>Portos<\/strong><br \/>S\u00e9rie<br \/>4x USB 2.0<br \/>Firewire<br \/><strong>Tela<\/strong><br \/>TFT 14.1 &#8221; HD 16:9  \u00b7 Resolu\u00e7\u00e3o 1280&#215;800<br \/><strong>Outros portos<\/strong><br \/>PCMCIA<br \/>Express Card<br \/><strong>Portas de v\u00eddeo<\/strong><br \/>VGA<br \/><strong>Conectividade<\/strong><br \/>RJ-45<br \/>WIFI<br \/>Modem<br \/><strong>Espec\u00edfico laptop<\/strong><br \/>Layout do teclado Espanhol<br \/><strong>Outros<\/strong><br \/>hR embalagens<br \/><strong>Dimens\u00f5es<\/strong><br \/>34x24x3 cm.<br \/><strong>Peso<\/strong><br \/>3.00 Kg.<br \/><strong>Especifica\u00e7\u00f5es adicionais<\/strong><br \/>Boa apar\u00eancia exterior. Pode apresentar ligeiros sinais de uso na caixa. Se voc\u00ea tiver alguma d\u00favida, ligue para n\u00f3s ou utilize nosso chat para mais informa\u00e7\u00f5es ou para solicitar mais detalhes.<\/p>\n","protected":false},"excerpt":{"rendered":"<p>Intel Core 2 Duo T7250 2 GHz. \u00b7 4 Gb. DDR2 RAM \u00b7 80 Gb. SATA \u00b7 DVD \u00b7 Ubuntu GNU\/Linux \u00b7 TFT 14.1 &#8221; HD 16:9 \u00b7<strong>Porta serial<\/strong> [&#8230;]<\/p>\n<p><a class=\"btn btn-secondary understrap-read-more-link\" href=\"https:\/\/digalco.com\/pt-pt\/produto\/dell-latitude-d630c-141-recondicionado-core-2-duo-2ghz-4-gb-ram-80-gb-hdd-1280x800-pt-980\/\">Continuar a ler&#8230;<span class=\"screen-reader-text\"> from Dell Latitude D630C 14.1&#8221; | Recondicionado | Core 2 Duo 2GHz | 4 GB RAM | 80 GB HDD 1280&#215;800<\/span><\/a><\/p>\n","protected":false},"featured_media":211738,"template":"","meta":[],"product_brand":[3852],"product_cat":[3759,2445,1515],"product_tag":[],"class_list":{"0":"post-211750","1":"product","2":"type-product","3":"status-publish","4":"has-post-thumbnail","6":"product_brand-dell","7":"product_cat-laptops-14-pt","8":"product_cat-laptops-intel-core-2-duo-pt","9":"product_cat-laptops-pt","11":"first","12":"instock","13":"taxable","14":"shipping-taxable","15":"purchasable","16":"product-type-simple"},"bundled_by":[],"bundle_stock_status":"instock","bundle_stock_quantity":1,"bundle_virtual":false,"bundle_layout":"","bundle_add_to_cart_form_location":"","bundle_editable_in_cart":false,"bundle_sold_individually_context":"","bundle_item_grouping":"","bundle_min_size":"","bundle_max_size":"","bundle_price":[],"bundled_items":[],"bundle_sell_ids":[],"exclude_global_add_ons":true,"addons":{"keyboard-iso-upgrades":{"name":"Selecione idioma teclado","type":"multiple_choice","position":0,"required":false,"title_format":"heading","default":"","description_enable":false,"description":"","placeholder_enable":false,"placeholder":"","display":"radiobutton","restrictions_type":"any_text","adjust_price":false,"price":"","price_type":"quantity_based","restrictions":false,"min":"0","max":"0","options":[{"label":"Pegatinas Franc\u00e9s [AMP00084]","price":"0.0000","price_type":"quantity_based","image":0,"visibility":true},{"label":"Pegatinas Portugues [AMP00083]","price":"0.0000","price_type":"quantity_based","image":0,"visibility":true}]},"webcam-upgrades":{"name":"Extens\u00e3o Webcam","type":"multiple_choice","position":0,"required":false,"title_format":"heading","default":"","description_enable":false,"description":"","placeholder_enable":false,"placeholder":"","display":"radiobutton","restrictions_type":"any_text","adjust_price":false,"price":"","price_type":"quantity_based","restrictions":false,"min":"0","max":"0","options":[{"label":"Conceptronic AMDIS FullHD [AMP00085]","price":"29.0000","price_type":"quantity_based","image":0,"visibility":true}]}},"df_price":287,"df_sale_price":"","df_regular_price":287,"df_image_link":"https:\/\/digalco.com\/wp-content\/uploads\/images\/product\/980\/dell00185_01-300x225.jpg","_links":{"self":[{"href":"https:\/\/digalco.com\/pt-pt\/wp-json\/wp\/v2\/product\/211750","targetHints":{"allow":["GET"]}}],"collection":[{"href":"https:\/\/digalco.com\/pt-pt\/wp-json\/wp\/v2\/product"}],"about":[{"href":"https:\/\/digalco.com\/pt-pt\/wp-json\/wp\/v2\/types\/product"}],"wp:featuredmedia":[{"embeddable":true,"href":"https:\/\/digalco.com\/pt-pt\/wp-json\/wp\/v2\/media\/211738"}],"wp:attachment":[{"href":"https:\/\/digalco.com\/pt-pt\/wp-json\/wp\/v2\/media?parent=211750"}],"wp:term":[{"taxonomy":"product_brand","embeddable":true,"href":"https:\/\/digalco.com\/pt-pt\/wp-json\/wp\/v2\/product_brand?post=211750"},{"taxonomy":"product_cat","embeddable":true,"href":"https:\/\/digalco.com\/pt-pt\/wp-json\/wp\/v2\/product_cat?post=211750"},{"taxonomy":"product_tag","embeddable":true,"href":"https:\/\/digalco.com\/pt-pt\/wp-json\/wp\/v2\/product_tag?post=211750"}],"curies":[{"name":"wp","href":"https:\/\/api.w.org\/{rel}","templated":true}]}}