{"id":211791,"date":"2024-08-07T16:53:22","date_gmt":"2024-08-07T14:53:22","guid":{"rendered":"https:\/\/digalco.com\/tienda\/dell-latitude-x300-121-recondicionado-pentium-m-14ghz-102-gb-ram-40-gb-hdd-1024x768-pt-12616\/"},"modified":"2025-09-26T14:18:58","modified_gmt":"2025-09-26T12:18:58","slug":"dell-latitude-x300-121-recondicionado-pentium-m-14ghz-102-gb-ram-40-gb-hdd-1024x768-pt-12616","status":"publish","type":"product","link":"https:\/\/digalco.com\/pt-pt\/produto\/dell-latitude-x300-121-recondicionado-pentium-m-14ghz-102-gb-ram-40-gb-hdd-1024x768-pt-12616\/","title":{"rendered":"Dell Latitude X300 12.1&#8221; | Recondicionado | Pentium M 1.4GHz | 1.02 GB RAM | 40 GB HDD 1024&#215;768"},"content":{"rendered":"<p><strong>Processador<\/strong><br \/>Intel Pentium M 1.4 GHz.<br \/><strong>Mem\u00f3ria RAM<\/strong><br \/>1.02 Gb. SO-DDR2 RAM<br \/><strong>Disco r\u00edgido<\/strong><br \/>40 Gb. IDE<br \/><strong>Cart\u00f5es<\/strong><br \/>Placa gr\u00e1fica: Intel Graphics 82852\/82855 GM\/GME<br \/>Som: SigmaTel C-Mejor audio<br \/>Network: Broadcom 570x Gigabit<br \/><strong>Sistema operativo<\/strong><br \/>Windows XP Home<br \/><strong>Portos<\/strong><br \/>1x S\u00e9rie<br \/>1x Paralelo<br \/>2x USB 2.0<br \/>1x PS2<br \/>1x Firewire<br \/><strong>Tela<\/strong><br \/>TFT 12.1 &#8221; HD 4:3 \u00b7 Resolu\u00e7\u00e3o 1024&#215;768<br \/><strong>Outros portos<\/strong><br \/>1x PCMCIA<br \/><strong>Portas de v\u00eddeo<\/strong><br \/>1x VGA<br \/><strong>Conectividade<\/strong><br \/>1x RJ-45<br \/>WIFI<br \/>Bluetooth<br \/>Modem<br \/><strong>Espec\u00edfico laptop<\/strong><br \/>Layout do teclado Espanhol<br \/><strong>Outros<\/strong><br \/>hR embalagens<br \/><strong>Dimens\u00f5es<\/strong><br \/>28x24x3.5 cm.<br \/><strong>Peso<\/strong><br \/>1.00 Kg.<br \/><strong>Especifica\u00e7\u00f5es adicionais<\/strong><br \/>Boa apar\u00eancia exterior. Pode apresentar ligeiros sinais de uso na caixa. Se voc\u00ea tiver alguma d\u00favida, ligue para n\u00f3s ou utilize nosso chat para mais informa\u00e7\u00f5es ou para solicitar mais detalhes.<\/p>\n","protected":false},"excerpt":{"rendered":"<p>Intel Pentium M 1.4 GHz. \u00b7 1.02 Gb. SO-DDR2 RAM \u00b7 40 Gb. IDE \u00b7 <strong>Windows XP Home<\/strong> \u00b7 TFT 12.1 &#8221; HD 4:3 \u00b7<strong>Porta serial<\/strong> [&#8230;]<\/p>\n<p><a class=\"btn btn-secondary understrap-read-more-link\" href=\"https:\/\/digalco.com\/pt-pt\/produto\/dell-latitude-x300-121-recondicionado-pentium-m-14ghz-102-gb-ram-40-gb-hdd-1024x768-pt-12616\/\">Continuar a ler&#8230;<span class=\"screen-reader-text\"> from Dell Latitude X300 12.1&#8221; | Recondicionado | Pentium M 1.4GHz | 1.02 GB RAM | 40 GB HDD 1024&#215;768<\/span><\/a><\/p>\n","protected":false},"featured_media":211775,"template":"","meta":[],"product_brand":[3852],"product_cat":[2429,2445,2445,1515],"product_tag":[],"class_list":{"0":"post-211791","1":"product","2":"type-product","3":"status-publish","4":"has-post-thumbnail","6":"product_brand-dell","7":"product_cat-laptops-11-12-pt","8":"product_cat-laptops-intel-core-2-duo-pt","10":"product_cat-laptops-pt","12":"first","13":"instock","14":"taxable","15":"shipping-taxable","16":"purchasable","17":"product-type-simple"},"bundled_by":[],"bundle_stock_status":"instock","bundle_stock_quantity":1,"bundle_virtual":false,"bundle_layout":"","bundle_add_to_cart_form_location":"","bundle_editable_in_cart":false,"bundle_sold_individually_context":"","bundle_item_grouping":"","bundle_min_size":"","bundle_max_size":"","bundle_price":[],"bundled_items":[],"bundle_sell_ids":[],"exclude_global_add_ons":true,"addons":{"keyboard-iso-upgrades":{"name":"Selecione idioma teclado","type":"multiple_choice","position":0,"required":false,"title_format":"heading","default":"","description_enable":false,"description":"","placeholder_enable":false,"placeholder":"","display":"radiobutton","restrictions_type":"any_text","adjust_price":false,"price":"","price_type":"quantity_based","restrictions":false,"min":"0","max":"0","options":[{"label":"Pegatinas Franc\u00e9s [AMP00084]","price":"0.0000","price_type":"quantity_based","image":0,"visibility":true},{"label":"Pegatinas Portugues [AMP00083]","price":"0.0000","price_type":"quantity_based","image":0,"visibility":true}]},"webcam-upgrades":{"name":"Extens\u00e3o Webcam","type":"multiple_choice","position":0,"required":false,"title_format":"heading","default":"","description_enable":false,"description":"","placeholder_enable":false,"placeholder":"","display":"radiobutton","restrictions_type":"any_text","adjust_price":false,"price":"","price_type":"quantity_based","restrictions":false,"min":"0","max":"0","options":[{"label":"Conceptronic AMDIS FullHD [AMP00085]","price":"29.0000","price_type":"quantity_based","image":0,"visibility":true}]}},"df_price":233,"df_sale_price":"","df_regular_price":233,"df_image_link":"https:\/\/digalco.com\/wp-content\/uploads\/images\/product\/12616\/dell01310_01-300x225.jpg","_links":{"self":[{"href":"https:\/\/digalco.com\/pt-pt\/wp-json\/wp\/v2\/product\/211791","targetHints":{"allow":["GET"]}}],"collection":[{"href":"https:\/\/digalco.com\/pt-pt\/wp-json\/wp\/v2\/product"}],"about":[{"href":"https:\/\/digalco.com\/pt-pt\/wp-json\/wp\/v2\/types\/product"}],"wp:featuredmedia":[{"embeddable":true,"href":"https:\/\/digalco.com\/pt-pt\/wp-json\/wp\/v2\/media\/211775"}],"wp:attachment":[{"href":"https:\/\/digalco.com\/pt-pt\/wp-json\/wp\/v2\/media?parent=211791"}],"wp:term":[{"taxonomy":"product_brand","embeddable":true,"href":"https:\/\/digalco.com\/pt-pt\/wp-json\/wp\/v2\/product_brand?post=211791"},{"taxonomy":"product_cat","embeddable":true,"href":"https:\/\/digalco.com\/pt-pt\/wp-json\/wp\/v2\/product_cat?post=211791"},{"taxonomy":"product_tag","embeddable":true,"href":"https:\/\/digalco.com\/pt-pt\/wp-json\/wp\/v2\/product_tag?post=211791"}],"curies":[{"name":"wp","href":"https:\/\/api.w.org\/{rel}","templated":true}]}}