{"id":215307,"date":"2024-09-11T17:12:43","date_gmt":"2024-09-11T15:12:43","guid":{"rendered":"https:\/\/digalco.com\/tienda\/impressora-laser-kyocera-fs-2100dn-recondicionado-pt-2917\/"},"modified":"2026-03-02T17:25:04","modified_gmt":"2026-03-02T16:25:04","slug":"impressora-laser-kyocera-fs-2100dn-recondicionado-pt-2917","status":"publish","type":"product","link":"https:\/\/digalco.com\/pt-pt\/produto\/impressora-laser-kyocera-fs-2100dn-recondicionado-pt-2917\/","title":{"rendered":"Impressora L\u00e1ser Kyocera FS-2100DN | Recondicionado"},"content":{"rendered":"<p><strong>Geral impressora<\/strong><br \/>Resolu\u00e7\u00e3o 1200x1200ppp<br \/>Mem\u00f3ria RAM 256Mb.<br \/>Linguagem da impressora PRESCRIBE lle<br \/><strong>C\u00f3pias<\/strong><br \/>Primeira p\u00e1gina 9 s<br \/>Preto e branco 40 ppm<br \/><strong>Manuseio de papel<\/strong><br \/>Duplo<br \/>Bandeja: 500 folhas<br \/>Bandeja manual: 100 folhas<br \/><strong>Conectividade impressora<\/strong><br \/>USB, Rede<br \/><strong>Dimens\u00f5es<\/strong><br \/>38&#215;41.6&#215;28.5 cm.<br \/><strong>Peso<\/strong><br \/>14.00 Kg.<br \/><strong>Especifica\u00e7\u00f5es adicionais<\/strong><br \/><b>Estas m\u00e1quinas s\u00e3o fornecidas com garantia de 7 dias<\/b>. Est\u00e3o especialmente orientadas para profissionais de impress\u00e3o que, atrav\u00e9s da sua qualifica\u00e7\u00e3o, possam acrescentar valor final aos seus pr\u00f3prios clientes. Funcionam corretamente e s\u00e3o fornecidas completas e sem quebras. N\u00e3o incluem cabos.<br \/><b>Controlos de qualidade \/ testes de laborat\u00f3rio:<\/b><br \/>P\u00e1gina de teste inclu\u00edda (teste de impress\u00e3o diretamente a partir da pr\u00f3pria m\u00e1quina). Testes de impress\u00e3o realizados a partir de todas as portas da m\u00e1quina. Testes de impress\u00e3o efetuados a partir de todas as bandejas. Toner usado inclu\u00eddo (original\/compat\u00edvel). Sem garantia adicional. Bom aspeto exterior.<br \/>Consulte \u201c+ Fotos\u201d e \u201cV\u00eddeo\u201d e, se tiver alguma d\u00favida, ligue-nos ou utilize o nosso chat para ampliar a informa\u00e7\u00e3o ou solicitar mais detalhes.<\/p>\n","protected":false},"excerpt":{"rendered":"<p>Tamanho do papel A4 \u00b7 Duplo \u00b7 Preto e branco 40ppm \u00b7 Resolu\u00e7\u00e3o 1200x1200ppp \u00b7 Mem\u00f3ria RAM 256Mb. \u00b7 USB, Rede \u00b7 Bandejas: 1&#215;500\/1&#215;100 folhas \u00b7<strong>N\u00ba de exemplares: 7.576<\/strong> [&#8230;]<\/p>\n<p><a class=\"btn btn-secondary understrap-read-more-link\" href=\"https:\/\/digalco.com\/pt-pt\/produto\/impressora-laser-kyocera-fs-2100dn-recondicionado-pt-2917\/\">Continuar a ler&#8230;<span class=\"screen-reader-text\"> from Impressora L\u00e1ser Kyocera FS-2100DN | Recondicionado<\/span><\/a><\/p>\n","protected":false},"featured_media":215305,"template":"","meta":[],"product_brand":[3894],"product_cat":[1671,1691],"product_tag":[],"class_list":{"0":"post-215307","1":"product","2":"type-product","3":"status-publish","4":"has-post-thumbnail","6":"product_brand-kyocera","7":"product_cat-impressoras-pt","8":"product_cat-impressoras-laser-pt","10":"first","11":"outofstock","12":"taxable","13":"shipping-taxable","14":"purchasable","15":"product-type-simple"},"bundled_by":[],"bundle_stock_status":"outofstock","bundle_stock_quantity":0,"bundle_virtual":false,"bundle_layout":"","bundle_add_to_cart_form_location":"","bundle_editable_in_cart":false,"bundle_sold_individually_context":"","bundle_item_grouping":"","bundle_min_size":"","bundle_max_size":"","bundle_price":[],"bundled_items":[],"bundle_sell_ids":[],"exclude_global_add_ons":[],"addons":[],"df_price":144,"df_sale_price":"","df_regular_price":144,"df_image_link":"https:\/\/digalco.com\/wp-content\/uploads\/images\/product\/2917\/kyoc00002_01-300x225.jpg","_links":{"self":[{"href":"https:\/\/digalco.com\/pt-pt\/wp-json\/wp\/v2\/product\/215307","targetHints":{"allow":["GET"]}}],"collection":[{"href":"https:\/\/digalco.com\/pt-pt\/wp-json\/wp\/v2\/product"}],"about":[{"href":"https:\/\/digalco.com\/pt-pt\/wp-json\/wp\/v2\/types\/product"}],"wp:featuredmedia":[{"embeddable":true,"href":"https:\/\/digalco.com\/pt-pt\/wp-json\/wp\/v2\/media\/215305"}],"wp:attachment":[{"href":"https:\/\/digalco.com\/pt-pt\/wp-json\/wp\/v2\/media?parent=215307"}],"wp:term":[{"taxonomy":"product_brand","embeddable":true,"href":"https:\/\/digalco.com\/pt-pt\/wp-json\/wp\/v2\/product_brand?post=215307"},{"taxonomy":"product_cat","embeddable":true,"href":"https:\/\/digalco.com\/pt-pt\/wp-json\/wp\/v2\/product_cat?post=215307"},{"taxonomy":"product_tag","embeddable":true,"href":"https:\/\/digalco.com\/pt-pt\/wp-json\/wp\/v2\/product_tag?post=215307"}],"curies":[{"name":"wp","href":"https:\/\/api.w.org\/{rel}","templated":true}]}}