{"id":215810,"date":"2024-09-13T14:04:01","date_gmt":"2024-09-13T12:04:01","guid":{"rendered":"https:\/\/digalco.com\/tienda\/hp-8300-elite-sff-recondicionado-core-i5-32ghz-4-gb-ram-250-gb-hdd-pt-116\/"},"modified":"2026-01-26T09:45:28","modified_gmt":"2026-01-26T08:45:28","slug":"hp-8300-elite-sff-recondicionado-core-i5-32ghz-4-gb-ram-250-gb-hdd-pt-116","status":"publish","type":"product","link":"https:\/\/digalco.com\/pt-pt\/produto\/hp-8300-elite-sff-recondicionado-core-i5-32ghz-4-gb-ram-250-gb-hdd-pt-116\/","title":{"rendered":"HP 8300 Elite SFF | Recondicionado | Core i5 3.2GHz | 4 GB RAM | 250 GB HDD"},"content":{"rendered":"<p><strong>Processador<\/strong><br \/>Intel Core i5 3470 3.2 GHz.<br \/><strong>Fator de forma<\/strong><br \/>SFF<br \/><strong>Mem\u00f3ria RAM<\/strong><br \/>4 Gb. DDR3 RAM<br \/><strong>Disco r\u00edgido<\/strong><br \/>250 Gb. SATA<br \/><strong>Drive \u00f3ptico<\/strong><br \/>DVD-RW<br \/><strong>Cart\u00f5es<\/strong><br \/>Placa gr\u00e1fica: Intel HD Graphics 2500<br \/>Som: High Definition Audio with Realtek ALC261 Codec<br \/>Network: Intel 82579LM Gigabit<br \/><strong>Sistema operativo<\/strong><br \/>Windows 7 Pro<br \/><strong>Portos<\/strong><br \/>S\u00e9rie<br \/>6x USB 2.0<br \/>2x PS2<br \/>4x USB 3.0<br \/><strong>Portas de v\u00eddeo<\/strong><br \/>VGA<br \/>Display Port<br \/><strong>Conectividade<\/strong><br \/>RJ-45<br \/><strong>Outros<\/strong><br \/>hR embalagens<br \/><strong>Dimens\u00f5es<\/strong><br \/>33.7&#215;38.7&#215;10 cm.<br \/><strong>Peso<\/strong><br \/>6.99 Kg.<br \/><strong>Especifica\u00e7\u00f5es adicionais<\/strong><br \/>Boa apar\u00eancia exterior. Procure em &#8220;+ Fotos\u201d e &#8220;V\u00eddeo\u201d e caso tenha alguma d\u00favida, ligue ou use nosso chat para mais informa\u00e7\u00f5es ou para solicitar mais detalhes.<\/p>\n","protected":false},"excerpt":{"rendered":"<p>Intel Core i5 3470 3.2 GHz. \u00b7 4 Gb. DDR3 RAM \u00b7 250 Gb. SATA \u00b7 DVD-RW \u00b7 Windows 7 Pro [&#8230;]<\/p>\n<p><a class=\"btn btn-secondary understrap-read-more-link\" href=\"https:\/\/digalco.com\/pt-pt\/produto\/hp-8300-elite-sff-recondicionado-core-i5-32ghz-4-gb-ram-250-gb-hdd-pt-116\/\">Continuar a ler&#8230;<span class=\"screen-reader-text\"> from HP 8300 Elite SFF | Recondicionado | Core i5 3.2GHz | 4 GB RAM | 250 GB HDD<\/span><\/a><\/p>\n","protected":false},"featured_media":215778,"template":"","meta":[],"product_brand":[3854],"product_cat":[1467,2417],"product_tag":[],"class_list":{"0":"post-215810","1":"product","2":"type-product","3":"status-publish","4":"has-post-thumbnail","6":"product_brand-hp","7":"product_cat-computadores-pt","8":"product_cat-computadores-intel-core-i5-pt","10":"first","11":"instock","12":"taxable","13":"shipping-taxable","14":"purchasable","15":"product-type-simple"},"bundled_by":[],"bundle_stock_status":"instock","bundle_stock_quantity":16,"bundle_virtual":false,"bundle_layout":"","bundle_add_to_cart_form_location":"","bundle_editable_in_cart":false,"bundle_sold_individually_context":"","bundle_item_grouping":"","bundle_min_size":"","bundle_max_size":"","bundle_price":[],"bundled_items":[],"bundle_sell_ids":[],"exclude_global_add_ons":true,"addons":{"webcam-upgrades":{"name":"Extens\u00e3o Webcam","type":"multiple_choice","position":0,"required":false,"title_format":"heading","default":"","description_enable":false,"description":"","placeholder_enable":false,"placeholder":"","display":"radiobutton","restrictions_type":"any_text","adjust_price":false,"price":"","price_type":"quantity_based","restrictions":false,"min":"0","max":"0","options":[{"label":"Conceptronic AMDIS FullHD [AMP00085]","price":"29.0000","price_type":"quantity_based","image":0,"visibility":true}]},"ram-memory-upgrades":{"name":"Extens\u00e3o RAM","type":"multiple_choice","position":0,"required":false,"title_format":"heading","default":"","description_enable":false,"description":"","placeholder_enable":false,"placeholder":"","display":"radiobutton","restrictions_type":"any_text","adjust_price":false,"price":"","price_type":"quantity_based","restrictions":false,"min":"0","max":"0","options":[{"label":"Extens\u00e3o RAM 8 Gb [AMP00001]","price":30,"price_type":"quantity_based","image":0,"visibility":true}]},"hdd-upgrades":{"name":"Extens\u00e3o disco r\u00edgido","type":"multiple_choice","position":0,"required":false,"title_format":"heading","default":"","description_enable":false,"description":"","placeholder_enable":false,"placeholder":"","display":"radiobutton","restrictions_type":"any_text","adjust_price":false,"price":"","price_type":"quantity_based","restrictions":false,"min":"0","max":"0","options":[{"label":"Cambio a Disco SSD 120 Gb. [AMP00012]","price":"25.0000","price_type":"quantity_based","image":0,"visibility":true},{"label":"Cambio a Disco SSD 240 Gb. [AMP00013]","price":"35.0000","price_type":"quantity_based","image":0,"visibility":true},{"label":"Cambio a Disco SSD 480 Gb. [AMP00014]","price":"59.0000","price_type":"quantity_based","image":0,"visibility":true},{"label":"Disco 1 Tb. SATA adicional(S.O.) [AMP00033]","price":"50.0000","price_type":"quantity_based","image":0,"visibility":true},{"label":"Disco SSD 120 Gb. adicional (S.O.) [AMP00030]","price":"25.0000","price_type":"quantity_based","image":0,"visibility":true},{"label":"Disco SSD 240 Gb. adicional (S.O.) [AMP00031]","price":"35.0000","price_type":"quantity_based","image":0,"visibility":true},{"label":"Disco SSD 480 Gb. adicional (S.O.) [AMP00032]","price":"64.0000","price_type":"quantity_based","image":0,"visibility":true}]},"graphic-card-upgrades":{"name":"Extens\u00e3o placa gr\u00e1fica","type":"multiple_choice","position":0,"required":false,"title_format":"heading","default":"","description_enable":false,"description":"","placeholder_enable":false,"placeholder":"","display":"radiobutton","restrictions_type":"any_text","adjust_price":false,"price":"","price_type":"quantity_based","restrictions":false,"min":"0","max":"0","options":[{"label":"T. Gr\u00e1fica 2 Gb. (1xDVI, 1xHDMI) [AMP00010]","price":"60.0000","price_type":"quantity_based","image":0,"visibility":true}]},"network-card-upgrades":{"name":"Extens\u00e3o WIFI","type":"multiple_choice","position":0,"required":false,"title_format":"heading","default":"","description_enable":false,"description":"","placeholder_enable":false,"placeholder":"","display":"radiobutton","restrictions_type":"any_text","adjust_price":false,"price":"","price_type":"quantity_based","restrictions":false,"min":"0","max":"0","options":[{"label":"Ampliaci\u00f3n a Tarj. Wi-Fi PCI [AMP00017]","price":"15.0000","price_type":"quantity_based","image":0,"visibility":true},{"label":"Ampliaci\u00f3n a Wireless nano USB [AMP00018]","price":"12.0000","price_type":"quantity_based","image":0,"visibility":true}]},"warranty-upgrades":{"name":"Extens\u00e3o garant\u00eda","type":"multiple_choice","position":0,"required":false,"title_format":"heading","default":"","description_enable":false,"description":"","placeholder_enable":false,"placeholder":"","display":"radiobutton","restrictions_type":"any_text","adjust_price":false,"price":"","price_type":"quantity_based","restrictions":false,"min":"0","max":"0","options":[{"label":"Extensi\u00f3n de Garantia a 2 a\u00f1os [AMP00019]","price":"10.0000","price_type":"quantity_based","image":0,"visibility":true}]},"os-upgrades":{"name":"Extens\u00e3o OS","type":"multiple_choice","position":0,"required":false,"title_format":"heading","default":"","description_enable":false,"description":"","placeholder_enable":false,"placeholder":"","display":"radiobutton","restrictions_type":"any_text","adjust_price":false,"price":"","price_type":"quantity_based","restrictions":false,"min":"0","max":"0","options":[{"label":"Alterar idioma para ingl\u00eas [AMP00008]","price":"0.0000","price_type":"quantity_based","image":0,"visibility":true},{"label":"Alterar idioma para o portugu\u00eas [AMP00009]","price":"0.0000","price_type":"quantity_based","image":0,"visibility":true},{"label":"Alterar idioma para franc\u00eas [AMP00125]","price":"0.0000","price_type":"quantity_based","image":0,"visibility":true},{"label":"MAR Windows 10 Home [AMP00006]","price":"20.0000","price_type":"quantity_based","image":0,"visibility":true},{"label":"MAR Windows 10 PRO [AMP00007]","price":"30.0000","price_type":"quantity_based","image":0,"visibility":true}]},"keyboard-upgrades":{"name":"Extens\u00e3o teclado","type":"multiple_choice","position":0,"required":false,"title_format":"heading","default":"","description_enable":false,"description":"","placeholder_enable":false,"placeholder":"","display":"radiobutton","restrictions_type":"any_text","adjust_price":false,"price":"","price_type":"quantity_based","restrictions":false,"min":"0","max":"0","options":[{"label":"Teclado e Mouse [AMP00020]","price":"8.0000","price_type":"quantity_based","image":0,"visibility":true},{"label":"Teclado e Mouse Portugu\u00e9s Nuevo [AMP00088]","price":"15.0000","price_type":"quantity_based","image":0,"visibility":true},{"label":"Teclado e mouse USB em espanhol (Novo) [AMP00068]","price":"12.0000","price_type":"quantity_based","image":0,"visibility":true}]}},"df_price":97,"df_sale_price":"","df_regular_price":97,"df_image_link":"https:\/\/digalco.com\/wp-content\/uploads\/images\/product\/116\/hp00038_01-300x225.jpg","_links":{"self":[{"href":"https:\/\/digalco.com\/pt-pt\/wp-json\/wp\/v2\/product\/215810","targetHints":{"allow":["GET"]}}],"collection":[{"href":"https:\/\/digalco.com\/pt-pt\/wp-json\/wp\/v2\/product"}],"about":[{"href":"https:\/\/digalco.com\/pt-pt\/wp-json\/wp\/v2\/types\/product"}],"wp:featuredmedia":[{"embeddable":true,"href":"https:\/\/digalco.com\/pt-pt\/wp-json\/wp\/v2\/media\/215778"}],"wp:attachment":[{"href":"https:\/\/digalco.com\/pt-pt\/wp-json\/wp\/v2\/media?parent=215810"}],"wp:term":[{"taxonomy":"product_brand","embeddable":true,"href":"https:\/\/digalco.com\/pt-pt\/wp-json\/wp\/v2\/product_brand?post=215810"},{"taxonomy":"product_cat","embeddable":true,"href":"https:\/\/digalco.com\/pt-pt\/wp-json\/wp\/v2\/product_cat?post=215810"},{"taxonomy":"product_tag","embeddable":true,"href":"https:\/\/digalco.com\/pt-pt\/wp-json\/wp\/v2\/product_tag?post=215810"}],"curies":[{"name":"wp","href":"https:\/\/api.w.org\/{rel}","templated":true}]}}