{"id":216311,"date":"2024-09-17T11:32:10","date_gmt":"2024-09-17T09:32:10","guid":{"rendered":"https:\/\/digalco.com\/tienda\/kiosco-all-in-one-advanpos-ep-5500-15-aio-recondicionado-atom-18ghz-4-gb-ram-320-gb-hdd-pt-12700\/"},"modified":"2025-10-07T11:39:15","modified_gmt":"2025-10-07T09:39:15","slug":"kiosco-all-in-one-advanpos-ep-5500-15-aio-recondicionado-atom-18ghz-4-gb-ram-320-gb-hdd-pt-12700","status":"publish","type":"product","link":"https:\/\/digalco.com\/pt-pt\/produto\/kiosco-all-in-one-advanpos-ep-5500-15-aio-recondicionado-atom-18ghz-4-gb-ram-320-gb-hdd-pt-12700\/","title":{"rendered":"Kiosco All-In-One Advanpos-EP 5500 15&#8221; AIO | Recondicionado | Atom 1.8GHz | 4 GB RAM | 320 GB HDD"},"content":{"rendered":"<p><strong>Processador<\/strong><br \/>Intel Atom D525 1.8 GHz.<br \/><strong>Fator de forma<\/strong><br \/>AIO<br \/><strong>Mem\u00f3ria RAM<\/strong><br \/>4 Gb. SO-DDR3 RAM<br \/><strong>Disco r\u00edgido<\/strong><br \/>320 Gb. SATA<br \/><strong>Cart\u00f5es<\/strong><br \/>Placa gr\u00e1fica: Intel Media Accelerator 3150<br \/>Som: High Definicion Audio<br \/>Network: Realtek Gigabit Ethernet<br \/><strong>Sistema operativo<\/strong><br \/>Windows 7 Pro<br \/><strong>Portos<\/strong><br \/>4x S\u00e9rie<br \/>1x Paralelo<br \/>4x USB 2.0<br \/><strong>Tela<\/strong><br \/>T\u00e1til 15 &#8221; HD  16:9  \u00b7 Resolu\u00e7\u00e3o 1024&#215;768<br \/><strong>Conectividade<\/strong><br \/>1x RJ-45<br \/><strong>Outros<\/strong><br \/>hR embalagens<br \/><strong>Dimens\u00f5es<\/strong><br \/>126x45x40 cm.<br \/><strong>Peso<\/strong><br \/>90.00 Kg.<br \/><strong>Especifica\u00e7\u00f5es adicionais<\/strong><br \/><u>Design compacto e elegante:<\/u> Seu formato All-in-One economiza espa\u00e7o e melhora a est\u00e9tica do balc\u00e3o, ideal para ambientes comerciais onde a apar\u00eancia importa. <u>Durabilidade: <\/u>Constru\u00eddo para suportar uso intenso em ambientes comerciais, com tela sens\u00edvel ao toque robusta e componentes robustos. <br \/><u>Tela sens\u00edvel ao toque multitoque:<\/u> Facilita a intera\u00e7\u00e3o r\u00e1pida e precisa, melhorando a experi\u00eancia do usu\u00e1rio e agilizando o atendimento ao cliente. <br \/><u>Desempenho confi\u00e1vel: <\/u>equipado com processador Intel Atom oferece desempenho suave para tarefas de ponto de venda e aplicativos de neg\u00f3cios. <br \/><u>Flexibilidade e conectividade:<\/u> Oferece m\u00faltiplas portas para conectar perif\u00e9ricos essenciais. <br \/><u>F\u00e1cil manuten\u00e7\u00e3o:<\/u> Seu design modular permite f\u00e1cil acesso para reparos ou atualiza\u00e7\u00f5es, reduzindo o tempo de inatividade. <br \/><u>Seguran\u00e7a Integrada:<\/u> Inclui recursos de seguran\u00e7a f\u00edsicos (bloqueios) e tecnol\u00f3gicos (prote\u00e7\u00e3o de dados) para ambientes de neg\u00f3cios exigentes. <br \/>Boa apar\u00eancia exterior. Procure em &#8220;+ Fotos\u201d e caso tenha alguma d\u00favida, ligue ou utilize nosso chat para mais informa\u00e7\u00f5es ou para solicitar mais detalhes.<\/p>\n<p><strong>Coment\u00e1rios<\/strong><br \/><u>Impressora Epson TM-T88 V<\/u><\/p>\n","protected":false},"excerpt":{"rendered":"<p>Intel Atom D525 1.8 GHz. \u00b7 4 Gb. SO-DDR3 RAM \u00b7 320 Gb. SATA \u00b7 Windows 7 Pro \u00b7 T\u00e1til 15 &#8221; HD  16:9  \u00b7 Resolu\u00e7\u00e3o 1024&#215;768 \u00b7 <u>Impressora Epson TM-T88 V<\/u> [&#8230;]<\/p>\n<p><a class=\"btn btn-secondary understrap-read-more-link\" href=\"https:\/\/digalco.com\/pt-pt\/produto\/kiosco-all-in-one-advanpos-ep-5500-15-aio-recondicionado-atom-18ghz-4-gb-ram-320-gb-hdd-pt-12700\/\">Continuar a ler&#8230;<span class=\"screen-reader-text\"> from Kiosco All-In-One Advanpos-EP 5500 15&#8221; AIO | Recondicionado | Atom 1.8GHz | 4 GB RAM | 320 GB HDD<\/span><\/a><\/p>\n","protected":false},"featured_media":216265,"template":"","meta":[],"product_brand":[3864],"product_cat":[1595,1599],"product_tag":[],"class_list":{"0":"post-216311","1":"product","2":"type-product","3":"status-publish","4":"has-post-thumbnail","6":"product_brand-generic","7":"product_cat-pos-pt","8":"product_cat-pos-all-in-one-pt","10":"first","11":"instock","12":"taxable","13":"shipping-taxable","14":"purchasable","15":"product-type-simple"},"bundled_by":[],"bundle_stock_status":"instock","bundle_stock_quantity":4,"bundle_virtual":false,"bundle_layout":"","bundle_add_to_cart_form_location":"","bundle_editable_in_cart":false,"bundle_sold_individually_context":"","bundle_item_grouping":"","bundle_min_size":"","bundle_max_size":"","bundle_price":[],"bundled_items":[],"bundle_sell_ids":[],"exclude_global_add_ons":[],"addons":[],"df_price":287,"df_sale_price":"","df_regular_price":287,"df_image_link":"https:\/\/digalco.com\/wp-content\/uploads\/images\/product\/12700\/gene00296_01-300x225.jpg","_links":{"self":[{"href":"https:\/\/digalco.com\/pt-pt\/wp-json\/wp\/v2\/product\/216311","targetHints":{"allow":["GET"]}}],"collection":[{"href":"https:\/\/digalco.com\/pt-pt\/wp-json\/wp\/v2\/product"}],"about":[{"href":"https:\/\/digalco.com\/pt-pt\/wp-json\/wp\/v2\/types\/product"}],"wp:featuredmedia":[{"embeddable":true,"href":"https:\/\/digalco.com\/pt-pt\/wp-json\/wp\/v2\/media\/216265"}],"wp:attachment":[{"href":"https:\/\/digalco.com\/pt-pt\/wp-json\/wp\/v2\/media?parent=216311"}],"wp:term":[{"taxonomy":"product_brand","embeddable":true,"href":"https:\/\/digalco.com\/pt-pt\/wp-json\/wp\/v2\/product_brand?post=216311"},{"taxonomy":"product_cat","embeddable":true,"href":"https:\/\/digalco.com\/pt-pt\/wp-json\/wp\/v2\/product_cat?post=216311"},{"taxonomy":"product_tag","embeddable":true,"href":"https:\/\/digalco.com\/pt-pt\/wp-json\/wp\/v2\/product_tag?post=216311"}],"curies":[{"name":"wp","href":"https:\/\/api.w.org\/{rel}","templated":true}]}}