{"id":218914,"date":"2024-10-02T09:56:03","date_gmt":"2024-10-02T07:56:03","guid":{"rendered":"https:\/\/digalco.com\/tienda\/hp-probook-640-g2-14-recondicionado-core-i5-24ghz-8-gb-ram-500-gb-ssd-1920x1080-pt-12736\/"},"modified":"2026-03-13T17:27:43","modified_gmt":"2026-03-13T16:27:43","slug":"hp-probook-640-g2-14-recondicionado-core-i5-24ghz-8-gb-ram-500-gb-ssd-1920x1080-pt-12736","status":"publish","type":"product","link":"https:\/\/digalco.com\/pt-pt\/produto\/hp-probook-640-g2-14-recondicionado-core-i5-24ghz-8-gb-ram-500-gb-ssd-1920x1080-pt-12736\/","title":{"rendered":"HP ProBook 640 G2 14&#8221; | Recondicionado | Core i5 2.4GHz | 8 GB RAM | 480 GB SSD 1920&#215;1080"},"content":{"rendered":"<p><strong>Processador<\/strong><br \/>Intel Core i5 6300U 2.4 GHz.<br \/><strong>Mem\u00f3ria RAM<\/strong><br \/>8 Gb. SO-DDR4 RAM<br \/><strong>Disco r\u00edgido<\/strong><br \/>480 Gb. SSD<br \/><strong>Cart\u00f5es<\/strong><br \/>Placa gr\u00e1fica: Intel Hd Graphics 520<br \/>Som: High Definition Audio<br \/>Network: Intel Ethernet Connection I219-LM<br \/><strong>Sistema operativo<\/strong><br \/>Windows 10 Pro<br \/><strong>Portos<\/strong><br \/>2x USB 3.0<br \/>USB-C<br \/><strong>Tela<\/strong><br \/>Led 14 &#8221; FullHD 16:9  \u00b7 Resolu\u00e7\u00e3o 1920&#215;1080<br \/><strong>Portas de v\u00eddeo<\/strong><br \/>VGA<br \/>Display Port<br \/><strong>Multim\u00eddia<\/strong><br \/>Webcam<br \/>Leitor SD<br \/>Leitor DNI<br \/><strong>Conectividade<\/strong><br \/>RJ-45<br \/>WIFI<br \/>Bluetooth<br \/>4G<br \/><strong>Espec\u00edfico laptop<\/strong><br \/>Layout do teclado Espanhol<br \/><strong>Outros<\/strong><br \/>hR embalagens<br \/><strong>Dimens\u00f5es<\/strong><br \/>34&#215;23.5&#215;2.9 cm.<br \/><strong>Peso<\/strong><br \/>1.80 Kg.<br \/><strong>Especifica\u00e7\u00f5es adicionais<\/strong><br \/>Boa apar\u00eancia exterior. Procure em &#8220;+ Fotos\u201d e &#8220;V\u00eddeo\u201d e caso tenha alguma d\u00favida, ligue ou utilize nosso chat para mais informa\u00e7\u00f5es ou para solicitar mais detalhes.<\/p>\n<p><strong>Coment\u00e1rios<\/strong><br \/><u>1xM.2 2280 para armazenamento<\/u><\/p>\n","protected":false},"excerpt":{"rendered":"<p>Intel Core i5 6300U 2.4 GHz. \u00b7 8 Gb. SO-DDR4 RAM \u00b7 480 Gb. SSD \u00b7 Windows 10 Pro \u00b7 Led 14 &#8221; FullHD 16:9  \u00b7 Resolu\u00e7\u00e3o 1920&#215;1080 \u00b7 Webcam \u00b7 Leitor SD \u00b7 Leitor DNI \u00b7 <u>1xM.2 2280 para armazenamento<\/u> [&#8230;]<\/p>\n<p><a class=\"btn btn-secondary understrap-read-more-link\" href=\"https:\/\/digalco.com\/pt-pt\/produto\/hp-probook-640-g2-14-recondicionado-core-i5-24ghz-8-gb-ram-500-gb-ssd-1920x1080-pt-12736\/\">Continuar a ler&#8230;<span class=\"screen-reader-text\"> from HP ProBook 640 G2 14&#8221; | Recondicionado | Core i5 2.4GHz | 8 GB RAM | 480 GB SSD 1920&#215;1080<\/span><\/a><\/p>\n","protected":false},"featured_media":218872,"template":"","meta":[],"product_brand":[3854],"product_cat":[3759,1515],"product_tag":[],"class_list":{"0":"post-218914","1":"product","2":"type-product","3":"status-publish","4":"has-post-thumbnail","6":"product_brand-hp","7":"product_cat-laptops-14-pt","8":"product_cat-laptops-pt","10":"first","11":"outofstock","12":"taxable","13":"shipping-taxable","14":"purchasable","15":"product-type-simple"},"bundled_by":[],"bundle_stock_status":"outofstock","bundle_stock_quantity":0,"bundle_virtual":false,"bundle_layout":"","bundle_add_to_cart_form_location":"","bundle_editable_in_cart":false,"bundle_sold_individually_context":"","bundle_item_grouping":"","bundle_min_size":"","bundle_max_size":"","bundle_price":[],"bundled_items":[],"bundle_sell_ids":[],"exclude_global_add_ons":true,"addons":{"keyboard-iso-upgrades":{"name":"Selecione idioma teclado","type":"multiple_choice","position":0,"required":false,"title_format":"heading","default":"","description_enable":false,"description":"","placeholder_enable":false,"placeholder":"","display":"radiobutton","restrictions_type":"any_text","adjust_price":false,"price":"","price_type":"quantity_based","restrictions":false,"min":"0","max":"0","options":[{"label":"Pegatinas Franc\u00e9s [AMP00084]","price":"0.0000","price_type":"quantity_based","image":0,"visibility":true},{"label":"Pegatinas Portugues [AMP00083]","price":"0.0000","price_type":"quantity_based","image":0,"visibility":true}]},"battery-upgrades":{"name":"Extens\u00e3o bateria","type":"multiple_choice","position":0,"required":false,"title_format":"heading","default":"","description_enable":false,"description":"","placeholder_enable":false,"placeholder":"","display":"radiobutton","restrictions_type":"any_text","adjust_price":false,"price":"","price_type":"quantity_based","restrictions":false,"min":"0","max":"0","options":[{"label":"Mude para uma nova bateria compat\u00edvel [AMP00130]","price":"35.0000","price_type":"quantity_based","image":0,"visibility":true}]},"docking-station-upgrades":{"name":"Extens\u00e3o Docking Station","type":"multiple_choice","position":0,"required":false,"title_format":"heading","default":"","description_enable":false,"description":"","placeholder_enable":false,"placeholder":"","display":"radiobutton","restrictions_type":"any_text","adjust_price":false,"price":"","price_type":"quantity_based","restrictions":false,"min":"0","max":"0","options":[{"label":"HP Ultra Slim Dock 2013 [AMP00160]","price":"9.0000","price_type":"quantity_based","image":0,"visibility":true}]},"ram-memory-upgrades":{"name":"Extens\u00e3o RAM","type":"multiple_choice","position":0,"required":false,"title_format":"heading","default":"","description_enable":false,"description":"","placeholder_enable":false,"placeholder":"","display":"radiobutton","restrictions_type":"any_text","adjust_price":false,"price":"","price_type":"quantity_based","restrictions":false,"min":"0","max":"0","options":[{"label":"Extens\u00e3o SO-DIMM RAM 16 Gb DDR4 [AMP00081]","price":"60.0000","price_type":"quantity_based","image":0,"visibility":true}]},"hdd-upgrades":{"name":"Extens\u00e3o disco r\u00edgido","type":"multiple_choice","position":0,"required":false,"title_format":"heading","default":"","description_enable":false,"description":"","placeholder_enable":false,"placeholder":"","display":"radiobutton","restrictions_type":"any_text","adjust_price":false,"price":"","price_type":"quantity_based","restrictions":false,"min":"0","max":"0","options":[{"label":"Cambio a Disco SSD 1 Tb. [AMP00071]","price":"95.0000","price_type":"quantity_based","image":0,"visibility":true},{"label":"Cambio a Disco SSD 1 Tb. M.2 2280 PCIe [AMP00107]","price":165,"price_type":"quantity_based","image":0,"visibility":true},{"label":"Disco SSD de 1 TB. M.2 2280 PCIe Adicional [AMP00109]","price":170,"price_type":"quantity_based","image":0,"visibility":true},{"label":"SSD adicional de 500 Gb. M.2 2280 PCIe [AMP00108]","price":"100.0000","price_type":"quantity_based","image":0,"visibility":true}]},"os-upgrades":{"name":"Extens\u00e3o OS","type":"multiple_choice","position":0,"required":false,"title_format":"heading","default":"","description_enable":false,"description":"","placeholder_enable":false,"placeholder":"","display":"radiobutton","restrictions_type":"any_text","adjust_price":false,"price":"","price_type":"quantity_based","restrictions":false,"min":"0","max":"0","options":[{"label":"Alterar idioma para franc\u00eas [AMP00125]","price":"0.0000","price_type":"quantity_based","image":0,"visibility":true},{"label":"Alterar idioma para ingl\u00eas [AMP00008]","price":"0.0000","price_type":"quantity_based","image":0,"visibility":true},{"label":"Alterar idioma para o portugu\u00eas [AMP00009]","price":"0.0000","price_type":"quantity_based","image":0,"visibility":true}]},"briefcase-upgrades":{"name":"Maleta","type":"multiple_choice","position":0,"required":false,"title_format":"heading","default":"","description_enable":false,"description":"","placeholder_enable":false,"placeholder":"","display":"radiobutton","restrictions_type":"any_text","adjust_price":false,"price":"","price_type":"quantity_based","restrictions":false,"min":"0","max":"0","options":[{"label":"Maleta Port\u00e1til [AMP00041]","price":"5.0000","price_type":"quantity_based","image":0,"visibility":true}]}},"df_price":166,"df_sale_price":"","df_regular_price":166,"df_image_link":"https:\/\/digalco.com\/wp-content\/uploads\/images\/product\/12736\/hp02731_01-300x225.jpg","_links":{"self":[{"href":"https:\/\/digalco.com\/pt-pt\/wp-json\/wp\/v2\/product\/218914","targetHints":{"allow":["GET"]}}],"collection":[{"href":"https:\/\/digalco.com\/pt-pt\/wp-json\/wp\/v2\/product"}],"about":[{"href":"https:\/\/digalco.com\/pt-pt\/wp-json\/wp\/v2\/types\/product"}],"wp:featuredmedia":[{"embeddable":true,"href":"https:\/\/digalco.com\/pt-pt\/wp-json\/wp\/v2\/media\/218872"}],"wp:attachment":[{"href":"https:\/\/digalco.com\/pt-pt\/wp-json\/wp\/v2\/media?parent=218914"}],"wp:term":[{"taxonomy":"product_brand","embeddable":true,"href":"https:\/\/digalco.com\/pt-pt\/wp-json\/wp\/v2\/product_brand?post=218914"},{"taxonomy":"product_cat","embeddable":true,"href":"https:\/\/digalco.com\/pt-pt\/wp-json\/wp\/v2\/product_cat?post=218914"},{"taxonomy":"product_tag","embeddable":true,"href":"https:\/\/digalco.com\/pt-pt\/wp-json\/wp\/v2\/product_tag?post=218914"}],"curies":[{"name":"wp","href":"https:\/\/api.w.org\/{rel}","templated":true}]}}