{"id":220290,"date":"2024-10-11T12:54:16","date_gmt":"2024-10-11T10:54:16","guid":{"rendered":"https:\/\/digalco.com\/tienda\/getac-s410-g3-rugerizado-14-recondicionado-core-i5-16ghz-8-gb-ram-512-gb-ssd-1920x1080-pt-12833\/"},"modified":"2026-04-01T10:37:21","modified_gmt":"2026-04-01T08:37:21","slug":"getac-s410-g3-rugerizado-14-recondicionado-core-i5-16ghz-8-gb-ram-512-gb-ssd-1920x1080-pt-12833","status":"publish","type":"product","link":"https:\/\/digalco.com\/pt-pt\/produto\/getac-s410-g3-rugerizado-14-recondicionado-core-i5-16ghz-8-gb-ram-512-gb-ssd-1920x1080-pt-12833\/","title":{"rendered":"GETAC S410 G3 Rugerizado 14&#8221; | Recondicionado | Core i5 1.6GHz | 8 GB RAM | 512 GB SSD 1920&#215;1080"},"content":{"rendered":"<p><strong>Processador<\/strong><br \/>Intel Core i5 8365U 1.6 GHz.<br \/><strong>Mem\u00f3ria RAM<\/strong><br \/>8 Gb. SO-DDR4 RAM<br \/><strong>Disco r\u00edgido<\/strong><br \/>512 Gb. SSD<br \/><strong>Cart\u00f5es<\/strong><br \/>Placa gr\u00e1fica: Intel HD 620<br \/>Som: Realtek HDA<br \/>Network: Intel I219-LM<br \/><strong>Sistema operativo<\/strong><br \/>Windows 11 Pro<br \/><strong>Portos<\/strong><br \/>S\u00e9rie<br \/>USB 2.0<br \/>3x USB 3.0<br \/><strong>Tela<\/strong><br \/>Led 14 &#8221; FullHD 16:9  \u00b7 Resolu\u00e7\u00e3o 1920&#215;1080<br \/><strong>Portas de v\u00eddeo<\/strong><br \/>HDMI<br \/><strong>Multim\u00eddia<\/strong><br \/>Webcam<br \/>Leitor SD<br \/>Leitor DNI<br \/><strong>Conectividade<\/strong><br \/>2x RJ-45<br \/>WIFI<br \/>Bluetooth<br \/>4G<br \/><strong>Espec\u00edfico laptop<\/strong><br \/>Layout do teclado Internacional (adesivos espanhol)<br \/><strong>Outros<\/strong><br \/>hR embalagens<br \/><strong>Dimens\u00f5es<\/strong><br \/>35&#215;29.3&#215;3.8 cm.<br \/><strong>Peso<\/strong><br \/>2.38 Kg.<br \/><strong>Especifica\u00e7\u00f5es adicionais<\/strong><br \/>Boa apar\u00eancia exterior. Pode apresentar ligeiros sinais de uso na caixa. Laptop projetado para trabalhar em ambientes empoeirados, armaz\u00e9ns, sujeira, trabalhos externos e de campo. \u00c9 robusto e protegido contra choques e respingos. <br \/><b>Caracter\u00edsticas de robustez: <\/b><br \/><u>Resist\u00eancia a choques e vibra\u00e7\u00f5es:<\/u> Gra\u00e7as \u00e0 sua estrutura refor\u00e7ada, resiste a quedas e vibra\u00e7\u00f5es t\u00edpicas de ambientes adversos. <u>Prote\u00e7\u00e3o contra poeira e respingos: <\/u>Certifica\u00e7\u00e3o IP52, que oferece resist\u00eancia parcial a poeira e respingos de \u00e1gua. <u>Temperaturas extremas: <\/u>Opera em faixas severas de temperatura, tanto altas quanto baixas, permitindo sua utiliza\u00e7\u00e3o em ambientes externos ou em f\u00e1bricas. <u>Seguran\u00e7a adicional: <\/u>Al\u00e9m da robustez f\u00edsica, possui TPM 2.0 para proteger dados em situa\u00e7\u00f5es comprometidas. <br \/><b>Certifica\u00e7\u00f5es robustas: <\/b><br \/><u>MIL-STD-810H: <\/u>Resist\u00eancia a quedas, vibra\u00e7\u00f5es, umidade, temperaturas extremas e muito mais, atendendo aos padr\u00f5es militares. <u>IP52: <\/u>Prote\u00e7\u00e3o contra poeira e respingos de \u00e1gua. <br \/><u>TPM 2.0: <\/u>Seguran\u00e7a avan\u00e7ada de hardware para proteger dados em ambientes corporativos. <br \/>Estas certifica\u00e7\u00f5es garantem que o GETAC S410 \u00e9 adequado para ambientes industriais e adversos, onde a durabilidade \u00e9 fundamental. <br \/>Veja em &#8220;+ Fotos\u201d e &#8220;V\u00eddeo\u201d e caso tenha alguma d\u00favida, ligue-nos ou utilize nosso chat para mais informa\u00e7\u00f5es ou para solicitar mais. detalhes.<\/p>\n<p><strong>Coment\u00e1rios<\/strong><br \/><u>1xM.2 2280 para armazenamento dispon\u00edvel<\/u><\/p>\n","protected":false},"excerpt":{"rendered":"<p>Intel Core i5 8365U 1.6 GHz. [TPM 2.0] \u00b7 8 Gb. SO-DDR4 RAM \u00b7 512 Gb. SSD \u00b7 <strong>Windows 11 Pro <\/strong>\u00b7<u>Teclado internacional com stickers em Portugu\u00eas<\/u> \u00b7 Led 14 &#8221; FullHD 16:9 \u00b7 Resolu\u00e7\u00e3o 1920&#215;1080 \u00b7 Webcam\u00b7<br \/>\n<u>1xM.2 2280 para armazenamento<br \/>\n<\/u> [&#8230;]<\/p>\n<p><a class=\"btn btn-secondary understrap-read-more-link\" href=\"https:\/\/digalco.com\/pt-pt\/produto\/getac-s410-g3-rugerizado-14-recondicionado-core-i5-16ghz-8-gb-ram-512-gb-ssd-1920x1080-pt-12833\/\">Continuar a ler&#8230;<span class=\"screen-reader-text\"> from GETAC S410 G3 Rugerizado 14&#8221; | Recondicionado | Core i5 1.6GHz | 8 GB RAM | 512 GB SSD 1920&#215;1080<\/span><\/a><\/p>\n","protected":false},"featured_media":220238,"template":"","meta":[],"product_brand":[3853],"product_cat":[1515,3700,1543,1591],"product_tag":[],"class_list":{"0":"post-220290","1":"product","2":"type-product","3":"status-publish","4":"has-post-thumbnail","6":"product_brand-getac","7":"product_cat-laptops-pt","8":"product_cat-ruggerized-laptops-pt","9":"product_cat-laptops-ruggerized-pt","10":"product_cat-ruggerized-pt","12":"first","13":"instock","14":"taxable","15":"shipping-taxable","16":"purchasable","17":"product-type-simple"},"bundled_by":[],"bundle_stock_status":"instock","bundle_stock_quantity":25,"bundle_virtual":false,"bundle_layout":"","bundle_add_to_cart_form_location":"","bundle_editable_in_cart":false,"bundle_sold_individually_context":"","bundle_item_grouping":"","bundle_min_size":"","bundle_max_size":"","bundle_price":[],"bundled_items":[],"bundle_sell_ids":[],"exclude_global_add_ons":true,"addons":{"keyboard-iso-upgrades":{"name":"Selecione idioma teclado","type":"multiple_choice","position":0,"required":false,"title_format":"heading","default":"","description_enable":false,"description":"","placeholder_enable":false,"placeholder":"","display":"radiobutton","restrictions_type":"any_text","adjust_price":false,"price":"","price_type":"quantity_based","restrictions":false,"min":"0","max":"0","options":[{"label":"Pegatinas Espanhol [AMP00082]","price":"0.0000","price_type":"quantity_based","image":0,"visibility":true},{"label":"Pegatinas Franc\u00e9s [AMP00084]","price":"0.0000","price_type":"quantity_based","image":0,"visibility":true},{"label":"Pegatinas Portugues [AMP00083]","price":"0.0000","price_type":"quantity_based","image":0,"visibility":true}]},"docking-station-upgrades":{"name":"Extens\u00e3o Docking Station","type":"multiple_choice","position":0,"required":false,"title_format":"heading","default":"","description_enable":false,"description":"","placeholder_enable":false,"placeholder":"","display":"radiobutton","restrictions_type":"any_text","adjust_price":false,"price":"","price_type":"quantity_based","restrictions":false,"min":"0","max":"0","options":[{"label":"GETAC Docking Station S410 [AMP00161]","price":"50.0000","price_type":"quantity_based","image":0,"visibility":true}]},"ram-memory-upgrades":{"name":"Extens\u00e3o RAM","type":"multiple_choice","position":0,"required":false,"title_format":"heading","default":"","description_enable":false,"description":"","placeholder_enable":false,"placeholder":"","display":"radiobutton","restrictions_type":"any_text","adjust_price":false,"price":"","price_type":"quantity_based","restrictions":false,"min":"0","max":"0","options":[{"label":"Extens\u00e3o SO-DIMM RAM 16 Gb DDR4 [AMP00081]","price":"60.0000","price_type":"quantity_based","image":0,"visibility":true}]},"hdd-upgrades":{"name":"Extens\u00e3o disco r\u00edgido","type":"multiple_choice","position":0,"required":false,"title_format":"heading","default":"","description_enable":false,"description":"","placeholder_enable":false,"placeholder":"","display":"radiobutton","restrictions_type":"any_text","adjust_price":false,"price":"","price_type":"quantity_based","restrictions":false,"min":"0","max":"0","options":[{"label":"Cambio a Disco SSD 1 Tb. [AMP00071]","price":"95.0000","price_type":"quantity_based","image":0,"visibility":true},{"label":"Cambio a Disco SSD 1 Tb. M.2 2280 PCIe [AMP00107]","price":"165.0000","price_type":"quantity_based","image":0,"visibility":true},{"label":"SSD adicional de 500 Gb. M.2 2280 PCIe [AMP00108]","price":"115.0000","price_type":"quantity_based","image":0,"visibility":true},{"label":"Disco SSD de 1 TB. M.2 2280 PCIe Adicional [AMP00109]","price":"170.0000","price_type":"quantity_based","image":0,"visibility":true}]},"os-upgrades":{"name":"Extens\u00e3o OS","type":"multiple_choice","position":0,"required":false,"title_format":"heading","default":"","description_enable":false,"description":"","placeholder_enable":false,"placeholder":"","display":"radiobutton","restrictions_type":"any_text","adjust_price":false,"price":"","price_type":"quantity_based","restrictions":false,"min":"0","max":"0","options":[{"label":"Alterar idioma para franc\u00eas [AMP00125]","price":"0.0000","price_type":"quantity_based","image":0,"visibility":true},{"label":"Alterar idioma para ingl\u00eas [AMP00008]","price":"0.0000","price_type":"quantity_based","image":0,"visibility":true},{"label":"Alterar idioma para o portugu\u00eas [AMP00009]","price":"0.0000","price_type":"quantity_based","image":0,"visibility":true}]},"briefcase-upgrades":{"name":"Maleta","type":"multiple_choice","position":0,"required":false,"title_format":"heading","default":"","description_enable":false,"description":"","placeholder_enable":false,"placeholder":"","display":"radiobutton","restrictions_type":"any_text","adjust_price":false,"price":"","price_type":"quantity_based","restrictions":false,"min":"0","max":"0","options":[{"label":"Maleta Port\u00e1til [AMP00041]","price":"5.0000","price_type":"quantity_based","image":0,"visibility":true}]}},"df_price":431,"df_sale_price":"","df_regular_price":431,"df_image_link":"https:\/\/digalco.com\/wp-content\/uploads\/images\/product\/12833\/gtc00044_01-300x225.jpg","_links":{"self":[{"href":"https:\/\/digalco.com\/pt-pt\/wp-json\/wp\/v2\/product\/220290","targetHints":{"allow":["GET"]}}],"collection":[{"href":"https:\/\/digalco.com\/pt-pt\/wp-json\/wp\/v2\/product"}],"about":[{"href":"https:\/\/digalco.com\/pt-pt\/wp-json\/wp\/v2\/types\/product"}],"wp:featuredmedia":[{"embeddable":true,"href":"https:\/\/digalco.com\/pt-pt\/wp-json\/wp\/v2\/media\/220238"}],"wp:attachment":[{"href":"https:\/\/digalco.com\/pt-pt\/wp-json\/wp\/v2\/media?parent=220290"}],"wp:term":[{"taxonomy":"product_brand","embeddable":true,"href":"https:\/\/digalco.com\/pt-pt\/wp-json\/wp\/v2\/product_brand?post=220290"},{"taxonomy":"product_cat","embeddable":true,"href":"https:\/\/digalco.com\/pt-pt\/wp-json\/wp\/v2\/product_cat?post=220290"},{"taxonomy":"product_tag","embeddable":true,"href":"https:\/\/digalco.com\/pt-pt\/wp-json\/wp\/v2\/product_tag?post=220290"}],"curies":[{"name":"wp","href":"https:\/\/api.w.org\/{rel}","templated":true}]}}